{"id":122550,"date":"2017-12-18T16:30:01","date_gmt":"2017-12-18T15:30:01","guid":{"rendered":"https:\/\/ns381463.ip-94-23-248.eu\/GroupeOne2016\/wordpress\/?page_id=122550"},"modified":"2022-12-21T15:53:53","modified_gmt":"2022-12-21T14:53:53","slug":"recyclerie-sociale-saint-gilles","status":"publish","type":"page","link":"https:\/\/ns381463.ip-94-23-248.eu\/GroupeOne2016\/wordpress\/nos-projets\/recyclerie-sociale-saint-gilles\/","title":{"rendered":"Recyclerie Sociale de Saint-Gilles"},"content":{"rendered":"<p>[et_pb_section fb_built=&#8221;1&#8243; fullwidth=&#8221;on&#8221; _builder_version=&#8221;3.0.89&#8243; global_module=&#8221;120274&#8243;][et_pb_fullwidth_menu menu_id=&#8221;2&#8243; submenu_direction=&#8221;downwards&#8221; fullwidth_menu=&#8221;on&#8221; active_link_color=&#8221;#adbb39&#8243; dropdown_menu_bg_color=&#8221;#ffffff&#8221; dropdown_menu_line_color=&#8221;#adbb39&#8243; dropdown_menu_text_color=&#8221;#003957&#8243; mobile_menu_bg_color=&#8221;#ffffff&#8221; mobile_menu_text_color=&#8221;#003957&#8243; module_id=&#8221;menu_full_custom&#8221; _builder_version=&#8221;3.0.95&#8243; menu_font=&#8221;|700|||||||&#8221; menu_text_color=&#8221;#003957&#8243; menu_font_size=&#8221;15px&#8221; background_size=&#8221;initial&#8221; background_position=&#8221;top_left&#8221; background_repeat=&#8221;repeat&#8221; text_orientation=&#8221;right&#8221;]<\/p>\n<p>\u00a0<\/p>\n<p>[\/et_pb_fullwidth_menu][\/et_pb_section][et_pb_section fb_built=&#8221;1&#8243; fullwidth=&#8221;on&#8221; _builder_version=&#8221;3.0.95&#8243; background_image=&#8221;https:\/\/ns381463.ip-94-23-248.eu\/GroupeOne2016\/wordpress\/wp-content\/uploads\/2017\/12\/NOS-PROJETS-BANNER-TITRE-1920x400BANNER-TITRE-1920&#215;400.jpg&#8221; custom_padding=&#8221;50px||50px|&#8221;][et_pb_fullwidth_header title=&#8221;RECYCLERIE SOCIALE DE SAINT-GILLES&#8221; text_orientation=&#8221;center&#8221; background_overlay_color=&#8221;rgba(0,57,87,0)&#8221; disabled_on=&#8221;off|off|off&#8221; _builder_version=&#8221;3.2&#8243; title_font=&#8221;Nunito|700||on|||||&#8221; title_text_align=&#8221;center&#8221; title_text_color=&#8221;#ffffff&#8221; title_font_size=&#8221;36&#8243; background_color=&#8221;rgba(255, 255, 255, 0)&#8221; background_layout=&#8221;light&#8221; custom_margin=&#8221;|||&#8221; custom_padding=&#8221;|||&#8221;]&nbsp;<br \/>\n[\/et_pb_fullwidth_header][\/et_pb_section][et_pb_section fb_built=&#8221;1&#8243; _builder_version=&#8221;3.0.86&#8243; custom_padding=&#8221;74.5938px|0px|49px|0px&#8221;][et_pb_row _builder_version=&#8221;3.0.86&#8243;][et_pb_column type=&#8221;4_4&#8243; _builder_version=&#8221;3.0.47&#8243; parallax=&#8221;off&#8221; parallax_method=&#8221;on&#8221;][et_pb_text _builder_version=&#8221;3.0.92&#8243; text_font=&#8221;|300|||||||&#8221; header_font=&#8221;||||||||&#8221; header_2_font=&#8221;H3 Tisa OT Medium 24|500|||||||&#8221; header_2_font_size=&#8221;36px&#8221; custom_padding=&#8221;|||20px&#8221; custom_css_after=&#8221;content:url(%22https:\/\/ns381463.ip-94-23-248.eu\/GroupeOne2016\/wordpress\/wp-content\/uploads\/2017\/10\/TITLE-AFTER.png%22);||positiion:absolute;||margin-left:-40px;&#8221;]<\/p>\n<h2>Description du projet<\/h2>\n<p>[\/et_pb_text][et_pb_text _builder_version=&#8221;3.0.92&#8243; text_font=&#8221;Nunito||||||||&#8221; text_text_color=&#8221;#003957&#8243; text_font_size=&#8221;18px&#8221; text_line_height=&#8221;30px&#8221; header_font=&#8221;H3 Tisa OT Medium 24||||||||&#8221; header_text_align=&#8221;center&#8221; header_text_color=&#8221;#003957&#8243; header_font_size=&#8221;20px&#8221; module_alignment=&#8221;center&#8221; custom_margin=&#8221;|||30px&#8221; custom_padding=&#8221;10px|10px|10px|10px&#8221;]<\/p>\n<p>Le projet \u00ab\u00a0<strong>Recyclerie Sociale de Saint-Gilles<\/strong>\u00a0\u00bb a \u00e9t\u00e9 financ\u00e9 dans le cadre de l\u2019appel \u00e0 projet \u00ab\u00a0Economie Sociale \u00bb lanc\u00e9 par la R\u00e9gion de Bruxelles-Capitale en mai 2016. L\u2019objectif de celui-ci est de r\u00e9aliser une <strong>\u00e9tude de faisabilit\u00e9 technico-\u00e9conomique<\/strong>, d\u2019op\u00e9rer des actions de terrain et de r\u00e9unir les conditions favorables au lancement d\u2019une recyclerie\/ressourcerie.\u00a0 Les activit\u00e9s de la recyclerie sociale \u00e0 Saint-Gilles incluent la collecte et la <strong>revalorisation d\u2019encombrants<\/strong>, ainsi que la <strong>vente<\/strong> de ceux-ci au sein d\u2019un magasin social. Pour mener \u00e0 bien ces activit\u00e9s, nous souhaitons cr\u00e9er une <strong>fili\u00e8re de formation et de r\u00e9insertion<\/strong> dans le secteur du r\u00e9emploi.<\/p>\n<p>Le projet a pris effet en septembre 2016 et l&#8217;ouverture de la recyclerie est pr\u00e9vue en d\u00e9cembre 2018.\u00a0Le lieu identifi\u00e9 pour h\u00e9berger ce projet est le b\u00e2timent du 104 rue Belgrade dont la Commune de Saint-Gilles est propri\u00e9taire.<\/p>\n<p>Le projet pr\u00e9sente 3 phases\u00a0: \u00e9tude de faisabilit\u00e9 \u00e9conomique et technique, recherche-action &amp; exp\u00e9rimentation et lancement.<\/p>\n<p>[\/et_pb_text][\/et_pb_column][\/et_pb_row][et_pb_row _builder_version=&#8221;3.0.86&#8243;][et_pb_column type=&#8221;4_4&#8243; _builder_version=&#8221;3.0.47&#8243; parallax=&#8221;off&#8221; parallax_method=&#8221;on&#8221;][et_pb_text _builder_version=&#8221;3.0.83&#8243; text_font=&#8221;|300|||||||&#8221; header_font=&#8221;||||||||&#8221; header_2_font=&#8221;H3 Tisa OT Medium 24|500|||||||&#8221; header_2_font_size=&#8221;36px&#8221; custom_padding=&#8221;|||20px&#8221; custom_css_after=&#8221;content:url(%22https:\/\/ns381463.ip-94-23-248.eu\/GroupeOne2016\/wordpress\/wp-content\/uploads\/2017\/10\/TITLE-AFTER.png%22);||positiion:absolute;||margin-left:-40px;&#8221;]<\/p>\n<h2>Quelques chiffres<\/h2>\n<p>[\/et_pb_text][et_pb_text _builder_version=&#8221;3.0.92&#8243; text_font=&#8221;Nunito||||||||&#8221; text_text_color=&#8221;#003957&#8243; text_font_size=&#8221;18px&#8221; text_line_height=&#8221;30px&#8221; header_font=&#8221;H3 Tisa OT Medium 24||||||||&#8221; header_text_align=&#8221;center&#8221; header_text_color=&#8221;#003957&#8243; header_font_size=&#8221;20px&#8221; module_alignment=&#8221;center&#8221; custom_margin=&#8221;|||30px&#8221; custom_padding=&#8221;10px|10px|10px|10px&#8221;]<span data-sheets-value=\"{\" data-sheets-userformat=\"{\">Lancement officiel de la recyclerie sociale de Saint-Gilles : ao\u00fbt 2018<\/span><br \/>\n[\/et_pb_text][\/et_pb_column][\/et_pb_row][et_pb_row custom_padding=&#8221;38.0938px|20px|38.0938px|20px&#8221; _builder_version=&#8221;3.0.92&#8243; background_color=&#8221;#f9f9f9&#8243;][et_pb_column type=&#8221;1_2&#8243; _builder_version=&#8221;3.0.47&#8243; parallax=&#8221;off&#8221; parallax_method=&#8221;on&#8221;][et_pb_blurb title=&#8221;Charg\u00e9(e)(s) de projet&#8221; _builder_version=&#8221;3.0.92&#8243; header_font=&#8221;Nunito|700|||||||&#8221; text_orientation=&#8221;center&#8221;]Caroline Joris<br \/>\n[\/et_pb_blurb][\/et_pb_column][et_pb_column type=&#8221;1_2&#8243; _builder_version=&#8221;3.0.47&#8243; parallax=&#8221;off&#8221; parallax_method=&#8221;on&#8221;][et_pb_blurb title=&#8221;Public(s)-cible(s)&#8221; _builder_version=&#8221;3.0.92&#8243; header_font=&#8221;Nunito|700|||||||&#8221; text_orientation=&#8221;center&#8221; locked=&#8221;off&#8221;]Art 60 du CPAS de Saint-Gilles &#8211; Demandeurs d\u2019emploi domicili\u00e9s \u00e0 Saint-Gilles &#8211; Stagiaires de la fili\u00e8re de formation \u00ab Valoriste \u00bb organis\u00e9e par la Mission locale de Forest &#8211; Associations locales actives dans le r\u00e9emploi<br \/>\n[\/et_pb_blurb][\/et_pb_column][\/et_pb_row][et_pb_row custom_padding=&#8221;38.0938px|20px|38.0938px|20px&#8221; _builder_version=&#8221;3.0.89&#8243;][et_pb_column type=&#8221;1_2&#8243; _builder_version=&#8221;3.0.47&#8243; parallax=&#8221;off&#8221; parallax_method=&#8221;on&#8221;][et_pb_blurb title=&#8221;Territoire(s)&#8221; _builder_version=&#8221;3.0.92&#8243; header_font=&#8221;Nunito|700|||||||&#8221; text_orientation=&#8221;center&#8221;]Bruxelles<br \/>\n[\/et_pb_blurb][\/et_pb_column][et_pb_column type=&#8221;1_2&#8243; _builder_version=&#8221;3.0.47&#8243; parallax=&#8221;off&#8221; parallax_method=&#8221;on&#8221;][et_pb_blurb title=&#8221;Th\u00e9matique(s)&#8221; _builder_version=&#8221;3.0.92&#8243; header_font=&#8221;Nunito|700|||||||&#8221; text_orientation=&#8221;center&#8221; locked=&#8221;off&#8221;]Economie locale\u00a0; \u00e9conomie circulaire<br \/>\n[\/et_pb_blurb][\/et_pb_column][\/et_pb_row][et_pb_row custom_padding=&#8221;38.0938px|20px|38.0938px|20px&#8221; _builder_version=&#8221;3.0.89&#8243; background_color=&#8221;#f9f9f9&#8243;][et_pb_column type=&#8221;1_2&#8243; _builder_version=&#8221;3.0.47&#8243; parallax=&#8221;off&#8221; parallax_method=&#8221;on&#8221;][et_pb_blurb title=&#8221;Partenaire(s)&#8221; _builder_version=&#8221;3.0.92&#8243; header_font=&#8221;Nunito|700|||||||&#8221; text_orientation=&#8221;center&#8221;]La\u00a0Commune de Saint-Gilles, les organismes d\u2019insertion professionnelle locaux (Remue-M\u00e9nage, Mission locale de Saint-Gilles, Cenforgil et Maison de l\u2019Emploi et de la Formation), Vescobel, charg\u00e9 de l\u2019\u00e9tude de faisabilit\u00e9 technique du projet et Oxymore, charg\u00e9 des actions de terrain envers le citoyen.<br \/>\n[\/et_pb_blurb][\/et_pb_column][et_pb_column type=&#8221;1_2&#8243; _builder_version=&#8221;3.0.47&#8243; parallax=&#8221;off&#8221; parallax_method=&#8221;on&#8221;][et_pb_blurb title=&#8221;Financement(s)&#8221; _builder_version=&#8221;3.0.92&#8243; header_font=&#8221;Nunito|700|||||||&#8221; text_orientation=&#8221;center&#8221; locked=&#8221;off&#8221;]La R\u00e9gion de Bruxelles-Capitale<br \/>\n[\/et_pb_blurb][\/et_pb_column][\/et_pb_row][\/et_pb_section][et_pb_section fb_built=&#8221;1&#8243; custom_padding_last_edited=&#8221;on|phone&#8221; disabled_on=&#8221;on|on|off&#8221; _builder_version=&#8221;3.0.106&#8243; background_image=&#8221;https:\/\/ns381463.ip-94-23-248.eu\/GroupeOne2016\/wordpress\/wp-content\/uploads\/2017\/10\/BG-INFOLETTRE-ALL-ELEMENTS.png&#8221; custom_padding=&#8221;0px|0px|0px|0px&#8221; custom_padding_tablet=&#8221;|||0px&#8221; global_module=&#8221;119058&#8243; saved_tabs=&#8221;all&#8221;][et_pb_row _builder_version=&#8221;3.0.92&#8243; custom_css_main_element=&#8221;display: -webkit-box;||display: -ms-flexbox;||display: flex;||-webkit-box-align: center;||-ms-flex-align: center;||align-items: center;||-webkit-box-orient: horizontal;||-webkit-box-direction: normal;||-ms-flex-direction: row;||flex-direction: row;||-ms-flex-wrap: wrap;||flex-wrap: wrap;&#8221;][et_pb_column type=&#8221;2_3&#8243; _builder_version=&#8221;3.0.47&#8243; parallax=&#8221;off&#8221; parallax_method=&#8221;on&#8221;][et_pb_text _builder_version=&#8221;3.0.106&#8243; header_2_text_color=&#8221;#ffffff&#8221; header_2_font_size=&#8221;30px&#8221; header_2_line_height=&#8221;30px&#8221; module_alignment=&#8221;left&#8221; custom_margin=&#8221;|||100px&#8221; custom_css_before=&#8221;content:url(%22https:\/\/ns381463.ip-94-23-248.eu\/GroupeOne2016\/wordpress\/wp-content\/uploads\/2017\/12\/ARROW-TOP-INFOLETTRE-CADRE.png%22);||position:absolute;||bottom:95%;||left:3%;&#8221; locked=&#8221;off&#8221;]<\/p>\n<h2>Abonnez-vous \u00e0<br \/>la newsletter de l&#8217;entrepreneuriat durable<\/h2>\n<p>[\/et_pb_text][\/et_pb_column][et_pb_column type=&#8221;1_3&#8243; _builder_version=&#8221;3.0.47&#8243; parallax=&#8221;off&#8221; parallax_method=&#8221;on&#8221;][et_pb_code module_id=&#8221;dc_optin&#8221; _builder_version=&#8221;3.0.92&#8243; custom_margin=&#8221;-50px|200px||&#8221; locked=&#8221;off&#8221;][\/et_pb_code][\/et_pb_column][\/et_pb_row][\/et_pb_section][et_pb_section fb_built=&#8221;1&#8243; custom_padding_last_edited=&#8221;on|phone&#8221; disabled_on=&#8221;off|off|on&#8221; _builder_version=&#8221;3.0.95&#8243; background_image=&#8221;https:\/\/ns381463.ip-94-23-248.eu\/GroupeOne2016\/wordpress\/wp-content\/uploads\/2017\/10\/BG-NEWSLETTERS-2.png&#8221; custom_padding=&#8221;0px|0px|0px|0px&#8221; custom_padding_tablet=&#8221;|||0px&#8221; global_module=&#8221;121907&#8243; saved_tabs=&#8221;all&#8221;][et_pb_row custom_padding=&#8221;0px|0px|0px|0px&#8221; _builder_version=&#8221;3.0.85&#8243;][et_pb_column type=&#8221;4_4&#8243; _builder_version=&#8221;3.0.47&#8243; parallax=&#8221;off&#8221; parallax_method=&#8221;on&#8221;][et_pb_text _builder_version=&#8221;3.0.92&#8243; text_font=&#8221;||||||||&#8221; header_font=&#8221;||||||||&#8221; header_text_align=&#8221;center&#8221; header_2_font=&#8221;||||||||&#8221; header_2_text_align=&#8221;center&#8221; header_2_text_color=&#8221;#ffffff&#8221; header_2_font_size=&#8221;30px&#8221; header_2_line_height=&#8221;30px&#8221; background_layout=&#8221;dark&#8221; custom_margin=&#8221;50px||-50px|&#8221; locked=&#8221;off&#8221;]<\/p>\n<h2>Abonnez-vous \u00e0 la newsletter de <br \/>l&#8217;entrepreneuriat durable<\/h2>\n<p>[\/et_pb_text][et_pb_code module_id=&#8221;dc_optin&#8221; _builder_version=&#8221;3.0.95&#8243; custom_margin=&#8221;0px|||&#8221; custom_margin_last_edited=&#8221;on|desktop&#8221; custom_padding=&#8221;0px|||&#8221; custom_padding_last_edited=&#8221;on|phone&#8221;][\/et_pb_code][\/et_pb_column][\/et_pb_row][\/et_pb_section]<\/p>\n","protected":false},"excerpt":{"rendered":"<p>\u00a0&nbsp; Description du projet Le projet \u00ab\u00a0Recyclerie Sociale de Saint-Gilles\u00a0\u00bb a \u00e9t\u00e9 financ\u00e9 dans le cadre de l\u2019appel \u00e0 projet \u00ab\u00a0Economie Sociale \u00bb lanc\u00e9 par la R\u00e9gion de Bruxelles-Capitale en [&hellip;]<\/p>\n","protected":false},"author":14,"featured_media":0,"parent":119228,"menu_order":0,"comment_status":"closed","ping_status":"closed","template":"","meta":{"_et_pb_use_builder":"on","_et_pb_old_content":"","_et_gb_content_width":""},"yoast_head":"<!-- This site is optimized with the Yoast SEO plugin v19.13 - https:\/\/yoast.com\/wordpress\/plugins\/seo\/ -->\n<title>Recyclerie Sociale de Saint-Gilles - Groupe One<\/title>\n<meta name=\"robots\" content=\"index, follow, max-snippet:-1, max-image-preview:large, max-video-preview:-1\" \/>\n<link rel=\"canonical\" href=\"https:\/\/ns381463.ip-94-23-248.eu\/GroupeOne2016\/wordpress\/nos-projets\/recyclerie-sociale-saint-gilles\/\" \/>\n<meta property=\"og:locale\" content=\"fr_FR\" \/>\n<meta property=\"og:type\" content=\"article\" \/>\n<meta property=\"og:title\" content=\"Recyclerie Sociale de Saint-Gilles - Groupe One\" \/>\n<meta property=\"og:description\" content=\"\u00a0&nbsp; Description du projet Le projet \u00ab\u00a0Recyclerie Sociale de Saint-Gilles\u00a0\u00bb a \u00e9t\u00e9 financ\u00e9 dans le cadre de l\u2019appel \u00e0 projet \u00ab\u00a0Economie Sociale \u00bb lanc\u00e9 par la R\u00e9gion de Bruxelles-Capitale en [&hellip;]\" \/>\n<meta property=\"og:url\" content=\"https:\/\/ns381463.ip-94-23-248.eu\/GroupeOne2016\/wordpress\/nos-projets\/recyclerie-sociale-saint-gilles\/\" \/>\n<meta property=\"og:site_name\" content=\"Groupe One\" \/>\n<meta property=\"article:modified_time\" content=\"2022-12-21T14:53:53+00:00\" \/>\n<meta name=\"twitter:card\" content=\"summary_large_image\" \/>\n<meta name=\"twitter:label1\" content=\"Dur\u00e9e de lecture estim\u00e9e\" \/>\n\t<meta name=\"twitter:data1\" content=\"7 minutes\" \/>\n<script type=\"application\/ld+json\" class=\"yoast-schema-graph\">{\"@context\":\"https:\/\/schema.org\",\"@graph\":[{\"@type\":\"WebPage\",\"@id\":\"https:\/\/ns381463.ip-94-23-248.eu\/GroupeOne2016\/wordpress\/nos-projets\/recyclerie-sociale-saint-gilles\/\",\"url\":\"https:\/\/ns381463.ip-94-23-248.eu\/GroupeOne2016\/wordpress\/nos-projets\/recyclerie-sociale-saint-gilles\/\",\"name\":\"Recyclerie Sociale de Saint-Gilles - Groupe One\",\"isPartOf\":{\"@id\":\"https:\/\/ns381463.ip-94-23-248.eu\/GroupeOne2016\/wordpress\/#website\"},\"datePublished\":\"2017-12-18T15:30:01+00:00\",\"dateModified\":\"2022-12-21T14:53:53+00:00\",\"breadcrumb\":{\"@id\":\"https:\/\/ns381463.ip-94-23-248.eu\/GroupeOne2016\/wordpress\/nos-projets\/recyclerie-sociale-saint-gilles\/#breadcrumb\"},\"inLanguage\":\"fr-FR\",\"potentialAction\":[{\"@type\":\"ReadAction\",\"target\":[\"https:\/\/ns381463.ip-94-23-248.eu\/GroupeOne2016\/wordpress\/nos-projets\/recyclerie-sociale-saint-gilles\/\"]}]},{\"@type\":\"BreadcrumbList\",\"@id\":\"https:\/\/ns381463.ip-94-23-248.eu\/GroupeOne2016\/wordpress\/nos-projets\/recyclerie-sociale-saint-gilles\/#breadcrumb\",\"itemListElement\":[{\"@type\":\"ListItem\",\"position\":1,\"name\":\"Accueil\",\"item\":\"https:\/\/ns381463.ip-94-23-248.eu\/GroupeOne2016\/wordpress\/\"},{\"@type\":\"ListItem\",\"position\":2,\"name\":\"Nos projets\",\"item\":\"https:\/\/ns381463.ip-94-23-248.eu\/GroupeOne2016\/wordpress\/nos-projets\/\"},{\"@type\":\"ListItem\",\"position\":3,\"name\":\"Recyclerie Sociale de Saint-Gilles\"}]},{\"@type\":\"WebSite\",\"@id\":\"https:\/\/ns381463.ip-94-23-248.eu\/GroupeOne2016\/wordpress\/#website\",\"url\":\"https:\/\/ns381463.ip-94-23-248.eu\/GroupeOne2016\/wordpress\/\",\"name\":\"Groupe One\",\"description\":\"Groupe One est une organisation belge qui facilite la transition vers une \u00e9conomie durable. Elle est active \u00e0 Bruxelles et en Wallonie.\",\"potentialAction\":[{\"@type\":\"SearchAction\",\"target\":{\"@type\":\"EntryPoint\",\"urlTemplate\":\"https:\/\/ns381463.ip-94-23-248.eu\/GroupeOne2016\/wordpress\/?s={search_term_string}\"},\"query-input\":\"required name=search_term_string\"}],\"inLanguage\":\"fr-FR\"}]}<\/script>\n<!-- \/ Yoast SEO plugin. -->","yoast_head_json":{"title":"Recyclerie Sociale de Saint-Gilles - Groupe One","robots":{"index":"index","follow":"follow","max-snippet":"max-snippet:-1","max-image-preview":"max-image-preview:large","max-video-preview":"max-video-preview:-1"},"canonical":"https:\/\/ns381463.ip-94-23-248.eu\/GroupeOne2016\/wordpress\/nos-projets\/recyclerie-sociale-saint-gilles\/","og_locale":"fr_FR","og_type":"article","og_title":"Recyclerie Sociale de Saint-Gilles - Groupe One","og_description":"\u00a0&nbsp; Description du projet Le projet \u00ab\u00a0Recyclerie Sociale de Saint-Gilles\u00a0\u00bb a \u00e9t\u00e9 financ\u00e9 dans le cadre de l\u2019appel \u00e0 projet \u00ab\u00a0Economie Sociale \u00bb lanc\u00e9 par la R\u00e9gion de Bruxelles-Capitale en [&hellip;]","og_url":"https:\/\/ns381463.ip-94-23-248.eu\/GroupeOne2016\/wordpress\/nos-projets\/recyclerie-sociale-saint-gilles\/","og_site_name":"Groupe One","article_modified_time":"2022-12-21T14:53:53+00:00","twitter_card":"summary_large_image","twitter_misc":{"Dur\u00e9e de lecture estim\u00e9e":"7 minutes"},"schema":{"@context":"https:\/\/schema.org","@graph":[{"@type":"WebPage","@id":"https:\/\/ns381463.ip-94-23-248.eu\/GroupeOne2016\/wordpress\/nos-projets\/recyclerie-sociale-saint-gilles\/","url":"https:\/\/ns381463.ip-94-23-248.eu\/GroupeOne2016\/wordpress\/nos-projets\/recyclerie-sociale-saint-gilles\/","name":"Recyclerie Sociale de Saint-Gilles - Groupe One","isPartOf":{"@id":"https:\/\/ns381463.ip-94-23-248.eu\/GroupeOne2016\/wordpress\/#website"},"datePublished":"2017-12-18T15:30:01+00:00","dateModified":"2022-12-21T14:53:53+00:00","breadcrumb":{"@id":"https:\/\/ns381463.ip-94-23-248.eu\/GroupeOne2016\/wordpress\/nos-projets\/recyclerie-sociale-saint-gilles\/#breadcrumb"},"inLanguage":"fr-FR","potentialAction":[{"@type":"ReadAction","target":["https:\/\/ns381463.ip-94-23-248.eu\/GroupeOne2016\/wordpress\/nos-projets\/recyclerie-sociale-saint-gilles\/"]}]},{"@type":"BreadcrumbList","@id":"https:\/\/ns381463.ip-94-23-248.eu\/GroupeOne2016\/wordpress\/nos-projets\/recyclerie-sociale-saint-gilles\/#breadcrumb","itemListElement":[{"@type":"ListItem","position":1,"name":"Accueil","item":"https:\/\/ns381463.ip-94-23-248.eu\/GroupeOne2016\/wordpress\/"},{"@type":"ListItem","position":2,"name":"Nos projets","item":"https:\/\/ns381463.ip-94-23-248.eu\/GroupeOne2016\/wordpress\/nos-projets\/"},{"@type":"ListItem","position":3,"name":"Recyclerie Sociale de Saint-Gilles"}]},{"@type":"WebSite","@id":"https:\/\/ns381463.ip-94-23-248.eu\/GroupeOne2016\/wordpress\/#website","url":"https:\/\/ns381463.ip-94-23-248.eu\/GroupeOne2016\/wordpress\/","name":"Groupe One","description":"Groupe One est une organisation belge qui facilite la transition vers une \u00e9conomie durable. Elle est active \u00e0 Bruxelles et en Wallonie.","potentialAction":[{"@type":"SearchAction","target":{"@type":"EntryPoint","urlTemplate":"https:\/\/ns381463.ip-94-23-248.eu\/GroupeOne2016\/wordpress\/?s={search_term_string}"},"query-input":"required name=search_term_string"}],"inLanguage":"fr-FR"}]}},"_links":{"self":[{"href":"https:\/\/ns381463.ip-94-23-248.eu\/GroupeOne2016\/wordpress\/wp-json\/wp\/v2\/pages\/122550"}],"collection":[{"href":"https:\/\/ns381463.ip-94-23-248.eu\/GroupeOne2016\/wordpress\/wp-json\/wp\/v2\/pages"}],"about":[{"href":"https:\/\/ns381463.ip-94-23-248.eu\/GroupeOne2016\/wordpress\/wp-json\/wp\/v2\/types\/page"}],"author":[{"embeddable":true,"href":"https:\/\/ns381463.ip-94-23-248.eu\/GroupeOne2016\/wordpress\/wp-json\/wp\/v2\/users\/14"}],"replies":[{"embeddable":true,"href":"https:\/\/ns381463.ip-94-23-248.eu\/GroupeOne2016\/wordpress\/wp-json\/wp\/v2\/comments?post=122550"}],"version-history":[{"count":11,"href":"https:\/\/ns381463.ip-94-23-248.eu\/GroupeOne2016\/wordpress\/wp-json\/wp\/v2\/pages\/122550\/revisions"}],"predecessor-version":[{"id":125193,"href":"https:\/\/ns381463.ip-94-23-248.eu\/GroupeOne2016\/wordpress\/wp-json\/wp\/v2\/pages\/122550\/revisions\/125193"}],"up":[{"embeddable":true,"href":"https:\/\/ns381463.ip-94-23-248.eu\/GroupeOne2016\/wordpress\/wp-json\/wp\/v2\/pages\/119228"}],"wp:attachment":[{"href":"https:\/\/ns381463.ip-94-23-248.eu\/GroupeOne2016\/wordpress\/wp-json\/wp\/v2\/media?parent=122550"}],"curies":[{"name":"wp","href":"https:\/\/api.w.org\/{rel}","templated":true}]}}