{"id":122534,"date":"2017-12-18T16:25:29","date_gmt":"2017-12-18T15:25:29","guid":{"rendered":"https:\/\/ns381463.ip-94-23-248.eu\/GroupeOne2016\/wordpress\/?page_id=122534"},"modified":"2022-12-21T15:51:29","modified_gmt":"2022-12-21T14:51:29","slug":"ecoinnov","status":"publish","type":"page","link":"https:\/\/ns381463.ip-94-23-248.eu\/GroupeOne2016\/wordpress\/nos-projets\/ecoinnov\/","title":{"rendered":"EcoInnov"},"content":{"rendered":"<p>[et_pb_section fb_built=&#8221;1&#8243; fullwidth=&#8221;on&#8221; _builder_version=&#8221;3.0.89&#8243; global_module=&#8221;120274&#8243;][et_pb_fullwidth_menu menu_id=&#8221;2&#8243; submenu_direction=&#8221;downwards&#8221; fullwidth_menu=&#8221;on&#8221; active_link_color=&#8221;#adbb39&#8243; dropdown_menu_bg_color=&#8221;#ffffff&#8221; dropdown_menu_line_color=&#8221;#adbb39&#8243; dropdown_menu_text_color=&#8221;#003957&#8243; mobile_menu_bg_color=&#8221;#ffffff&#8221; mobile_menu_text_color=&#8221;#003957&#8243; module_id=&#8221;menu_full_custom&#8221; _builder_version=&#8221;3.0.95&#8243; menu_font=&#8221;|700|||||||&#8221; menu_font_size=&#8221;15px&#8221; menu_text_color=&#8221;#003957&#8243; background_size=&#8221;initial&#8221; background_position=&#8221;top_left&#8221; background_repeat=&#8221;repeat&#8221; text_orientation=&#8221;right&#8221; background_color=&#8221;#ffffff&#8221;]<\/p>\n<p>\u00a0<\/p>\n<p>[\/et_pb_fullwidth_menu][\/et_pb_section][et_pb_section fb_built=&#8221;1&#8243; fullwidth=&#8221;on&#8221; _builder_version=&#8221;3.0.95&#8243; background_image=&#8221;https:\/\/ns381463.ip-94-23-248.eu\/GroupeOne2016\/wordpress\/wp-content\/uploads\/2017\/12\/NOS-PROJETS-BANNER-TITRE-1920x400BANNER-TITRE-1920&#215;400.jpg&#8221; custom_padding=&#8221;50px||50px|&#8221;][et_pb_fullwidth_header title=&#8221;ecoinnov&#8221; text_orientation=&#8221;center&#8221; background_overlay_color=&#8221;rgba(0,57,87,0)&#8221; disabled_on=&#8221;off|off|off&#8221; _builder_version=&#8221;3.0.90&#8243; title_font=&#8221;Nunito|700||on|||||&#8221; title_text_align=&#8221;center&#8221; title_font_size=&#8221;36&#8243; title_text_color=&#8221;#ffffff&#8221; custom_margin=&#8221;|||&#8221; custom_padding=&#8221;|||&#8221;]<\/p>\n<p>\u00a0<\/p>\n<p>[\/et_pb_fullwidth_header][\/et_pb_section][et_pb_section fb_built=&#8221;1&#8243; _builder_version=&#8221;3.0.86&#8243; custom_padding=&#8221;74.5938px|0px|49px|0px&#8221;][et_pb_row _builder_version=&#8221;3.0.92&#8243;][et_pb_column type=&#8221;2_3&#8243; _builder_version=&#8221;3.0.47&#8243; parallax=&#8221;off&#8221; parallax_method=&#8221;on&#8221;][et_pb_text _builder_version=&#8221;3.0.92&#8243; text_font=&#8221;|300|||||||&#8221; header_font=&#8221;||||||||&#8221; header_2_font=&#8221;H3 Tisa OT Medium 24|500|||||||&#8221; header_2_font_size=&#8221;36px&#8221; custom_padding=&#8221;|||20px&#8221; custom_css_after=&#8221;content:url(%22https:\/\/ns381463.ip-94-23-248.eu\/GroupeOne2016\/wordpress\/wp-content\/uploads\/2017\/10\/TITLE-AFTER.png%22);||positiion:absolute;||margin-left:-40px;&#8221;]<\/p>\n<h2>Description du projet<\/h2>\n<p>[\/et_pb_text][\/et_pb_column][et_pb_column type=&#8221;1_3&#8243; _builder_version=&#8221;3.0.47&#8243; parallax=&#8221;off&#8221; parallax_method=&#8221;on&#8221;][\/et_pb_column][\/et_pb_row][et_pb_row _builder_version=&#8221;3.0.92&#8243;][et_pb_column type=&#8221;2_3&#8243; _builder_version=&#8221;3.0.47&#8243; parallax=&#8221;off&#8221; parallax_method=&#8221;on&#8221;][et_pb_text _builder_version=&#8221;3.0.92&#8243; text_font=&#8221;Nunito||||||||&#8221; text_font_size=&#8221;18px&#8221; text_text_color=&#8221;#003957&#8243; text_line_height=&#8221;30px&#8221; header_font=&#8221;H3 Tisa OT Medium 24||||||||&#8221; header_text_align=&#8221;center&#8221; header_font_size=&#8221;20px&#8221; header_text_color=&#8221;#003957&#8243; module_alignment=&#8221;center&#8221; custom_margin=&#8221;|||30px&#8221; custom_padding=&#8221;10px|10px|10px|10px&#8221; locked=&#8221;off&#8221;]<\/p>\n<p>Beaucoup d\u2019entrepreneurs que nous accompagnons sont des ex-salari\u00e9s qui, au vu de la situation sociale et environnementale de notre monde, ont d\u00e9cid\u00e9 de sortir du syst\u00e8me classique pour cr\u00e9er leur propre activit\u00e9 \u00e0 vocation citoyenne et durable. Bien souvent, ils n\u2019ont pas encore toutes les comp\u00e9tences pour cr\u00e9er leur propre entreprise. C\u2019est pour cette raison que nous avons con\u00e7u la formation EcoInnov. Cette formation propose des outils d\u00e9velopp\u00e9s sp\u00e9cifiquement pour concr\u00e9tiser et lancer son projet \u00e0 plus-value soci\u00e9tale et environnementale, ainsi qu\u2019un accompagnement individuel.<\/p>\n<p>[\/et_pb_text][\/et_pb_column][et_pb_column type=&#8221;1_3&#8243; _builder_version=&#8221;3.0.47&#8243; parallax=&#8221;off&#8221; parallax_method=&#8221;on&#8221;][et_pb_image src=&#8221;https:\/\/ns381463.ip-94-23-248.eu\/GroupeOne2016\/wordpress\/wp-content\/uploads\/2017\/12\/Logo_EcoInnov.jpg&#8221; _builder_version=&#8221;3.0.92&#8243;]<\/p>\n<p>\u00a0<\/p>\n<p>[\/et_pb_image][\/et_pb_column][\/et_pb_row][et_pb_row _builder_version=&#8221;3.0.86&#8243;][et_pb_column type=&#8221;4_4&#8243; _builder_version=&#8221;3.0.47&#8243; parallax=&#8221;off&#8221; parallax_method=&#8221;on&#8221;][et_pb_text _builder_version=&#8221;3.0.92&#8243; text_font=&#8221;Nunito||||||||&#8221; text_font_size=&#8221;18px&#8221; text_text_color=&#8221;#003957&#8243; text_line_height=&#8221;30px&#8221; header_font=&#8221;H3 Tisa OT Medium 24||||||||&#8221; header_text_align=&#8221;center&#8221; header_font_size=&#8221;20px&#8221; header_text_color=&#8221;#003957&#8243; module_alignment=&#8221;center&#8221; custom_margin=&#8221;|||30px&#8221; custom_padding=&#8221;10px|10px|10px|10px&#8221;]<\/p>\n<p><span style=\"font-size: 18px;\">La formation dure entre 5 et 9 jours et permet principalement de passer de l\u2019id\u00e9e \u00e0 l\u2019action. Les participants arrivent avec un d\u00e9but d\u2019id\u00e9e, ils repartent avec un business mod\u00e8le test\u00e9 et valid\u00e9 sur le terrain.<\/span><\/p>\n<p>Elle comprend trois modules :<\/p>\n<ol>\n<li>Exploration : d\u00e9couvrir l\u2019entrepreneuriat durable et les business mod\u00e8les innovants<\/li>\n<li>Structuration : d\u00e9finir un business mod\u00e8le durable pour son projet<\/li>\n<li>Mise en situation : analyser les hypoth\u00e8ses, prototyper et tester son business mod\u00e8le<\/li>\n<\/ol>\n<p>Ce que la formation EcoInnov apporte:<\/p>\n<ul>\n<li><strong>Outils<\/strong> : Une s\u00e9lection des meilleurs outils et une p\u00e9dagogie active pour d\u00e9couvrir les business mod\u00e8les durables et tester son id\u00e9e.<\/li>\n<li><strong>R\u00e9seau<\/strong> : L\u2019\u00e9change avec d\u2019autres entrepreneurs permet de s\u2019entraider et se challenger mutuellement.<\/li>\n<li><strong>Accompagnement individuel <\/strong>: A l\u2019issue de la formation, nos accompagnateurs \u00e0 la cr\u00e9ation d\u2019entreprise sont pr\u00eats \u00e0 soutenir les participants dans le d\u00e9ploiement de leur projet.<\/li>\n<\/ul>\n<p>Cette formation vise deux types de porteurs de projet :<\/p>\n<ul>\n<li>des candidats entrepreneurs qui ont simplement une id\u00e9e de projet durable;<\/li>\n<li>des entrepreneurs qui ont d\u00e9j\u00e0 lanc\u00e9 leur projet et qui souhaitent repenser leur business mod\u00e8le pour le rendre plus innovant et durable.<\/li>\n<\/ul>\n<p>[\/et_pb_text][\/et_pb_column][\/et_pb_row][et_pb_row _builder_version=&#8221;3.0.86&#8243;][et_pb_column type=&#8221;2_3&#8243; _builder_version=&#8221;3.0.47&#8243; parallax=&#8221;off&#8221; parallax_method=&#8221;on&#8221;][et_pb_text _builder_version=&#8221;3.0.83&#8243; text_font=&#8221;|300|||||||&#8221; header_font=&#8221;||||||||&#8221; header_2_font=&#8221;H3 Tisa OT Medium 24|500|||||||&#8221; header_2_font_size=&#8221;36px&#8221; custom_padding=&#8221;|||20px&#8221; custom_css_after=&#8221;content:url(%22https:\/\/ns381463.ip-94-23-248.eu\/GroupeOne2016\/wordpress\/wp-content\/uploads\/2017\/10\/TITLE-AFTER.png%22);||positiion:absolute;||margin-left:-40px;&#8221;]<\/p>\n<h2>Quelques chiffres<\/h2>\n<p>[\/et_pb_text][et_pb_text _builder_version=&#8221;3.0.92&#8243; text_font=&#8221;Nunito||||||||&#8221; text_font_size=&#8221;18px&#8221; text_text_color=&#8221;#003957&#8243; text_line_height=&#8221;30px&#8221; header_font=&#8221;H3 Tisa OT Medium 24||||||||&#8221; header_text_align=&#8221;center&#8221; header_font_size=&#8221;20px&#8221; header_text_color=&#8221;#003957&#8243; module_alignment=&#8221;center&#8221; custom_margin=&#8221;|||30px&#8221; custom_padding=&#8221;10px|10px|10px|10px&#8221;]<\/p>\n<p>En <strong>2016<\/strong>, nous avons organis\u00e9 <strong>3<\/strong> formations EcoInnov \u00e0 Bruxelles et en Wallonie. Elles ont rassembl\u00e9 un total de <strong>37<\/strong> candidats entrepreneurs.<\/p>\n<p>[\/et_pb_text][\/et_pb_column][et_pb_column type=&#8221;1_3&#8243; _builder_version=&#8221;3.0.47&#8243; parallax=&#8221;off&#8221; parallax_method=&#8221;on&#8221;][\/et_pb_column][\/et_pb_row][et_pb_row custom_padding=&#8221;38.0938px|20px|38.0938px|20px&#8221; background_color=&#8221;#f9f9f9&#8243; _builder_version=&#8221;3.0.92&#8243;][et_pb_column type=&#8221;1_2&#8243; _builder_version=&#8221;3.0.47&#8243; parallax=&#8221;off&#8221; parallax_method=&#8221;on&#8221;][et_pb_blurb title=&#8221;Charg\u00e9(e)(s) de projet&#8221; _builder_version=&#8221;3.0.92&#8243; header_font=&#8221;Nunito|700|||||||&#8221; text_orientation=&#8221;center&#8221;]<\/p>\n<p>Caroline Joris<\/p>\n<p>[\/et_pb_blurb][\/et_pb_column][et_pb_column type=&#8221;1_2&#8243; _builder_version=&#8221;3.0.47&#8243; parallax=&#8221;off&#8221; parallax_method=&#8221;on&#8221;][et_pb_blurb title=&#8221;Public(s)-cible(s)&#8221; _builder_version=&#8221;3.0.92&#8243; header_font=&#8221;Nunito|700|||||||&#8221; text_orientation=&#8221;center&#8221; locked=&#8221;off&#8221;]<\/p>\n<p>Candidats entrepreneurs<\/p>\n<p>[\/et_pb_blurb][\/et_pb_column][\/et_pb_row][et_pb_row custom_padding=&#8221;38.0938px|20px|38.0938px|20px&#8221; _builder_version=&#8221;3.0.89&#8243;][et_pb_column type=&#8221;1_2&#8243; _builder_version=&#8221;3.0.47&#8243; parallax=&#8221;off&#8221; parallax_method=&#8221;on&#8221;][et_pb_blurb title=&#8221;Territoire(s)&#8221; _builder_version=&#8221;3.0.92&#8243; header_font=&#8221;Nunito|700|||||||&#8221; text_orientation=&#8221;center&#8221;]<\/p>\n<p>Bruxelles et Wallonie<\/p>\n<p>[\/et_pb_blurb][\/et_pb_column][et_pb_column type=&#8221;1_2&#8243; _builder_version=&#8221;3.0.47&#8243; parallax=&#8221;off&#8221; parallax_method=&#8221;on&#8221;][et_pb_blurb title=&#8221;Th\u00e9matique(s)&#8221; _builder_version=&#8221;3.0.92&#8243; header_font=&#8221;Nunito|700|||||||&#8221; text_orientation=&#8221;center&#8221; locked=&#8221;off&#8221;]<\/p>\n<p>Outils pour entrepreneurs, coaching entrepreneurial<\/p>\n<p>[\/et_pb_blurb][\/et_pb_column][\/et_pb_row][et_pb_row custom_padding=&#8221;38.0938px|20px|38.0938px|20px&#8221; background_color=&#8221;#f9f9f9&#8243; _builder_version=&#8221;3.0.89&#8243;][et_pb_column type=&#8221;1_2&#8243; _builder_version=&#8221;3.0.47&#8243; parallax=&#8221;off&#8221; parallax_method=&#8221;on&#8221;][et_pb_blurb title=&#8221;Partenaire(s)&#8221; _builder_version=&#8221;3.0.92&#8243; header_font=&#8221;Nunito|700|||||||&#8221; text_orientation=&#8221;center&#8221;]<\/p>\n<p>n\/a<\/p>\n<p>[\/et_pb_blurb][\/et_pb_column][et_pb_column type=&#8221;1_2&#8243; _builder_version=&#8221;3.0.47&#8243; parallax=&#8221;off&#8221; parallax_method=&#8221;on&#8221;][et_pb_blurb title=&#8221;Financement(s)&#8221; _builder_version=&#8221;3.0.92&#8243; header_font=&#8221;Nunito|700|||||||&#8221; text_orientation=&#8221;center&#8221; locked=&#8221;off&#8221;]<\/p>\n<p>n\/a<\/p>\n<p>[\/et_pb_blurb][\/et_pb_column][\/et_pb_row][\/et_pb_section][et_pb_section fb_built=&#8221;1&#8243; disabled_on=&#8221;on|on|off&#8221; custom_padding_last_edited=&#8221;on|phone&#8221; _builder_version=&#8221;3.0.95&#8243; background_image=&#8221;https:\/\/ns381463.ip-94-23-248.eu\/GroupeOne2016\/wordpress\/wp-content\/uploads\/2017\/10\/BG-NEWSLETTERS-2.png&#8221; custom_padding=&#8221;0px|0px|0px|0px&#8221; custom_padding_tablet=&#8221;|||0px&#8221; global_module=&#8221;119058&#8243; saved_tabs=&#8221;all&#8221;][et_pb_row _builder_version=&#8221;3.0.92&#8243; custom_css_main_element=&#8221;display: -webkit-box;||display: -ms-flexbox;||display: flex;||-webkit-box-align: center;||-ms-flex-align: center;||align-items: center;||-webkit-box-orient: horizontal;||-webkit-box-direction: normal;||-ms-flex-direction: row;||flex-direction: row;||-ms-flex-wrap: wrap;||flex-wrap: wrap;&#8221;][et_pb_column type=&#8221;2_3&#8243; _builder_version=&#8221;3.0.47&#8243; parallax=&#8221;off&#8221; parallax_method=&#8221;on&#8221;][et_pb_text _builder_version=&#8221;3.0.92&#8243; text_font=&#8221;||||||||&#8221; header_font=&#8221;||||||||&#8221; header_2_font=&#8221;||||||||&#8221; header_2_font_size=&#8221;30px&#8221; header_2_text_color=&#8221;#ffffff&#8221; header_2_line_height=&#8221;30px&#8221; module_alignment=&#8221;left&#8221; custom_margin=&#8221;|||100px&#8221; custom_css_before=&#8221;content:url(%22https:\/\/ns381463.ip-94-23-248.eu\/GroupeOne2016\/wordpress\/wp-content\/uploads\/2017\/12\/ARROW-TOP-INFOLETTRE-CADRE.png%22);||position:absolute;||bottom:95%;||left:3%;&#8221; locked=&#8221;off&#8221;]<\/p>\n<h2>Abonnez-vous \u00e0<br \/> la newsletter de l&#8217;entrepreneuriat durable<\/h2>\n<p>[\/et_pb_text][\/et_pb_column][et_pb_column type=&#8221;1_3&#8243; _builder_version=&#8221;3.0.47&#8243; parallax=&#8221;off&#8221; parallax_method=&#8221;on&#8221;][et_pb_code module_id=&#8221;dc_optin&#8221; _builder_version=&#8221;3.0.92&#8243; custom_margin=&#8221;-50px|200px||&#8221; locked=&#8221;off&#8221;][\/et_pb_code][\/et_pb_column][\/et_pb_row][\/et_pb_section][et_pb_section fb_built=&#8221;1&#8243; disabled_on=&#8221;off|off|on&#8221; custom_padding_last_edited=&#8221;on|phone&#8221; _builder_version=&#8221;3.0.95&#8243; background_image=&#8221;https:\/\/ns381463.ip-94-23-248.eu\/GroupeOne2016\/wordpress\/wp-content\/uploads\/2017\/10\/BG-NEWSLETTERS-2.png&#8221; custom_padding=&#8221;0px|0px|0px|0px&#8221; custom_padding_tablet=&#8221;|||0px&#8221; global_module=&#8221;121907&#8243; saved_tabs=&#8221;all&#8221;][et_pb_row custom_padding=&#8221;0px|0px|0px|0px&#8221; _builder_version=&#8221;3.0.85&#8243;][et_pb_column type=&#8221;4_4&#8243; _builder_version=&#8221;3.0.47&#8243; parallax=&#8221;off&#8221; parallax_method=&#8221;on&#8221;][et_pb_text _builder_version=&#8221;3.0.92&#8243; text_font=&#8221;||||||||&#8221; header_font=&#8221;||||||||&#8221; header_text_align=&#8221;center&#8221; header_2_font=&#8221;||||||||&#8221; header_2_text_align=&#8221;center&#8221; header_2_font_size=&#8221;30px&#8221; header_2_text_color=&#8221;#ffffff&#8221; header_2_line_height=&#8221;30px&#8221; custom_margin=&#8221;50px||-50px|&#8221; locked=&#8221;off&#8221;]<\/p>\n<h2>Abonnez-vous \u00e0 la newsletter de <br \/>l&#8217;entrepreneuriat durable<\/h2>\n<p>[\/et_pb_text][et_pb_code module_id=&#8221;dc_optin&#8221; _builder_version=&#8221;3.0.92&#8243; custom_margin=&#8221;0px|||&#8221; custom_margin_last_edited=&#8221;on|phone&#8221; custom_padding=&#8221;0px|||&#8221; custom_padding_last_edited=&#8221;on|desktop&#8221; custom_css_main_element=&#8221;margin: 0 auto;&#8221;][\/et_pb_code][\/et_pb_column][\/et_pb_row][\/et_pb_section]<\/p>\n","protected":false},"excerpt":{"rendered":"<p>\u00a0\u00a0Description du projetBeaucoup d\u2019entrepreneurs que nous accompagnons sont des ex-salari\u00e9s qui, au vu de la situation sociale et environnementale de notre monde, ont d\u00e9cid\u00e9 de sortir du syst\u00e8me classique pour [&hellip;]<\/p>\n","protected":false},"author":14,"featured_media":0,"parent":119228,"menu_order":0,"comment_status":"closed","ping_status":"closed","template":"","meta":{"_et_pb_use_builder":"on","_et_pb_old_content":"","_et_gb_content_width":""},"yoast_head":"<!-- This site is optimized with the Yoast SEO plugin v19.13 - https:\/\/yoast.com\/wordpress\/plugins\/seo\/ -->\n<title>EcoInnov - Groupe One<\/title>\n<meta name=\"robots\" content=\"index, follow, max-snippet:-1, max-image-preview:large, max-video-preview:-1\" \/>\n<link rel=\"canonical\" href=\"https:\/\/ns381463.ip-94-23-248.eu\/GroupeOne2016\/wordpress\/nos-projets\/ecoinnov\/\" \/>\n<meta property=\"og:locale\" content=\"fr_FR\" \/>\n<meta property=\"og:type\" content=\"article\" \/>\n<meta property=\"og:title\" content=\"EcoInnov - Groupe One\" \/>\n<meta property=\"og:description\" content=\"\u00a0\u00a0Description du projetBeaucoup d\u2019entrepreneurs que nous accompagnons sont des ex-salari\u00e9s qui, au vu de la situation sociale et environnementale de notre monde, ont d\u00e9cid\u00e9 de sortir du syst\u00e8me classique pour [&hellip;]\" \/>\n<meta property=\"og:url\" content=\"https:\/\/ns381463.ip-94-23-248.eu\/GroupeOne2016\/wordpress\/nos-projets\/ecoinnov\/\" \/>\n<meta property=\"og:site_name\" content=\"Groupe One\" \/>\n<meta property=\"article:modified_time\" content=\"2022-12-21T14:51:29+00:00\" \/>\n<meta name=\"twitter:card\" content=\"summary_large_image\" \/>\n<meta name=\"twitter:label1\" content=\"Dur\u00e9e de lecture estim\u00e9e\" \/>\n\t<meta name=\"twitter:data1\" content=\"8 minutes\" \/>\n<script type=\"application\/ld+json\" class=\"yoast-schema-graph\">{\"@context\":\"https:\/\/schema.org\",\"@graph\":[{\"@type\":\"WebPage\",\"@id\":\"https:\/\/ns381463.ip-94-23-248.eu\/GroupeOne2016\/wordpress\/nos-projets\/ecoinnov\/\",\"url\":\"https:\/\/ns381463.ip-94-23-248.eu\/GroupeOne2016\/wordpress\/nos-projets\/ecoinnov\/\",\"name\":\"EcoInnov - Groupe One\",\"isPartOf\":{\"@id\":\"https:\/\/ns381463.ip-94-23-248.eu\/GroupeOne2016\/wordpress\/#website\"},\"datePublished\":\"2017-12-18T15:25:29+00:00\",\"dateModified\":\"2022-12-21T14:51:29+00:00\",\"breadcrumb\":{\"@id\":\"https:\/\/ns381463.ip-94-23-248.eu\/GroupeOne2016\/wordpress\/nos-projets\/ecoinnov\/#breadcrumb\"},\"inLanguage\":\"fr-FR\",\"potentialAction\":[{\"@type\":\"ReadAction\",\"target\":[\"https:\/\/ns381463.ip-94-23-248.eu\/GroupeOne2016\/wordpress\/nos-projets\/ecoinnov\/\"]}]},{\"@type\":\"BreadcrumbList\",\"@id\":\"https:\/\/ns381463.ip-94-23-248.eu\/GroupeOne2016\/wordpress\/nos-projets\/ecoinnov\/#breadcrumb\",\"itemListElement\":[{\"@type\":\"ListItem\",\"position\":1,\"name\":\"Accueil\",\"item\":\"https:\/\/ns381463.ip-94-23-248.eu\/GroupeOne2016\/wordpress\/\"},{\"@type\":\"ListItem\",\"position\":2,\"name\":\"Nos projets\",\"item\":\"https:\/\/ns381463.ip-94-23-248.eu\/GroupeOne2016\/wordpress\/nos-projets\/\"},{\"@type\":\"ListItem\",\"position\":3,\"name\":\"EcoInnov\"}]},{\"@type\":\"WebSite\",\"@id\":\"https:\/\/ns381463.ip-94-23-248.eu\/GroupeOne2016\/wordpress\/#website\",\"url\":\"https:\/\/ns381463.ip-94-23-248.eu\/GroupeOne2016\/wordpress\/\",\"name\":\"Groupe One\",\"description\":\"Groupe One est une organisation belge qui facilite la transition vers une \u00e9conomie durable. Elle est active \u00e0 Bruxelles et en Wallonie.\",\"potentialAction\":[{\"@type\":\"SearchAction\",\"target\":{\"@type\":\"EntryPoint\",\"urlTemplate\":\"https:\/\/ns381463.ip-94-23-248.eu\/GroupeOne2016\/wordpress\/?s={search_term_string}\"},\"query-input\":\"required name=search_term_string\"}],\"inLanguage\":\"fr-FR\"}]}<\/script>\n<!-- \/ Yoast SEO plugin. -->","yoast_head_json":{"title":"EcoInnov - Groupe One","robots":{"index":"index","follow":"follow","max-snippet":"max-snippet:-1","max-image-preview":"max-image-preview:large","max-video-preview":"max-video-preview:-1"},"canonical":"https:\/\/ns381463.ip-94-23-248.eu\/GroupeOne2016\/wordpress\/nos-projets\/ecoinnov\/","og_locale":"fr_FR","og_type":"article","og_title":"EcoInnov - Groupe One","og_description":"\u00a0\u00a0Description du projetBeaucoup d\u2019entrepreneurs que nous accompagnons sont des ex-salari\u00e9s qui, au vu de la situation sociale et environnementale de notre monde, ont d\u00e9cid\u00e9 de sortir du syst\u00e8me classique pour [&hellip;]","og_url":"https:\/\/ns381463.ip-94-23-248.eu\/GroupeOne2016\/wordpress\/nos-projets\/ecoinnov\/","og_site_name":"Groupe One","article_modified_time":"2022-12-21T14:51:29+00:00","twitter_card":"summary_large_image","twitter_misc":{"Dur\u00e9e de lecture estim\u00e9e":"8 minutes"},"schema":{"@context":"https:\/\/schema.org","@graph":[{"@type":"WebPage","@id":"https:\/\/ns381463.ip-94-23-248.eu\/GroupeOne2016\/wordpress\/nos-projets\/ecoinnov\/","url":"https:\/\/ns381463.ip-94-23-248.eu\/GroupeOne2016\/wordpress\/nos-projets\/ecoinnov\/","name":"EcoInnov - Groupe One","isPartOf":{"@id":"https:\/\/ns381463.ip-94-23-248.eu\/GroupeOne2016\/wordpress\/#website"},"datePublished":"2017-12-18T15:25:29+00:00","dateModified":"2022-12-21T14:51:29+00:00","breadcrumb":{"@id":"https:\/\/ns381463.ip-94-23-248.eu\/GroupeOne2016\/wordpress\/nos-projets\/ecoinnov\/#breadcrumb"},"inLanguage":"fr-FR","potentialAction":[{"@type":"ReadAction","target":["https:\/\/ns381463.ip-94-23-248.eu\/GroupeOne2016\/wordpress\/nos-projets\/ecoinnov\/"]}]},{"@type":"BreadcrumbList","@id":"https:\/\/ns381463.ip-94-23-248.eu\/GroupeOne2016\/wordpress\/nos-projets\/ecoinnov\/#breadcrumb","itemListElement":[{"@type":"ListItem","position":1,"name":"Accueil","item":"https:\/\/ns381463.ip-94-23-248.eu\/GroupeOne2016\/wordpress\/"},{"@type":"ListItem","position":2,"name":"Nos projets","item":"https:\/\/ns381463.ip-94-23-248.eu\/GroupeOne2016\/wordpress\/nos-projets\/"},{"@type":"ListItem","position":3,"name":"EcoInnov"}]},{"@type":"WebSite","@id":"https:\/\/ns381463.ip-94-23-248.eu\/GroupeOne2016\/wordpress\/#website","url":"https:\/\/ns381463.ip-94-23-248.eu\/GroupeOne2016\/wordpress\/","name":"Groupe One","description":"Groupe One est une organisation belge qui facilite la transition vers une \u00e9conomie durable. Elle est active \u00e0 Bruxelles et en Wallonie.","potentialAction":[{"@type":"SearchAction","target":{"@type":"EntryPoint","urlTemplate":"https:\/\/ns381463.ip-94-23-248.eu\/GroupeOne2016\/wordpress\/?s={search_term_string}"},"query-input":"required name=search_term_string"}],"inLanguage":"fr-FR"}]}},"_links":{"self":[{"href":"https:\/\/ns381463.ip-94-23-248.eu\/GroupeOne2016\/wordpress\/wp-json\/wp\/v2\/pages\/122534"}],"collection":[{"href":"https:\/\/ns381463.ip-94-23-248.eu\/GroupeOne2016\/wordpress\/wp-json\/wp\/v2\/pages"}],"about":[{"href":"https:\/\/ns381463.ip-94-23-248.eu\/GroupeOne2016\/wordpress\/wp-json\/wp\/v2\/types\/page"}],"author":[{"embeddable":true,"href":"https:\/\/ns381463.ip-94-23-248.eu\/GroupeOne2016\/wordpress\/wp-json\/wp\/v2\/users\/14"}],"replies":[{"embeddable":true,"href":"https:\/\/ns381463.ip-94-23-248.eu\/GroupeOne2016\/wordpress\/wp-json\/wp\/v2\/comments?post=122534"}],"version-history":[{"count":7,"href":"https:\/\/ns381463.ip-94-23-248.eu\/GroupeOne2016\/wordpress\/wp-json\/wp\/v2\/pages\/122534\/revisions"}],"predecessor-version":[{"id":124104,"href":"https:\/\/ns381463.ip-94-23-248.eu\/GroupeOne2016\/wordpress\/wp-json\/wp\/v2\/pages\/122534\/revisions\/124104"}],"up":[{"embeddable":true,"href":"https:\/\/ns381463.ip-94-23-248.eu\/GroupeOne2016\/wordpress\/wp-json\/wp\/v2\/pages\/119228"}],"wp:attachment":[{"href":"https:\/\/ns381463.ip-94-23-248.eu\/GroupeOne2016\/wordpress\/wp-json\/wp\/v2\/media?parent=122534"}],"curies":[{"name":"wp","href":"https:\/\/api.w.org\/{rel}","templated":true}]}}