{"id":122271,"date":"2017-12-15T12:39:44","date_gmt":"2017-12-15T11:39:44","guid":{"rendered":"https:\/\/ns381463.ip-94-23-248.eu\/GroupeOne2016\/wordpress\/?page_id=122271"},"modified":"2022-12-21T15:49:11","modified_gmt":"2022-12-21T14:49:11","slug":"mentions-legales","status":"publish","type":"page","link":"https:\/\/ns381463.ip-94-23-248.eu\/GroupeOne2016\/wordpress\/mentions-legales\/","title":{"rendered":"Mentions l\u00e9gales"},"content":{"rendered":"<p>[et_pb_section fb_built=&#8221;1&#8243; fullwidth=&#8221;on&#8221; disabled_on=&#8221;off|off|off&#8221; admin_label=&#8221;menu&#8221; module_id=&#8221;sectionFixedTop&#8221; _builder_version=&#8221;4.17.4&#8243; custom_margin=&#8221;||||false|false&#8221; custom_css_main_element=&#8221;position: fixed;||right: 0;||left: 0;||padding-bottom: 15px;||z-index: 99;&#8221; global_module=&#8221;120274&#8243; locked=&#8221;off&#8221; global_colors_info=&#8221;{}&#8221;][et_pb_fullwidth_menu fullwidth_menu=&#8221;on&#8221; active_link_color=&#8221;#adbb39&#8243; dropdown_menu_bg_color=&#8221;#ffffff&#8221; dropdown_menu_line_color=&#8221;#adbb39&#8243; dropdown_menu_text_color=&#8221;#003957&#8243; mobile_menu_bg_color=&#8221;#ffffff&#8221; mobile_menu_text_color=&#8221;#003957&#8243; module_id=&#8221;menu_full_custom&#8221; _builder_version=&#8221;4.16&#8243; _module_preset=&#8221;default&#8221; menu_font=&#8221;|700|||||||&#8221; menu_text_color=&#8221;#003957&#8243; menu_font_size=&#8221;15px&#8221; text_orientation=&#8221;right&#8221; global_colors_info=&#8221;{}&#8221;][\/et_pb_fullwidth_menu][\/et_pb_section][et_pb_section fb_built=&#8221;1&#8243; _builder_version=&#8221;4.16&#8243; custom_padding=&#8221;76.1875px|120px|76.1875px|120px&#8221; global_colors_info=&#8221;{}&#8221;][et_pb_row _builder_version=&#8221;4.16&#8243; background_size=&#8221;initial&#8221; background_position=&#8221;top_left&#8221; background_repeat=&#8221;repeat&#8221; global_colors_info=&#8221;{}&#8221;][et_pb_column type=&#8221;4_4&#8243; _builder_version=&#8221;4.16&#8243; custom_padding=&#8221;|||&#8221; global_colors_info=&#8221;{}&#8221; custom_padding__hover=&#8221;|||&#8221;][et_pb_text _builder_version=&#8221;4.16&#8243; global_colors_info=&#8221;{}&#8221;]<\/p>\n<header class=\"entry-header-page\">\n<h1 class=\"entry-title\">MENTIONS L\u00c9GALES<\/h1>\n<\/header>\n<div class=\"entry-content-page\">\n<p>L\u2019utilisation du site internet est soumise au respect des conditions g\u00e9n\u00e9rales d\u00e9crites ci-apr\u00e8s. En acc\u00e9dant au site de Groupe One, vous d\u00e9clarez avoir pris connaissance et avoir accept\u00e9, sans la moindre r\u00e9serve, ces conditions g\u00e9n\u00e9rales d\u2019utilisation.<\/p>\n<p><strong>Limitation de responsabilit\u00e9<\/strong><\/p>\n<p>Notre objectif est de diffuser des informations aussi exactes et tenues \u00e0 jour que possible. Des erreurs peuvent cependant subsister dans les informations mises \u00e0 votre disposition. Groupe One s\u2019efforcera de mettre tout en ouvre pour les corriger.<\/p>\n<p>Toute personne constatant des erreurs sur le site peut en informer le gestionnaire du site en envoyant un e-mail \u00e0 l\u2019adresse suivante : info@groupeone.be<\/p>\n<p>Les informations du site internet de Groupe One sont exclusivement de nature g\u00e9n\u00e9rale. Elles ne visent donc pas la situation particuli\u00e8re d\u2019une personne physique ou morale et ne peuvent \u00eatre consid\u00e9r\u00e9es comme des conseils juridiques, professionnels ou personnels \u00e0 l\u2019utilisateur. Si vous avez besoin d\u2019avis personnels ou sp\u00e9cifiques, consultez toujours les services comp\u00e9tents de Groupe One.<\/p>\n<p>L\u2019utilisateur est \u00e9galement conscient que ces informations sont susceptibles d\u2019\u00eatre modifi\u00e9es sans avis pr\u00e9alable. Il en r\u00e9sulte que Groupe One d\u00e9cline toute responsabilit\u00e9 quant au contenu de son site ou \u00e0 l\u2019utilisation qui pourrait en \u00eatre faite. Par ailleurs, s\u2019agissant d\u2019informations et documents qui font l\u2019objet d\u2019une publication officielle, seuls font foi les textes publi\u00e9s au Moniteur belge.<\/p>\n<p>Les liens hypertextes pr\u00e9sents sur le site internet et aiguillant les utilisateurs vers d\u2019autres sites Internet n\u2019engagent pas la responsabilit\u00e9 de Groupe One quant au contenu de ces sites. En outre, Groupe One ne peut pas \u00eatre tenu responsable des erreurs dans les adresses de site ou les noms de domaine figurant dans son site internet.<\/p>\n<p>Malgr\u00e9 les efforts consentis pour \u00e9viter autant que possible toute interruption due \u00e0 des probl\u00e8mes techniques, Groupe One d\u00e9cline toute responsabilit\u00e9 du fait d\u2019interruptions de services ou d\u2019autres probl\u00e8mes techniques.<\/p>\n<p><strong>Propri\u00e9t\u00e9 intellectuelle<\/strong><\/p>\n<p>Les textes, mises en page, illustrations et autres \u00e9l\u00e9ments constitutifs du site sont prot\u00e9g\u00e9s par le droit d\u2019auteur ou, s\u2019agissant de bases de donn\u00e9es par un droit sp\u00e9cifique. Tous ces \u00e9l\u00e9ments constituent la propri\u00e9t\u00e9 de Groupe One ou, le cas \u00e9ch\u00e9ant, d\u2019un tiers aupr\u00e8s duquel Groupe One a obtenu les autorisations n\u00e9cessaires.<\/p>\n<p>Sauf stipulation contraire, l\u2019information textuelle ou chiffr\u00e9e figurant sur le site peut \u00eatre utilis\u00e9e gratuitement mais moyennant mention de la source et uniquement pour un usage qui ne soit ni commercial, ni publicitaire. Par contre, toute reproduction \u00e0 caract\u00e8re commercial ou publicitaire de ces informations, de m\u00eame que toutes formes d\u2019utilisation et de reproduction des autres \u00e9l\u00e9ments constitutifs du site (tels que la ligne graphique, les images, les sons, les vid\u00e9os, les publications ou les applications informatiques) sont strictement interdites sans autorisation pr\u00e9alable. T<\/p>\n<p><strong>Cr\u00e9ation d\u2019hyperliens vers le site internet<\/strong><\/p>\n<p>Groupe One autorise la cr\u00e9ation sans demande pr\u00e9alable de liens en surface qui renvoient \u00e0 la page d\u2019accueil du site ou \u00e0 toute autre page dans sa globalit\u00e9. Par contre, le recours \u00e0 toutes techniques visant \u00e0 inclure tout ou partie du site dans un site Internet en masquant ne serait-ce que partiellement l\u2019origine exacte de l\u2019information ou pouvant pr\u00eater \u00e0 confusion sur l\u2019origine de l\u2019information, telle que le framing ou l\u2019in-lining, est strictement interdit.<\/p>\n<p><strong>Collecte de donn\u00e9es \u00e0 caract\u00e8re personnel<\/strong><\/p>\n<p>En principe, l\u2019acc\u00e8s aux informations disponibles sur le site s\u2019op\u00e8re sans devoir fournir des donn\u00e9es \u00e0 caract\u00e8re personnel, tels nom, adresse postale, adresse de courrier \u00e9lectronique\u2026 Exceptionnellement, en vue d\u2019obtenir des services compl\u00e9mentaires (commande de documents, abonnement \u00e0 une lettre d\u2019information,.) il est possible que des informations personnelles, essentiellement des coordonn\u00e9es, soient demand\u00e9es \u00e0 l\u2019utilisateur. Dans ce cas, les donn\u00e9es sont trait\u00e9es conform\u00e9ment aux dispositions de la loi du 8 d\u00e9cembre 1992 relative au traitement de donn\u00e9es \u00e0 caract\u00e8re personnel.<\/p>\n<\/div>\n<p>[\/et_pb_text][\/et_pb_column][\/et_pb_row][\/et_pb_section][et_pb_section fb_built=&#8221;1&#8243; custom_padding_last_edited=&#8221;on|phone&#8221; disabled_on=&#8221;on|on|off&#8221; admin_label=&#8221;newsletter&#8221; _builder_version=&#8221;4.10.8&#8243; background_image=&#8221;https:\/\/ns381463.ip-94-23-248.eu\/GroupeOne2016\/wordpress\/wp-content\/uploads\/2017\/10\/BG-INFOLETTRE-ALL-ELEMENTS.png&#8221; custom_padding=&#8221;0px|0px|0px|0px&#8221; custom_padding_tablet=&#8221;|||0px&#8221; global_module=&#8221;119058&#8243; saved_tabs=&#8221;all&#8221; locked=&#8221;off&#8221; global_colors_info=&#8221;{}&#8221; custom_padding_phone=&#8221;|||0px&#8221;][et_pb_row _builder_version=&#8221;4.16&#8243; custom_css_main_element=&#8221;display: -webkit-box;||display: -ms-flexbox;||display: flex;||-webkit-box-align: center;||-ms-flex-align: center;||align-items: center;||-webkit-box-orient: horizontal;||-webkit-box-direction: normal;||-ms-flex-direction: row;||flex-direction: row;||-ms-flex-wrap: wrap;||flex-wrap: wrap;&#8221; global_colors_info=&#8221;{}&#8221;][et_pb_column type=&#8221;4_4&#8243; _builder_version=&#8221;4.16&#8243; custom_padding=&#8221;|||&#8221; global_colors_info=&#8221;{}&#8221; custom_padding__hover=&#8221;|||&#8221;][et_pb_cta title=&#8221;Abonnez-vous \u00e0 la newsletter de l&#8217;entrepreneuriat durable&#8221; button_url=&#8221;http:\/\/eepurl.com\/deLILL&#8221; url_new_window=&#8221;on&#8221; button_text=&#8221;S&#8217;inscrire&#8221; _builder_version=&#8221;4.16&#8243; use_background_color=&#8221;off&#8221; custom_button=&#8221;on&#8221; button_text_size=&#8221;18px&#8221; button_bg_color=&#8221;#adbb39&#8243; button_border_width=&#8221;0px&#8221; button_border_radius=&#8221;100px&#8221; button_font=&#8221;Nunito|300|||||||&#8221; button_use_icon=&#8221;off&#8221; button_alignment=&#8221;center&#8221; custom_padding=&#8221;|||&#8221; custom_css_promo_button=&#8221;padding:10px !important;||width:200px;&#8221; button_border_radius_hover=&#8221;100px&#8221; global_colors_info=&#8221;{}&#8221; button_text_size__hover_enabled=&#8221;off&#8221; button_one_text_size__hover_enabled=&#8221;off&#8221; button_two_text_size__hover_enabled=&#8221;off&#8221; button_text_color__hover_enabled=&#8221;off&#8221; button_one_text_color__hover_enabled=&#8221;off&#8221; button_two_text_color__hover_enabled=&#8221;off&#8221; button_border_width__hover_enabled=&#8221;off&#8221; button_one_border_width__hover_enabled=&#8221;off&#8221; button_two_border_width__hover_enabled=&#8221;off&#8221; button_border_color__hover_enabled=&#8221;off&#8221; button_one_border_color__hover_enabled=&#8221;off&#8221; button_two_border_color__hover_enabled=&#8221;off&#8221; button_border_radius__hover_enabled=&#8221;on&#8221; button_border_radius__hover=&#8221;100px&#8221; button_one_border_radius__hover_enabled=&#8221;off&#8221; button_two_border_radius__hover_enabled=&#8221;off&#8221; button_letter_spacing__hover_enabled=&#8221;off&#8221; button_one_letter_spacing__hover_enabled=&#8221;off&#8221; button_two_letter_spacing__hover_enabled=&#8221;off&#8221; button_bg_color__hover_enabled=&#8221;off&#8221; button_one_bg_color__hover_enabled=&#8221;off&#8221; button_two_bg_color__hover_enabled=&#8221;off&#8221;][\/et_pb_cta][\/et_pb_column][\/et_pb_row][\/et_pb_section][et_pb_section fb_built=&#8221;1&#8243; custom_padding_last_edited=&#8221;on|phone&#8221; disabled_on=&#8221;off|off|on&#8221; admin_label=&#8221;newsletter&#8221; _builder_version=&#8221;4.8.2&#8243; background_image=&#8221;https:\/\/ns381463.ip-94-23-248.eu\/GroupeOne2016\/wordpress\/wp-content\/uploads\/2017\/10\/BG-NEWSLETTERS-2.png&#8221; custom_padding=&#8221;0px|0px|0px|0px&#8221; custom_padding_tablet=&#8221;|||0px&#8221; link_option_url=&#8221;https:\/\/groupeone.us12.list-manage.com\/subscribe?u=4b8cae888f20720725a172884&#038;id=4ca247c289&#8243; global_module=&#8221;121907&#8243; saved_tabs=&#8221;all&#8221; global_colors_info=&#8221;{}&#8221; custom_padding_phone=&#8221;|||0px&#8221;][\/et_pb_section][et_pb_section fb_built=&#8221;1&#8243; admin_label=&#8221;footer&#8221; _builder_version=&#8221;4.4.2&#8243; custom_padding=&#8221;76.1875px|0px|0px|0px&#8221; global_module=&#8221;121660&#8243; saved_tabs=&#8221;all&#8221; locked=&#8221;off&#8221; global_colors_info=&#8221;{}&#8221;][et_pb_row column_structure=&#8221;1_4,1_4,1_4,1_4&#8243; _builder_version=&#8221;4.16&#8243; custom_padding=&#8221;38.0938px|0px|0px|0px&#8221; global_colors_info=&#8221;{}&#8221;][et_pb_column type=&#8221;1_4&#8243; _builder_version=&#8221;4.16&#8243; custom_padding=&#8221;|||&#8221; global_colors_info=&#8221;{}&#8221; custom_padding__hover=&#8221;|||&#8221;][et_pb_blurb title=&#8221;Nous suivre&#8221; _builder_version=&#8221;4.16&#8243; header_font=&#8221;|600||on|||||&#8221; header_font_size=&#8221;14px&#8221; body_font=&#8221;||||||||&#8221; body_font_size=&#8221;13px&#8221; global_colors_info=&#8221;{}&#8221;]<\/p>\n<div class=\"textwidget custom-html-widget\">\n<p>Groupe One est la premi\u00e8re organisation d\u00e9di\u00e9e \u00e0 l&#8217;entrepreneuriat durable en Belgique francophone.<\/p>\n<\/div>\n<p>[\/et_pb_blurb][et_pb_image src=&#8221;https:\/\/ns381463.ip-94-23-248.eu\/GroupeOne2016\/wordpress\/wp-content\/uploads\/2017\/12\/facebook.png&#8221; url=&#8221;https:\/\/www.facebook.com\/GroupeOneBelgium\/&#8221; url_new_window=&#8221;on&#8221; align_tablet=&#8221;center&#8221; align_phone=&#8221;&#8221; align_last_edited=&#8221;on|desktop&#8221; module_class=&#8221;facebook-menu&#8221; _builder_version=&#8221;4.16&#8243; global_colors_info=&#8221;{}&#8221;][\/et_pb_image][\/et_pb_column][et_pb_column type=&#8221;1_4&#8243; _builder_version=&#8221;4.16&#8243; custom_padding=&#8221;|||&#8221; global_colors_info=&#8221;{}&#8221; custom_padding__hover=&#8221;|||&#8221;][et_pb_blurb title=&#8221;Services&#8221; admin_label=&#8221;R\u00e9sum\u00e9&#8221; module_class=&#8221;blurb-footer&#8221; _builder_version=&#8221;4.16&#8243; header_font=&#8221;|600||on|||||&#8221; header_font_size=&#8221;14px&#8221; body_font=&#8221;||||||||&#8221; body_text_color=&#8221;#003957&#8243; body_font_size=&#8221;13px&#8221; locked=&#8221;off&#8221; global_colors_info=&#8221;{}&#8221;]<\/p>\n<p><a href=\"https:\/\/ns381463.ip-94-23-248.eu\/GroupeOne2016\/wordpress\/index.php\/creation\/\">Cr\u00e9er son entreprise<\/a><br \/><a href=\"https:\/\/ns381463.ip-94-23-248.eu\/GroupeOne2016\/wordpress\/index.php\/post-creation\/\">G\u00e9rer durablement<\/a><br \/><a href=\"https:\/\/ns381463.ip-94-23-248.eu\/GroupeOne2016\/wordpress\/index.php\/jeunes\/\">Jeunes<\/a><br \/><a href=\"https:\/\/ns381463.ip-94-23-248.eu\/GroupeOne2016\/wordpress\/index.php\/structure-daccompagnement\/\">Structures d&#8217;accompagnement<\/a><br \/><a href=\"https:\/\/ns381463.ip-94-23-248.eu\/GroupeOne2016\/wordpress\/index.php\/territoires\/\">Territoires<\/a><\/p>\n<p>[\/et_pb_blurb][\/et_pb_column][et_pb_column type=&#8221;1_4&#8243; _builder_version=&#8221;4.16&#8243; custom_padding=&#8221;|||&#8221; global_colors_info=&#8221;{}&#8221; custom_padding__hover=&#8221;|||&#8221;][et_pb_blurb title=&#8221;\u00c0 propos&#8221; module_class=&#8221;blurb-footer&#8221; _builder_version=&#8221;4.16&#8243; header_font=&#8221;|600||on|||||&#8221; header_font_size=&#8221;14px&#8221; body_font=&#8221;||||||||&#8221; body_text_color=&#8221;#003957&#8243; body_font_size=&#8221;13px&#8221; locked=&#8221;off&#8221; global_colors_info=&#8221;{}&#8221;]<\/p>\n<p><a href=\"https:\/\/ns381463.ip-94-23-248.eu\/GroupeOne2016\/wordpress\/index.php\/qui-sommes-nous\/\">Qui sommes-nous ?<\/a><br \/><a href=\"https:\/\/ns381463.ip-94-23-248.eu\/GroupeOne2016\/wordpress\/index.php\/entrepreneuriat-durable\/\">Entrepreneuriat durable<\/a><br \/><a href=\"https:\/\/ns381463.ip-94-23-248.eu\/GroupeOne2016\/wordpress\/index.php\/nos-projets\/\">Nos projets<br \/><\/a><a href=\"https:\/\/ns381463.ip-94-23-248.eu\/GroupeOne2016\/wordpress\/index.php\/equipe\/\">L&#8217;\u00e9quipe<\/a><br \/><a href=\"https:\/\/ns381463.ip-94-23-248.eu\/GroupeOne2016\/wordpress\/index.php\/nos-rapports-dactivites\/\">Nos rapports d&#8217;activit\u00e9<\/a><br \/><a href=\"https:\/\/ns381463.ip-94-23-248.eu\/GroupeOne2016\/wordpress\/index.php\/jobs\/\">Nous rejoindre<\/a><\/p>\n<p>[\/et_pb_blurb][\/et_pb_column][et_pb_column type=&#8221;1_4&#8243; _builder_version=&#8221;4.16&#8243; custom_padding=&#8221;|||&#8221; global_colors_info=&#8221;{}&#8221; custom_padding__hover=&#8221;|||&#8221;][et_pb_image src=&#8221;https:\/\/ns381463.ip-94-23-248.eu\/GroupeOne2016\/wordpress\/wp-content\/uploads\/2019\/05\/G1-1.jpg&#8221; align_tablet=&#8221;center&#8221; align_phone=&#8221;&#8221; align_last_edited=&#8221;on|desktop&#8221; _builder_version=&#8221;4.16&#8243; max_width=&#8221;70%&#8221; global_colors_info=&#8221;{}&#8221;][\/et_pb_image][\/et_pb_column][\/et_pb_row][et_pb_row _builder_version=&#8221;4.16&#8243; max_width=&#8221;80%&#8221; custom_margin=&#8221;0px||0px|50px&#8221; custom_padding=&#8221;0px|0px|0px|0px&#8221; use_custom_width=&#8221;on&#8221; width_unit=&#8221;off&#8221; global_colors_info=&#8221;{}&#8221;][et_pb_column type=&#8221;4_4&#8243; _builder_version=&#8221;4.16&#8243; custom_padding=&#8221;|||&#8221; global_colors_info=&#8221;{}&#8221; custom_padding__hover=&#8221;|||&#8221;][et_pb_text _builder_version=&#8221;4.16&#8243; module_alignment=&#8221;left&#8221; custom_margin=&#8221;0px||0px|0px&#8221; custom_padding=&#8221;0px||0px|0px&#8221; global_colors_info=&#8221;{}&#8221;]<\/p>\n<div id=\"page-container\" class=\"et-animated-content\">\n<div id=\"et-main-area\">\n<footer id=\"main-footer\">\n<div id=\"footer-bottom\">\n<div class=\"container clearfix\">\n<div id=\"footer-info\">\u00a9 GROUPE ONE 2017 &#8211; All Rights Reserved. Developped by <a title=\"Site Sense Brussels\" href=\"https:\/\/www.sense-agency.eu\" target=\"_blank\" rel=\"noopener noreferrer\">Sense Brussels SCRL<\/a>\u00a0&amp; Design by\u00a0<a href=\"https:\/\/www.kern-it.be\/\">KERN-IT<\/a>\u00a0|\u00a0<a title=\"Mentions l\u00e9gales\" href=\"https:\/\/ns381463.ip-94-23-248.eu\/GroupeOne2016\/wordpress\/index.php\/mentions-legales\/\" target=\"_blank\" rel=\"noopener noreferrer\">Mentions l\u00e9gales<\/a>\u00a0|\u00a0<a href=\"https:\/\/ns381463.ip-94-23-248.eu\/GroupeOne2016\/wordpress\/index.php\/contact\/\">Contact<\/a>\u00a0|<\/div>\n<\/div>\n<\/div>\n<\/footer>\n<\/div>\n<\/div>\n<div id=\"wpadminbar\">\u00a0<\/div>\n<p>[\/et_pb_text][\/et_pb_column][\/et_pb_row][\/et_pb_section]<\/p>\n","protected":false},"excerpt":{"rendered":"<p>MENTIONS L\u00c9GALES L\u2019utilisation du site internet est soumise au respect des conditions g\u00e9n\u00e9rales d\u00e9crites ci-apr\u00e8s. En acc\u00e9dant au site de Groupe One, vous d\u00e9clarez avoir pris connaissance et avoir accept\u00e9, [&hellip;]<\/p>\n","protected":false},"author":14,"featured_media":0,"parent":0,"menu_order":0,"comment_status":"closed","ping_status":"closed","template":"","meta":{"_et_pb_use_builder":"on","_et_pb_old_content":"","_et_gb_content_width":""},"yoast_head":"<!-- This site is optimized with the Yoast SEO plugin v19.13 - https:\/\/yoast.com\/wordpress\/plugins\/seo\/ -->\n<title>Mentions l\u00e9gales - Groupe One<\/title>\n<meta name=\"robots\" content=\"index, follow, max-snippet:-1, max-image-preview:large, max-video-preview:-1\" \/>\n<link rel=\"canonical\" href=\"https:\/\/ns381463.ip-94-23-248.eu\/GroupeOne2016\/wordpress\/mentions-legales\/\" \/>\n<meta property=\"og:locale\" content=\"fr_FR\" \/>\n<meta property=\"og:type\" content=\"article\" \/>\n<meta property=\"og:title\" content=\"Mentions l\u00e9gales - Groupe One\" \/>\n<meta property=\"og:description\" content=\"MENTIONS L\u00c9GALES L\u2019utilisation du site internet est soumise au respect des conditions g\u00e9n\u00e9rales d\u00e9crites ci-apr\u00e8s. En acc\u00e9dant au site de Groupe One, vous d\u00e9clarez avoir pris connaissance et avoir accept\u00e9, [&hellip;]\" \/>\n<meta property=\"og:url\" content=\"https:\/\/ns381463.ip-94-23-248.eu\/GroupeOne2016\/wordpress\/mentions-legales\/\" \/>\n<meta property=\"og:site_name\" content=\"Groupe One\" \/>\n<meta property=\"article:modified_time\" content=\"2022-12-21T14:49:11+00:00\" \/>\n<meta name=\"twitter:card\" content=\"summary_large_image\" \/>\n<meta name=\"twitter:label1\" content=\"Dur\u00e9e de lecture estim\u00e9e\" \/>\n\t<meta name=\"twitter:data1\" content=\"5 minutes\" \/>\n<script type=\"application\/ld+json\" class=\"yoast-schema-graph\">{\"@context\":\"https:\/\/schema.org\",\"@graph\":[{\"@type\":\"WebPage\",\"@id\":\"https:\/\/ns381463.ip-94-23-248.eu\/GroupeOne2016\/wordpress\/mentions-legales\/\",\"url\":\"https:\/\/ns381463.ip-94-23-248.eu\/GroupeOne2016\/wordpress\/mentions-legales\/\",\"name\":\"Mentions l\u00e9gales - Groupe One\",\"isPartOf\":{\"@id\":\"https:\/\/ns381463.ip-94-23-248.eu\/GroupeOne2016\/wordpress\/#website\"},\"datePublished\":\"2017-12-15T11:39:44+00:00\",\"dateModified\":\"2022-12-21T14:49:11+00:00\",\"breadcrumb\":{\"@id\":\"https:\/\/ns381463.ip-94-23-248.eu\/GroupeOne2016\/wordpress\/mentions-legales\/#breadcrumb\"},\"inLanguage\":\"fr-FR\",\"potentialAction\":[{\"@type\":\"ReadAction\",\"target\":[\"https:\/\/ns381463.ip-94-23-248.eu\/GroupeOne2016\/wordpress\/mentions-legales\/\"]}]},{\"@type\":\"BreadcrumbList\",\"@id\":\"https:\/\/ns381463.ip-94-23-248.eu\/GroupeOne2016\/wordpress\/mentions-legales\/#breadcrumb\",\"itemListElement\":[{\"@type\":\"ListItem\",\"position\":1,\"name\":\"Accueil\",\"item\":\"https:\/\/ns381463.ip-94-23-248.eu\/GroupeOne2016\/wordpress\/\"},{\"@type\":\"ListItem\",\"position\":2,\"name\":\"Mentions l\u00e9gales\"}]},{\"@type\":\"WebSite\",\"@id\":\"https:\/\/ns381463.ip-94-23-248.eu\/GroupeOne2016\/wordpress\/#website\",\"url\":\"https:\/\/ns381463.ip-94-23-248.eu\/GroupeOne2016\/wordpress\/\",\"name\":\"Groupe One\",\"description\":\"Groupe One est une organisation belge qui facilite la transition vers une \u00e9conomie durable. Elle est active \u00e0 Bruxelles et en Wallonie.\",\"potentialAction\":[{\"@type\":\"SearchAction\",\"target\":{\"@type\":\"EntryPoint\",\"urlTemplate\":\"https:\/\/ns381463.ip-94-23-248.eu\/GroupeOne2016\/wordpress\/?s={search_term_string}\"},\"query-input\":\"required name=search_term_string\"}],\"inLanguage\":\"fr-FR\"}]}<\/script>\n<!-- \/ Yoast SEO plugin. -->","yoast_head_json":{"title":"Mentions l\u00e9gales - Groupe One","robots":{"index":"index","follow":"follow","max-snippet":"max-snippet:-1","max-image-preview":"max-image-preview:large","max-video-preview":"max-video-preview:-1"},"canonical":"https:\/\/ns381463.ip-94-23-248.eu\/GroupeOne2016\/wordpress\/mentions-legales\/","og_locale":"fr_FR","og_type":"article","og_title":"Mentions l\u00e9gales - Groupe One","og_description":"MENTIONS L\u00c9GALES L\u2019utilisation du site internet est soumise au respect des conditions g\u00e9n\u00e9rales d\u00e9crites ci-apr\u00e8s. En acc\u00e9dant au site de Groupe One, vous d\u00e9clarez avoir pris connaissance et avoir accept\u00e9, [&hellip;]","og_url":"https:\/\/ns381463.ip-94-23-248.eu\/GroupeOne2016\/wordpress\/mentions-legales\/","og_site_name":"Groupe One","article_modified_time":"2022-12-21T14:49:11+00:00","twitter_card":"summary_large_image","twitter_misc":{"Dur\u00e9e de lecture estim\u00e9e":"5 minutes"},"schema":{"@context":"https:\/\/schema.org","@graph":[{"@type":"WebPage","@id":"https:\/\/ns381463.ip-94-23-248.eu\/GroupeOne2016\/wordpress\/mentions-legales\/","url":"https:\/\/ns381463.ip-94-23-248.eu\/GroupeOne2016\/wordpress\/mentions-legales\/","name":"Mentions l\u00e9gales - Groupe One","isPartOf":{"@id":"https:\/\/ns381463.ip-94-23-248.eu\/GroupeOne2016\/wordpress\/#website"},"datePublished":"2017-12-15T11:39:44+00:00","dateModified":"2022-12-21T14:49:11+00:00","breadcrumb":{"@id":"https:\/\/ns381463.ip-94-23-248.eu\/GroupeOne2016\/wordpress\/mentions-legales\/#breadcrumb"},"inLanguage":"fr-FR","potentialAction":[{"@type":"ReadAction","target":["https:\/\/ns381463.ip-94-23-248.eu\/GroupeOne2016\/wordpress\/mentions-legales\/"]}]},{"@type":"BreadcrumbList","@id":"https:\/\/ns381463.ip-94-23-248.eu\/GroupeOne2016\/wordpress\/mentions-legales\/#breadcrumb","itemListElement":[{"@type":"ListItem","position":1,"name":"Accueil","item":"https:\/\/ns381463.ip-94-23-248.eu\/GroupeOne2016\/wordpress\/"},{"@type":"ListItem","position":2,"name":"Mentions l\u00e9gales"}]},{"@type":"WebSite","@id":"https:\/\/ns381463.ip-94-23-248.eu\/GroupeOne2016\/wordpress\/#website","url":"https:\/\/ns381463.ip-94-23-248.eu\/GroupeOne2016\/wordpress\/","name":"Groupe One","description":"Groupe One est une organisation belge qui facilite la transition vers une \u00e9conomie durable. Elle est active \u00e0 Bruxelles et en Wallonie.","potentialAction":[{"@type":"SearchAction","target":{"@type":"EntryPoint","urlTemplate":"https:\/\/ns381463.ip-94-23-248.eu\/GroupeOne2016\/wordpress\/?s={search_term_string}"},"query-input":"required name=search_term_string"}],"inLanguage":"fr-FR"}]}},"_links":{"self":[{"href":"https:\/\/ns381463.ip-94-23-248.eu\/GroupeOne2016\/wordpress\/wp-json\/wp\/v2\/pages\/122271"}],"collection":[{"href":"https:\/\/ns381463.ip-94-23-248.eu\/GroupeOne2016\/wordpress\/wp-json\/wp\/v2\/pages"}],"about":[{"href":"https:\/\/ns381463.ip-94-23-248.eu\/GroupeOne2016\/wordpress\/wp-json\/wp\/v2\/types\/page"}],"author":[{"embeddable":true,"href":"https:\/\/ns381463.ip-94-23-248.eu\/GroupeOne2016\/wordpress\/wp-json\/wp\/v2\/users\/14"}],"replies":[{"embeddable":true,"href":"https:\/\/ns381463.ip-94-23-248.eu\/GroupeOne2016\/wordpress\/wp-json\/wp\/v2\/comments?post=122271"}],"version-history":[{"count":5,"href":"https:\/\/ns381463.ip-94-23-248.eu\/GroupeOne2016\/wordpress\/wp-json\/wp\/v2\/pages\/122271\/revisions"}],"predecessor-version":[{"id":131751,"href":"https:\/\/ns381463.ip-94-23-248.eu\/GroupeOne2016\/wordpress\/wp-json\/wp\/v2\/pages\/122271\/revisions\/131751"}],"wp:attachment":[{"href":"https:\/\/ns381463.ip-94-23-248.eu\/GroupeOne2016\/wordpress\/wp-json\/wp\/v2\/media?parent=122271"}],"curies":[{"name":"wp","href":"https:\/\/api.w.org\/{rel}","templated":true}]}}