{"id":121343,"date":"2017-11-30T16:19:48","date_gmt":"2017-11-30T15:19:48","guid":{"rendered":"https:\/\/ns381463.ip-94-23-248.eu\/GroupeOne2016\/wordpress\/?page_id=121343"},"modified":"2022-12-21T15:43:58","modified_gmt":"2022-12-21T14:43:58","slug":"pead","status":"publish","type":"page","link":"https:\/\/ns381463.ip-94-23-248.eu\/GroupeOne2016\/wordpress\/creer-son-entreprise\/pead\/","title":{"rendered":"Programme : Parcours en alimentation durable"},"content":{"rendered":"<p>[et_pb_section fb_built=&#8221;1&#8243; fullwidth=&#8221;on&#8221; _builder_version=&#8221;3.0.89&#8243; global_module=&#8221;120274&#8243;][et_pb_fullwidth_menu menu_id=&#8221;2&#8243; submenu_direction=&#8221;downwards&#8221; fullwidth_menu=&#8221;on&#8221; active_link_color=&#8221;#adbb39&#8243; dropdown_menu_bg_color=&#8221;#ffffff&#8221; dropdown_menu_line_color=&#8221;#adbb39&#8243; dropdown_menu_text_color=&#8221;#003957&#8243; mobile_menu_bg_color=&#8221;#ffffff&#8221; mobile_menu_text_color=&#8221;#003957&#8243; module_id=&#8221;menu_full_custom&#8221; _builder_version=&#8221;3.0.89&#8243; menu_font=&#8221;|700|||||||&#8221; menu_text_color=&#8221;#003957&#8243; background_size=&#8221;initial&#8221; background_position=&#8221;top_left&#8221; background_repeat=&#8221;repeat&#8221; text_orientation=&#8221;right&#8221; background_color=&#8221;#ffffff&#8221;]<\/p>\n<p>\u00a0<\/p>\n<p>[\/et_pb_fullwidth_menu][\/et_pb_section][et_pb_section fb_built=&#8221;1&#8243; fullwidth=&#8221;on&#8221; _builder_version=&#8221;3.0.90&#8243; background_image=&#8221;https:\/\/ns381463.ip-94-23-248.eu\/GroupeOne2016\/wordpress\/wp-content\/uploads\/2017\/12\/BANNER-TITRE-1920x400BANNER-TITRE-1920&#215;400.jpg&#8221; background_size=&#8221;initial&#8221; custom_padding=&#8221;50px||50px|&#8221;][et_pb_fullwidth_header title=&#8221;Parcours en alimentation durable&#8221; text_orientation=&#8221;center&#8221; background_overlay_color=&#8221;rgba(0,57,87,0)&#8221; disabled_on=&#8221;off|off|off&#8221; _builder_version=&#8221;3.0.90&#8243; title_font=&#8221;Nunito|700||on|||||&#8221; title_text_align=&#8221;center&#8221; title_font_size=&#8221;36&#8243; title_text_color=&#8221;#ffffff&#8221; custom_margin=&#8221;|||&#8221; custom_padding=&#8221;|||&#8221;][\/et_pb_fullwidth_header][\/et_pb_section][et_pb_section fb_built=&#8221;1&#8243; _builder_version=&#8221;3.0.90&#8243;][et_pb_row _builder_version=&#8221;3.0.90&#8243; custom_css_main_element=&#8221;display: -webkit-box;||display: -ms-flexbox;||display: flex;||-webkit-box-align: center;||-ms-flex-align: center;||align-items: center;||-webkit-box-orient: horizontal;||-webkit-box-direction: normal;||-ms-flex-direction: row;||flex-direction: row;||-ms-flex-wrap: wrap;||flex-wrap: wrap;&#8221;][et_pb_column type=&#8221;1_2&#8243; _builder_version=&#8221;3.0.47&#8243; parallax=&#8221;off&#8221; parallax_method=&#8221;on&#8221;][et_pb_text _builder_version=&#8221;3.0.83&#8243; text_font=&#8221;|300|||||||&#8221; header_font=&#8221;||||||||&#8221; header_2_font=&#8221;H3 Tisa OT Medium 24|500|||||||&#8221; header_2_font_size=&#8221;36px&#8221; custom_padding=&#8221;|||20px&#8221; custom_css_after=&#8221;content:url(%22https:\/\/ns381463.ip-94-23-248.eu\/GroupeOne2016\/wordpress\/wp-content\/uploads\/2017\/10\/TITLE-AFTER.png%22);||positiion:absolute;||margin-left:-40px;&#8221;]<\/p>\n<h2>Parcours en<br \/>\nalimentation durable<\/h2>\n<p>[\/et_pb_text][et_pb_text _builder_version=&#8221;3.0.94&#8243; text_font=&#8221;|600|||||||&#8221; text_font_size=&#8221;22px&#8221; custom_margin=&#8221;|||30px&#8221;]<\/p>\n<p>Savourez le parcours entrepreneurial\u00a0en alimentation durable<\/p>\n<p>[\/et_pb_text][et_pb_text _builder_version=&#8221;3.0.90&#8243; text_font=&#8221;||||||||&#8221; text_font_size=&#8221;18px&#8221; custom_margin=&#8221;|||30px&#8221;]En continu ou \u00e0 la carte, un parcours dynamique de 4\u00a0modules vous accompagne au coeur du secteur alimentaire jusqu\u2019\u00e0 la cr\u00e9ation de votre\u00a0entreprise.<\/p>\n<p><strong>Si vous portez un projet<\/strong> qui s\u2019oriente <strong>dans l\u2019alimentation<\/strong>, dans un des secteurs suivants : la production, la transformation, la distribution de produits alimentaires, l\u2019HORECA, et les m\u00e9tiers p\u00e9riph\u00e9riques (\u00e9ducation, sensibilisation,\u2026)<\/p>\n<p><strong>Si vous d\u00e9sirez<\/strong> :<\/p>\n<ul>\n<li>explorer\u00a0les liens entre entrepreneuriat et alimentation durable (module 1)<\/li>\n<li>d\u00e9finir votre\u00a0projet\u00a0innovant et durable\u00a0gr\u00e2ce \u00e0 la force du collectif (module 2)<\/li>\n<li>renforcer vos connaissances et capacit\u00e9s\u00a0entrepreneuriales en\u00a0lien avec la fili\u00e8re de l\u2019alimentation (module 3)<\/li>\n<li>\u00eatre accompagn\u00e9(e) de mani\u00e8re individuelle jusqu\u2019au lancement de votre entreprise (module 4)<\/li>\n<\/ul>\n<p>[\/et_pb_text][\/et_pb_column][et_pb_column type=&#8221;1_2&#8243; _builder_version=&#8221;3.0.47&#8243; parallax=&#8221;off&#8221; parallax_method=&#8221;on&#8221;][et_pb_image src=&#8221;https:\/\/ns381463.ip-94-23-248.eu\/GroupeOne2016\/wordpress\/wp-content\/uploads\/2017\/11\/EKIVRAC.jpg&#8221; align=&#8221;center&#8221; _builder_version=&#8221;3.0.90&#8243; border_radii=&#8221;on|30px|30px|30px|30px&#8221; max_width=&#8221;70%&#8221;][\/et_pb_image][\/et_pb_column][\/et_pb_row][\/et_pb_section][et_pb_section fb_built=&#8221;1&#8243; background_color=&#8221;#f9f9f9&#8243; _builder_version=&#8221;3.0.90&#8243;][et_pb_row _builder_version=&#8221;3.0.90&#8243;][et_pb_column type=&#8221;1_2&#8243; _builder_version=&#8221;3.0.47&#8243; parallax=&#8221;off&#8221; parallax_method=&#8221;on&#8221;][et_pb_text _builder_version=&#8221;3.0.90&#8243;]<\/p>\n<h3 style=\"text-align: center;\"><strong>\u2013\u00a0Module 1\u00a0\u2013<\/strong><br \/>\n<strong>S\u00e9ance d\u2019information sur l\u2019entrepreneuriat<br \/>\net l\u2019alimentation durable<\/strong><\/h3>\n<p>[\/et_pb_text][et_pb_text _builder_version=&#8221;3.0.90&#8243; text_font=&#8221;||||||||&#8221; text_font_size=&#8221;18px&#8221; text_line_height=&#8221;30px&#8221;]D\u00e9couvrez des exemples d\u2019entrepreneurs, producteurs, restaurateurs, commer\u00e7ants,\u2026 qui ont mis en place des actions positives et durables.\u2028Ressortez avec une meilleure compr\u00e9hension des enjeux et des id\u00e9es concr\u00e8tes pour int\u00e9grer le d\u00e9veloppement durable dans votre entreprise.<\/p>\n<p><strong>Dates<\/strong> : le mardi 12 septembre de 14h \u00e0 17h<\/p>\n<p><strong>Au Village Partenaire<\/strong> : 15 rue Fernand Bernier, 1060 Saint-Gilles<\/p>\n<p><strong>Inscription<\/strong> au 02\/537.44.44 ou \u00e0 l\u2019adresse : <a href=\"mailto:parcoursad@groupeone.be\">parcoursad@groupeone.be<\/a><br \/>\n[\/et_pb_text][\/et_pb_column][et_pb_column type=&#8221;1_2&#8243; _builder_version=&#8221;3.0.47&#8243; parallax=&#8221;off&#8221; parallax_method=&#8221;on&#8221;][et_pb_text _builder_version=&#8221;3.0.90&#8243; locked=&#8221;off&#8221;]<\/p>\n<h3 style=\"text-align: center;\"><strong>\u2013\u00a0Module 2\u00a0\u2013<\/strong><br \/>\n<strong>Une formation collective pour d\u00e9finir votre projet entrepreneurial durable et innovant<\/strong><\/h3>\n<p>[\/et_pb_text][et_pb_text _builder_version=&#8221;3.0.90&#8243; text_font=&#8221;||||||||&#8221; text_font_size=&#8221;18px&#8221; text_line_height=&#8221;30px&#8221; locked=&#8221;off&#8221;]<\/p>\n<p><strong>9 jours pour<\/strong> :<\/p>\n<p>\u2022 Traduire les d\u00e9fis de l\u2019alimentation durable en opportunit\u00e9s<br \/> \u2022 Stimuler la cr\u00e9ativit\u00e9 et la r\u00e9flexion autour de votre id\u00e9e entrepreneuriale<br \/> \u2022 Mat\u00e9rialiser votre projet, l\u2019enrichir et le communiquer<\/p>\n<p><strong>Dates<\/strong> : les 26-28-29 septembre et les 3-4-5-10-11-12-13 octobre<\/p>\n<p><strong>A Mundo-B et Village Partenaire<\/strong><\/p>\n<p><strong>Inscription<\/strong> via :\u00a0<a href=\"mailto:parcoursad@groupeone.be\">parcoursad@groupeone.be<\/a><\/p>\n<p>[\/et_pb_text][\/et_pb_column][\/et_pb_row][\/et_pb_section][et_pb_section fb_built=&#8221;1&#8243; _builder_version=&#8221;3.0.90&#8243;][et_pb_row _builder_version=&#8221;3.0.90&#8243;][et_pb_column type=&#8221;1_2&#8243; _builder_version=&#8221;3.0.47&#8243; parallax=&#8221;off&#8221; parallax_method=&#8221;on&#8221;][et_pb_text _builder_version=&#8221;3.0.90&#8243;]<\/p>\n<h3 style=\"text-align: center;\"><strong>\u2013\u00a0Module\u00a03\u00a0\u2013<br \/>\n<\/strong><strong>4 ateliers th\u00e9matiques pour renforcer<br \/>\nvotre business model<\/strong><\/h3>\n<p>[\/et_pb_text][et_pb_text _builder_version=&#8221;3.0.90&#8243; text_font=&#8221;||||||||&#8221; text_font_size=&#8221;18px&#8221; text_line_height=&#8221;30px&#8221;]Ces modules collectifs\u00a0de 3 heures chacun se d\u00e9roulent en parall\u00e8le \u00e0 votre accompagnement individuel. Ils ont pour but de renforcer votre projet dans l\u2019alimentation.<\/p>\n<p>Les th\u00e9matiques sont les suivantes :<\/p>\n<ul class=\"ul1\">\n<li class=\"li1\"><span class=\"s1\">Int\u00e9gration dans l\u2019\u00e9conomie locale (09 novembre de 09h30 \u00e0 13h),<\/span><\/li>\n<li class=\"li2\"><span class=\"s1\">Comment me lancer en bio? (16 novembre \u2013 9h30 \u2013 16h30),<\/span><\/li>\n<li class=\"li2\"><span class=\"s1\">L\u00e9gislation et r\u00e9glementation li\u00e9es au\u00a0secteur alimentaire\u00a0(23 novembre \u00a0\u2013 9h30-13h<\/span><span class=\"s1\">),<\/span><\/li>\n<li class=\"li1\"><span class=\"s1\">Gestion environnementale (30 novembre \u00a0 \u2013 9h30-13h<\/span><span class=\"s1\">)<\/span><\/li>\n<\/ul>\n<p><strong>Au Village Partenaire<\/strong><\/p>\n<p><strong>Inscription<\/strong> via : <a href=\"mailto:parcoursad@groupeone.be\">parcoursad@groupeone.be<\/a><br \/>\n[\/et_pb_text][\/et_pb_column][et_pb_column type=&#8221;1_2&#8243; _builder_version=&#8221;3.0.47&#8243; parallax=&#8221;off&#8221; parallax_method=&#8221;on&#8221;][et_pb_text _builder_version=&#8221;3.0.90&#8243; locked=&#8221;off&#8221;]<\/p>\n<h3 style=\"text-align: center;\"><strong>\u2013 Module 4\u00a0\u2013<br \/>\n<\/strong><strong>Accompagnement personnalis\u00e9 jusqu\u2019\u00e0 la<br \/>\ncr\u00e9ation de votre entreprise<\/strong><\/h3>\n<p>[\/et_pb_text][et_pb_text _builder_version=&#8221;3.0.90&#8243; text_font=&#8221;||||||||&#8221; text_font_size=&#8221;18px&#8221; text_line_height=&#8221;30px&#8221; locked=&#8221;off&#8221;]\u2022 Aide \u00e0 la r\u00e9alisation du plan d\u2019affaire en lien avec le march\u00e9 de l\u2019alimentation durable : \u00e9tudes de march\u00e9 et de rentabilit\u00e9, \u00e9valuation du besoin de financement et de tr\u00e9sorerie<br \/>\n\u2022 \u00a0Appui \u00e0 la recherche de fournisseurs<br \/>\n\u2022 \u00a0Acc\u00e8s au financement le plus adapt\u00e9<br \/>\n\u2022 \u00a0Suivi post-cr\u00e9ation<\/p>\n<p><strong>En continu<\/strong><\/p>\n<p><strong>Inscription<\/strong>\u00a0\u2013 Village Partenaire : 02\/537.44.44<\/p>\n<p>Ce 4\u00e8me module peut \u00e9galement se r\u00e9aliser en parall\u00e8le de l\u2019accompagnement dont vous b\u00e9n\u00e9ficiez dans une autre structure bruxelloise : GELs, JobYourSelf, Ceraction, Iles ASBL, Impulse, MicroStart, Cr\u00e9dal, Atrium,\u2026<br \/>\n[\/et_pb_text][\/et_pb_column][\/et_pb_row][\/et_pb_section][et_pb_section fb_built=&#8221;1&#8243; disabled_on=&#8221;off|off|off&#8221; custom_padding_last_edited=&#8221;on|phone&#8221; _builder_version=&#8221;3.0.84&#8243; background_image=&#8221;https:\/\/ns381463.ip-94-23-248.eu\/GroupeOne2016\/wordpress\/wp-content\/uploads\/2017\/10\/BG-NEWSLETTERS-2.png&#8221; custom_padding=&#8221;0px|0px|0px|0px&#8221; custom_padding_tablet=&#8221;|||0px&#8221; global_module=&#8221;119058&#8243; saved_tabs=&#8221;all&#8221;][et_pb_row _builder_version=&#8221;3.0.92&#8243; custom_css_main_element=&#8221;display: -webkit-box;||display: -ms-flexbox;||display: flex;||-webkit-box-align: center;||-ms-flex-align: center;||align-items: center;||-webkit-box-orient: horizontal;||-webkit-box-direction: normal;||-ms-flex-direction: row;||flex-direction: row;||-ms-flex-wrap: wrap;||flex-wrap: wrap;&#8221;][et_pb_column type=&#8221;2_3&#8243; _builder_version=&#8221;3.0.47&#8243; parallax=&#8221;off&#8221; parallax_method=&#8221;on&#8221;][et_pb_text _builder_version=&#8221;3.0.92&#8243; text_font=&#8221;||||||||&#8221; header_font=&#8221;||||||||&#8221; header_2_font=&#8221;||||||||&#8221; header_2_font_size=&#8221;30px&#8221; header_2_text_color=&#8221;#ffffff&#8221; header_2_line_height=&#8221;30px&#8221; module_alignment=&#8221;left&#8221; custom_margin=&#8221;|||100px&#8221; custom_css_before=&#8221;content:url(%22https:\/\/ns381463.ip-94-23-248.eu\/GroupeOne2016\/wordpress\/wp-content\/uploads\/2017\/12\/ARROW-TOP-INFOLETTRE-CADRE.png%22);||position:absolute;||bottom:95%;||left:3%;&#8221; locked=&#8221;off&#8221;]<\/p>\n<h2>Abonnez-vous \u00e0<br \/> la newsletter de l&#8217;entrepreneuriat durable<\/h2>\n<p>[\/et_pb_text][\/et_pb_column][et_pb_column type=&#8221;1_3&#8243; _builder_version=&#8221;3.0.47&#8243; parallax=&#8221;off&#8221; parallax_method=&#8221;on&#8221;][et_pb_code module_id=&#8221;dc_optin&#8221; _builder_version=&#8221;3.0.92&#8243; custom_margin=&#8221;-50px|200px||&#8221; locked=&#8221;off&#8221;][\/et_pb_code][\/et_pb_column][\/et_pb_row][\/et_pb_section]<\/p>\n","protected":false},"excerpt":{"rendered":"<p>\u00a0Parcours en alimentation durable Savourez le parcours entrepreneurial\u00a0en alimentation durable En continu ou \u00e0 la carte, un parcours dynamique de 4\u00a0modules vous accompagne au coeur du secteur alimentaire jusqu\u2019\u00e0 la [&hellip;]<\/p>\n","protected":false},"author":14,"featured_media":0,"parent":118835,"menu_order":0,"comment_status":"closed","ping_status":"closed","template":"","meta":{"_et_pb_use_builder":"on","_et_pb_old_content":"","_et_gb_content_width":""},"yoast_head":"<!-- This site is optimized with the Yoast SEO plugin v19.13 - https:\/\/yoast.com\/wordpress\/plugins\/seo\/ -->\n<title>Programme : Parcours en alimentation durable - Groupe One<\/title>\n<meta name=\"robots\" content=\"index, follow, max-snippet:-1, max-image-preview:large, max-video-preview:-1\" \/>\n<link rel=\"canonical\" href=\"https:\/\/ns381463.ip-94-23-248.eu\/GroupeOne2016\/wordpress\/creer-son-entreprise\/pead\/\" \/>\n<meta property=\"og:locale\" content=\"fr_FR\" \/>\n<meta property=\"og:type\" content=\"article\" \/>\n<meta property=\"og:title\" content=\"Programme : Parcours en alimentation durable - Groupe One\" \/>\n<meta property=\"og:description\" content=\"\u00a0Parcours en alimentation durable Savourez le parcours entrepreneurial\u00a0en alimentation durable En continu ou \u00e0 la carte, un parcours dynamique de 4\u00a0modules vous accompagne au coeur du secteur alimentaire jusqu\u2019\u00e0 la [&hellip;]\" \/>\n<meta property=\"og:url\" content=\"https:\/\/ns381463.ip-94-23-248.eu\/GroupeOne2016\/wordpress\/creer-son-entreprise\/pead\/\" \/>\n<meta property=\"og:site_name\" content=\"Groupe One\" \/>\n<meta property=\"article:modified_time\" content=\"2022-12-21T14:43:58+00:00\" \/>\n<meta name=\"twitter:card\" content=\"summary_large_image\" \/>\n<meta name=\"twitter:label1\" content=\"Dur\u00e9e de lecture estim\u00e9e\" \/>\n\t<meta name=\"twitter:data1\" content=\"6 minutes\" \/>\n<script type=\"application\/ld+json\" class=\"yoast-schema-graph\">{\"@context\":\"https:\/\/schema.org\",\"@graph\":[{\"@type\":\"WebPage\",\"@id\":\"https:\/\/ns381463.ip-94-23-248.eu\/GroupeOne2016\/wordpress\/creer-son-entreprise\/pead\/\",\"url\":\"https:\/\/ns381463.ip-94-23-248.eu\/GroupeOne2016\/wordpress\/creer-son-entreprise\/pead\/\",\"name\":\"Programme : Parcours en alimentation durable - Groupe One\",\"isPartOf\":{\"@id\":\"https:\/\/ns381463.ip-94-23-248.eu\/GroupeOne2016\/wordpress\/#website\"},\"datePublished\":\"2017-11-30T15:19:48+00:00\",\"dateModified\":\"2022-12-21T14:43:58+00:00\",\"breadcrumb\":{\"@id\":\"https:\/\/ns381463.ip-94-23-248.eu\/GroupeOne2016\/wordpress\/creer-son-entreprise\/pead\/#breadcrumb\"},\"inLanguage\":\"fr-FR\",\"potentialAction\":[{\"@type\":\"ReadAction\",\"target\":[\"https:\/\/ns381463.ip-94-23-248.eu\/GroupeOne2016\/wordpress\/creer-son-entreprise\/pead\/\"]}]},{\"@type\":\"BreadcrumbList\",\"@id\":\"https:\/\/ns381463.ip-94-23-248.eu\/GroupeOne2016\/wordpress\/creer-son-entreprise\/pead\/#breadcrumb\",\"itemListElement\":[{\"@type\":\"ListItem\",\"position\":1,\"name\":\"Accueil\",\"item\":\"https:\/\/ns381463.ip-94-23-248.eu\/GroupeOne2016\/wordpress\/\"},{\"@type\":\"ListItem\",\"position\":2,\"name\":\"Cr\u00e9er son entreprise\",\"item\":\"https:\/\/ns381463.ip-94-23-248.eu\/GroupeOne2016\/wordpress\/creer-son-entreprise\/\"},{\"@type\":\"ListItem\",\"position\":3,\"name\":\"Programme : Parcours en alimentation durable\"}]},{\"@type\":\"WebSite\",\"@id\":\"https:\/\/ns381463.ip-94-23-248.eu\/GroupeOne2016\/wordpress\/#website\",\"url\":\"https:\/\/ns381463.ip-94-23-248.eu\/GroupeOne2016\/wordpress\/\",\"name\":\"Groupe One\",\"description\":\"Groupe One est une organisation belge qui facilite la transition vers une \u00e9conomie durable. Elle est active \u00e0 Bruxelles et en Wallonie.\",\"potentialAction\":[{\"@type\":\"SearchAction\",\"target\":{\"@type\":\"EntryPoint\",\"urlTemplate\":\"https:\/\/ns381463.ip-94-23-248.eu\/GroupeOne2016\/wordpress\/?s={search_term_string}\"},\"query-input\":\"required name=search_term_string\"}],\"inLanguage\":\"fr-FR\"}]}<\/script>\n<!-- \/ Yoast SEO plugin. -->","yoast_head_json":{"title":"Programme : Parcours en alimentation durable - Groupe One","robots":{"index":"index","follow":"follow","max-snippet":"max-snippet:-1","max-image-preview":"max-image-preview:large","max-video-preview":"max-video-preview:-1"},"canonical":"https:\/\/ns381463.ip-94-23-248.eu\/GroupeOne2016\/wordpress\/creer-son-entreprise\/pead\/","og_locale":"fr_FR","og_type":"article","og_title":"Programme : Parcours en alimentation durable - Groupe One","og_description":"\u00a0Parcours en alimentation durable Savourez le parcours entrepreneurial\u00a0en alimentation durable En continu ou \u00e0 la carte, un parcours dynamique de 4\u00a0modules vous accompagne au coeur du secteur alimentaire jusqu\u2019\u00e0 la [&hellip;]","og_url":"https:\/\/ns381463.ip-94-23-248.eu\/GroupeOne2016\/wordpress\/creer-son-entreprise\/pead\/","og_site_name":"Groupe One","article_modified_time":"2022-12-21T14:43:58+00:00","twitter_card":"summary_large_image","twitter_misc":{"Dur\u00e9e de lecture estim\u00e9e":"6 minutes"},"schema":{"@context":"https:\/\/schema.org","@graph":[{"@type":"WebPage","@id":"https:\/\/ns381463.ip-94-23-248.eu\/GroupeOne2016\/wordpress\/creer-son-entreprise\/pead\/","url":"https:\/\/ns381463.ip-94-23-248.eu\/GroupeOne2016\/wordpress\/creer-son-entreprise\/pead\/","name":"Programme : Parcours en alimentation durable - Groupe One","isPartOf":{"@id":"https:\/\/ns381463.ip-94-23-248.eu\/GroupeOne2016\/wordpress\/#website"},"datePublished":"2017-11-30T15:19:48+00:00","dateModified":"2022-12-21T14:43:58+00:00","breadcrumb":{"@id":"https:\/\/ns381463.ip-94-23-248.eu\/GroupeOne2016\/wordpress\/creer-son-entreprise\/pead\/#breadcrumb"},"inLanguage":"fr-FR","potentialAction":[{"@type":"ReadAction","target":["https:\/\/ns381463.ip-94-23-248.eu\/GroupeOne2016\/wordpress\/creer-son-entreprise\/pead\/"]}]},{"@type":"BreadcrumbList","@id":"https:\/\/ns381463.ip-94-23-248.eu\/GroupeOne2016\/wordpress\/creer-son-entreprise\/pead\/#breadcrumb","itemListElement":[{"@type":"ListItem","position":1,"name":"Accueil","item":"https:\/\/ns381463.ip-94-23-248.eu\/GroupeOne2016\/wordpress\/"},{"@type":"ListItem","position":2,"name":"Cr\u00e9er son entreprise","item":"https:\/\/ns381463.ip-94-23-248.eu\/GroupeOne2016\/wordpress\/creer-son-entreprise\/"},{"@type":"ListItem","position":3,"name":"Programme : Parcours en alimentation durable"}]},{"@type":"WebSite","@id":"https:\/\/ns381463.ip-94-23-248.eu\/GroupeOne2016\/wordpress\/#website","url":"https:\/\/ns381463.ip-94-23-248.eu\/GroupeOne2016\/wordpress\/","name":"Groupe One","description":"Groupe One est une organisation belge qui facilite la transition vers une \u00e9conomie durable. Elle est active \u00e0 Bruxelles et en Wallonie.","potentialAction":[{"@type":"SearchAction","target":{"@type":"EntryPoint","urlTemplate":"https:\/\/ns381463.ip-94-23-248.eu\/GroupeOne2016\/wordpress\/?s={search_term_string}"},"query-input":"required name=search_term_string"}],"inLanguage":"fr-FR"}]}},"_links":{"self":[{"href":"https:\/\/ns381463.ip-94-23-248.eu\/GroupeOne2016\/wordpress\/wp-json\/wp\/v2\/pages\/121343"}],"collection":[{"href":"https:\/\/ns381463.ip-94-23-248.eu\/GroupeOne2016\/wordpress\/wp-json\/wp\/v2\/pages"}],"about":[{"href":"https:\/\/ns381463.ip-94-23-248.eu\/GroupeOne2016\/wordpress\/wp-json\/wp\/v2\/types\/page"}],"author":[{"embeddable":true,"href":"https:\/\/ns381463.ip-94-23-248.eu\/GroupeOne2016\/wordpress\/wp-json\/wp\/v2\/users\/14"}],"replies":[{"embeddable":true,"href":"https:\/\/ns381463.ip-94-23-248.eu\/GroupeOne2016\/wordpress\/wp-json\/wp\/v2\/comments?post=121343"}],"version-history":[{"count":10,"href":"https:\/\/ns381463.ip-94-23-248.eu\/GroupeOne2016\/wordpress\/wp-json\/wp\/v2\/pages\/121343\/revisions"}],"predecessor-version":[{"id":123684,"href":"https:\/\/ns381463.ip-94-23-248.eu\/GroupeOne2016\/wordpress\/wp-json\/wp\/v2\/pages\/121343\/revisions\/123684"}],"up":[{"embeddable":true,"href":"https:\/\/ns381463.ip-94-23-248.eu\/GroupeOne2016\/wordpress\/wp-json\/wp\/v2\/pages\/118835"}],"wp:attachment":[{"href":"https:\/\/ns381463.ip-94-23-248.eu\/GroupeOne2016\/wordpress\/wp-json\/wp\/v2\/media?parent=121343"}],"curies":[{"name":"wp","href":"https:\/\/api.w.org\/{rel}","templated":true}]}}