{"id":121292,"date":"2017-11-30T14:45:15","date_gmt":"2017-11-30T13:45:15","guid":{"rendered":"https:\/\/ns381463.ip-94-23-248.eu\/GroupeOne2016\/wordpress\/?page_id=121292"},"modified":"2022-12-21T15:43:44","modified_gmt":"2022-12-21T14:43:44","slug":"ecoinnov","status":"publish","type":"page","link":"https:\/\/ns381463.ip-94-23-248.eu\/GroupeOne2016\/wordpress\/creer-son-entreprise\/ecoinnov\/","title":{"rendered":"Programme : EcoInnov"},"content":{"rendered":"<p>[et_pb_section fb_built=&#8221;1&#8243; fullwidth=&#8221;on&#8221; next_background_color=&#8221;#000000&#8243; _builder_version=&#8221;3.0.89&#8243; global_module=&#8221;120274&#8243;][et_pb_fullwidth_menu menu_id=&#8221;2&#8243; submenu_direction=&#8221;downwards&#8221; fullwidth_menu=&#8221;on&#8221; active_link_color=&#8221;#adbb39&#8243; dropdown_menu_bg_color=&#8221;#ffffff&#8221; dropdown_menu_line_color=&#8221;#adbb39&#8243; dropdown_menu_text_color=&#8221;#003957&#8243; mobile_menu_bg_color=&#8221;#ffffff&#8221; mobile_menu_text_color=&#8221;#003957&#8243; module_id=&#8221;menu_full_custom&#8221; _builder_version=&#8221;3.0.95&#8243; menu_font=&#8221;|700|||||||&#8221; menu_text_color=&#8221;#003957&#8243; menu_font_size=&#8221;15px&#8221; background_size=&#8221;initial&#8221; background_position=&#8221;top_left&#8221; background_repeat=&#8221;repeat&#8221; text_orientation=&#8221;right&#8221;]<\/p>\n<p>\u00a0<\/p>\n<p>[\/et_pb_fullwidth_menu][\/et_pb_section][et_pb_section fb_built=&#8221;1&#8243; fullwidth=&#8221;on&#8221; _builder_version=&#8221;3.0.90&#8243; background_image=&#8221;https:\/\/ns381463.ip-94-23-248.eu\/GroupeOne2016\/wordpress\/wp-content\/uploads\/2017\/12\/ECOINNOV-BANNER-TITRE-1920x400BANNER-TITRE-1920&#215;400.jpg&#8221; background_size=&#8221;initial&#8221; custom_padding=&#8221;50px||50px|&#8221;][et_pb_fullwidth_header title=&#8221;ecoinnov&#8221; text_orientation=&#8221;center&#8221; background_overlay_color=&#8221;rgba(0,57,87,0)&#8221; disabled_on=&#8221;off|off|off&#8221; _builder_version=&#8221;3.16&#8243; title_font=&#8221;Nunito|700||on|||||&#8221; title_text_align=&#8221;center&#8221; title_text_color=&#8221;#ffffff&#8221; title_font_size=&#8221;36&#8243; background_color=&#8221;rgba(255, 255, 255, 0)&#8221; background_layout=&#8221;light&#8221; custom_margin=&#8221;|||&#8221; custom_padding=&#8221;|||&#8221; button_one_text_size__hover_enabled=&#8221;off&#8221; button_two_text_size__hover_enabled=&#8221;off&#8221; button_one_text_color__hover_enabled=&#8221;off&#8221; button_two_text_color__hover_enabled=&#8221;off&#8221; button_one_border_width__hover_enabled=&#8221;off&#8221; button_two_border_width__hover_enabled=&#8221;off&#8221; button_one_border_color__hover_enabled=&#8221;off&#8221; button_two_border_color__hover_enabled=&#8221;off&#8221; button_one_border_radius__hover_enabled=&#8221;off&#8221; button_two_border_radius__hover_enabled=&#8221;off&#8221; button_one_letter_spacing__hover_enabled=&#8221;off&#8221; button_two_letter_spacing__hover_enabled=&#8221;off&#8221; button_one_bg_color__hover_enabled=&#8221;off&#8221; button_two_bg_color__hover_enabled=&#8221;off&#8221;]&nbsp;<br \/>\n[\/et_pb_fullwidth_header][\/et_pb_section][et_pb_section fb_built=&#8221;1&#8243; _builder_version=&#8221;3.0.90&#8243; custom_padding=&#8221;70px|0px|0px|0px&#8221;][et_pb_row _builder_version=&#8221;3.0.90&#8243;][et_pb_column type=&#8221;1_2&#8243; _builder_version=&#8221;3.0.47&#8243;][et_pb_text _builder_version=&#8221;3.0.83&#8243; text_font=&#8221;|300|||||||&#8221; header_font=&#8221;||||||||&#8221; header_2_font=&#8221;H3 Tisa OT Medium 24|500|||||||&#8221; header_2_font_size=&#8221;36px&#8221; custom_padding=&#8221;|||20px&#8221; custom_css_after=&#8221;content:url(%22https:\/\/ns381463.ip-94-23-248.eu\/GroupeOne2016\/wordpress\/wp-content\/uploads\/2017\/10\/TITLE-AFTER.png%22);||positiion:absolute;||margin-left:-40px;&#8221;]<\/p>\n<h2>La formation<\/h2>\n<p>[\/et_pb_text][et_pb_text _builder_version=&#8221;3.0.90&#8243; text_font=&#8221;||||||||&#8221; text_font_size=&#8221;18px&#8221; text_line_height=&#8221;30px&#8221;]<strong>EcoInnov est une formation de neuf jours \u00e0 l\u2019entrepreneuriat durable. Elle est bas\u00e9e sur une m\u00e9thodologie participative concr\u00e8te\u00a0et innovante. Elle vous offre une s\u00e9rie d\u2019outils de gestion et vous permet, le cas \u00e9ch\u00e9ant, d\u2019affiner votre projet d\u2019entreprise.<\/strong><br \/>\n[\/et_pb_text][\/et_pb_column][et_pb_column type=&#8221;1_2&#8243; _builder_version=&#8221;3.0.47&#8243;][\/et_pb_column][\/et_pb_row][\/et_pb_section][et_pb_section fb_built=&#8221;1&#8243; _builder_version=&#8221;3.0.90&#8243; background_color=&#8221;#f9f9f9&#8243; custom_padding=&#8221;0px|0px|0px|0px&#8221;][et_pb_row _builder_version=&#8221;3.0.90&#8243; custom_css_main_element=&#8221;display: -webkit-box;||display: -ms-flexbox;||display: flex;||-webkit-box-align: center;||-ms-flex-align: center;||align-items: center;||-webkit-box-orient: horizontal;||-webkit-box-direction: normal;||-ms-flex-direction: row;||flex-direction: row;||-ms-flex-wrap: wrap;||flex-wrap: wrap;&#8221;][et_pb_column type=&#8221;1_2&#8243; _builder_version=&#8221;3.0.47&#8243;][et_pb_blurb title=&#8221;Vous avez&#8221; _builder_version=&#8221;3.0.90&#8243; header_level=&#8221;h1&#8243; header_font=&#8221;|600|||||||&#8221; header_font_size=&#8221;24px&#8221; body_font=&#8221;||||||||&#8221; body_font_size=&#8221;18px&#8221; body_line_height=&#8221;30px&#8221; locked=&#8221;off&#8221;]<\/p>\n<ul>\n<li>Un projet qui s\u2019oriente dans\u00a0un des secteurs suivants : l\u2019alimentation (la production, la transformation, la distribution de produits alimentaires, l\u2019HORECA), les services aux entreprises ou aux personnes, le commerce, les secteurs durables, l\u2019\u00e9conomie collaborative ou encore l\u2019\u00e9conomie circulaire.<\/li>\n<li>Entrepreneurs en qu\u00eate d\u2019un projet plus durable ? C\u2019est pour vous !<\/li>\n<\/ul>\n<p>[\/et_pb_blurb][\/et_pb_column][et_pb_column type=&#8221;1_2&#8243; _builder_version=&#8221;3.0.47&#8243;][et_pb_image src=&#8221;https:\/\/ns381463.ip-94-23-248.eu\/GroupeOne2016\/wordpress\/wp-content\/uploads\/2017\/11\/CAISSE-A-SAVON-2K2A3776-OPT.jpg&#8221; align=&#8221;center&#8221; _builder_version=&#8221;3.0.90&#8243; border_radii=&#8221;on|30px|30px|30px|30px&#8221; max_width=&#8221;50%&#8221;]&nbsp;<br \/>\n[\/et_pb_image][\/et_pb_column][\/et_pb_row][\/et_pb_section][et_pb_section fb_built=&#8221;1&#8243; _builder_version=&#8221;3.0.90&#8243; custom_padding=&#8221;0px|0px|0px|0px&#8221;][et_pb_row _builder_version=&#8221;3.0.90&#8243; custom_css_main_element=&#8221;display: -webkit-box;||display: -ms-flexbox;||display: flex;||-webkit-box-align: center;||-ms-flex-align: center;||align-items: center;||-webkit-box-orient: horizontal;||-webkit-box-direction: normal;||-ms-flex-direction: row;||flex-direction: row;||-ms-flex-wrap: wrap;||flex-wrap: wrap;&#8221;][et_pb_column type=&#8221;1_2&#8243; _builder_version=&#8221;3.0.47&#8243;][et_pb_image src=&#8221;https:\/\/ns381463.ip-94-23-248.eu\/GroupeOne2016\/wordpress\/wp-content\/uploads\/2017\/11\/ENTRE-NOUS-2K2A7230-OPT.jpg&#8221; align=&#8221;center&#8221; _builder_version=&#8221;3.0.90&#8243; border_radii=&#8221;on|30px|30px|30px|30px&#8221; max_width=&#8221;50%&#8221; locked=&#8221;off&#8221;]&nbsp;<br \/>\n[\/et_pb_image][\/et_pb_column][et_pb_column type=&#8221;1_2&#8243; _builder_version=&#8221;3.0.47&#8243;][et_pb_blurb title=&#8221;Vous recherchez&#8221; _builder_version=&#8221;3.0.90&#8243; header_level=&#8221;h1&#8243; header_font=&#8221;|600|||||||&#8221; header_font_size=&#8221;24px&#8221; body_font=&#8221;||||||||&#8221; body_font_size=&#8221;18px&#8221; body_line_height=&#8221;30px&#8221;]<\/p>\n<ul>\n<li>Une id\u00e9e de projet entrepreneurial qui vous correspond et qui s\u2019inscrit positivement dans un projet de soci\u00e9t\u00e9 ?<\/li>\n<li>Une opportunit\u00e9 pour optimiser le d\u00e9veloppement de votre projet d\u2019entreprise dans une d\u00e9marche durable ?<\/li>\n<\/ul>\n<p>[\/et_pb_blurb][\/et_pb_column][\/et_pb_row][\/et_pb_section][et_pb_section fb_built=&#8221;1&#8243; _builder_version=&#8221;3.0.90&#8243; background_color=&#8221;#f9f9f9&#8243; custom_padding=&#8221;0px|0px|0px|0px&#8221;][et_pb_row _builder_version=&#8221;3.0.90&#8243; custom_css_main_element=&#8221;display: -webkit-box;||display: -ms-flexbox;||display: flex;||-webkit-box-align: center;||-ms-flex-align: center;||align-items: center;||-webkit-box-orient: horizontal;||-webkit-box-direction: normal;||-ms-flex-direction: row;||flex-direction: row;||-ms-flex-wrap: wrap;||flex-wrap: wrap;&#8221;][et_pb_column type=&#8221;1_2&#8243; _builder_version=&#8221;3.0.47&#8243;][et_pb_blurb title=&#8221;Nous vous proposons&#8221; _builder_version=&#8221;3.0.90&#8243; header_level=&#8221;h1&#8243; header_font=&#8221;|600|||||||&#8221; header_font_size=&#8221;24px&#8221; body_font=&#8221;||||||||&#8221; body_font_size=&#8221;18px&#8221; body_line_height=&#8221;30px&#8221;]<\/p>\n<ul>\n<li>Des cycles de 5 \u00e0 9 jours de formation collective alliant entrepreneuriat et d\u00e9veloppement durable<\/li>\n<li>Une m\u00e9thodologie innovante et des outils performants<\/li>\n<li>Int\u00e9gration de votre projet d\u2019entreprise dans les enjeux de durabilit\u00e9<\/li>\n<li>Un suivi personnalis\u00e9 au terme de la formation<\/li>\n<\/ul>\n<p>[\/et_pb_blurb][\/et_pb_column][et_pb_column type=&#8221;1_2&#8243; _builder_version=&#8221;3.0.47&#8243;][et_pb_image src=&#8221;https:\/\/ns381463.ip-94-23-248.eu\/GroupeOne2016\/wordpress\/wp-content\/uploads\/2017\/11\/MARAICHER-LE-BUISSON-2K2A4081-OPT.jpg&#8221; align=&#8221;center&#8221; _builder_version=&#8221;3.0.90&#8243; border_radii=&#8221;on|30px|30px|30px|30px&#8221; max_width=&#8221;50%&#8221; locked=&#8221;off&#8221;]&nbsp;<br \/>\n[\/et_pb_image][\/et_pb_column][\/et_pb_row][et_pb_row _builder_version=&#8221;3.0.90&#8243;][et_pb_column type=&#8221;1_2&#8243; _builder_version=&#8221;3.0.47&#8243;][et_pb_text _builder_version=&#8221;3.0.83&#8243; text_font=&#8221;|300|||||||&#8221; header_font=&#8221;||||||||&#8221; header_2_font=&#8221;H3 Tisa OT Medium 24|500|||||||&#8221; header_2_font_size=&#8221;36px&#8221; custom_padding=&#8221;|||20px&#8221; custom_css_after=&#8221;content:url(%22https:\/\/ns381463.ip-94-23-248.eu\/GroupeOne2016\/wordpress\/wp-content\/uploads\/2017\/10\/TITLE-AFTER.png%22);||positiion:absolute;||margin-left:-40px;&#8221;]<\/p>\n<h2>Infos et inscription<\/h2>\n<p>[\/et_pb_text][et_pb_text _builder_version=&#8221;3.19.14&#8243; text_font=&#8221;||||||||&#8221; text_font_size=&#8221;18px&#8221; text_line_height=&#8221;30px&#8221;]<\/p>\n<p>La formation est gratuite.<\/p>\n<p>Pour conna\u00eetre les dates des prochaines formations, veuillez consulter notre\u00a0<a href=\"..\/..\/agenda\/\">agenda<\/a>.<\/p>\n<p>[\/et_pb_text][\/et_pb_column][et_pb_column type=&#8221;1_2&#8243; _builder_version=&#8221;3.0.47&#8243;][\/et_pb_column][\/et_pb_row][\/et_pb_section][et_pb_section fb_built=&#8221;1&#8243; _builder_version=&#8221;3.0.90&#8243; custom_padding=&#8221;0px|0px|0px|0px&#8221;][et_pb_row _builder_version=&#8221;3.0.90&#8243; custom_css_main_element=&#8221;display: -webkit-box;||display: -ms-flexbox;||display: flex;||-webkit-box-align: center;||-ms-flex-align: center;||align-items: center;||-webkit-box-orient: horizontal;||-webkit-box-direction: normal;||-ms-flex-direction: row;||flex-direction: row;||-ms-flex-wrap: wrap;||flex-wrap: wrap;&#8221;][et_pb_column type=&#8221;1_2&#8243; _builder_version=&#8221;3.0.47&#8243;][et_pb_blurb title=&#8221;Pour Bruxelles&#8221; _builder_version=&#8221;3.0.90&#8243; header_level=&#8221;h1&#8243; header_font=&#8221;|600|||||||&#8221; header_font_size=&#8221;24px&#8221; body_font=&#8221;||||||||&#8221; body_font_size=&#8221;18px&#8221; body_line_height=&#8221;30px&#8221; max_width=&#8221;75%&#8221;]<a href=\"mailto:ecoinnov@groupeone.be\">ecoinnov@groupeone.be<\/a><br \/>\n02 \/ 893 08 93<br \/>\n[\/et_pb_blurb][et_pb_blurb title=&#8221;Pour la Wallonie&#8221; _builder_version=&#8221;3.0.90&#8243; header_level=&#8221;h1&#8243; header_font=&#8221;|600|||||||&#8221; header_font_size=&#8221;24px&#8221; body_font=&#8221;||||||||&#8221; body_font_size=&#8221;18px&#8221; body_line_height=&#8221;30px&#8221; max_width=&#8221;75%&#8221;]<a href=\"mailto:ecoinnov.wallonie@groupeone.be\" target=\"_blank\" rel=\"noopener noreferrer\">coaching@groupeone.be<\/a><br \/>\n067 \/ 87 80 17<br \/>\n[\/et_pb_blurb][et_pb_blurb title=&#8221;Lieux des formations&#8221; _builder_version=&#8221;3.0.90&#8243; header_level=&#8221;h1&#8243; header_font=&#8221;|600|||||||&#8221; header_font_size=&#8221;24px&#8221; body_font=&#8221;||||||||&#8221; body_font_size=&#8221;18px&#8221; body_line_height=&#8221;30px&#8221; max_width=&#8221;75%&#8221;]<\/p>\n<ul>\n<li>Mundo B : rue d\u2019Edimbourg, 26 \u2013 1050 Ixelles<\/li>\n<li>Village Partenaire : rue Fernand Bernier, 15 \u2013 1060 Saint Gilles<\/li>\n<li>Groupe One Wallonie\u00a0: rue de la Station, 69 \u2013 7090 Braine-le-Comte<\/li>\n<\/ul>\n<p>[\/et_pb_blurb][\/et_pb_column][et_pb_column type=&#8221;1_2&#8243; _builder_version=&#8221;3.0.47&#8243;][et_pb_text _builder_version=&#8221;3.0.90&#8243;]<\/p>\n<p style=\"text-align: center;\"><iframe loading=\"lazy\" src=\"https:\/\/player.vimeo.com\/video\/116243069\" width=\"640\" height=\"360\" frameborder=\"0\" allowfullscreen=\"allowfullscreen\"><\/iframe><\/p>\n<p>[\/et_pb_text][\/et_pb_column][\/et_pb_row][\/et_pb_section][et_pb_section fb_built=&#8221;1&#8243; custom_padding_last_edited=&#8221;on|phone&#8221; prev_background_color=&#8221;#ffffff&#8221; next_background_color=&#8221;#ffffff&#8221; disabled_on=&#8221;on|on|off&#8221; _builder_version=&#8221;3.0.106&#8243; background_image=&#8221;https:\/\/ns381463.ip-94-23-248.eu\/GroupeOne2016\/wordpress\/wp-content\/uploads\/2017\/10\/BG-INFOLETTRE-ALL-ELEMENTS.png&#8221; custom_padding=&#8221;0px|0px|0px|0px&#8221; custom_padding_tablet=&#8221;|||0px&#8221; global_module=&#8221;119058&#8243; saved_tabs=&#8221;all&#8221;][et_pb_row _builder_version=&#8221;3.0.92&#8243; custom_css_main_element=&#8221;display: -webkit-box;||display: -ms-flexbox;||display: flex;||-webkit-box-align: center;||-ms-flex-align: center;||align-items: center;||-webkit-box-orient: horizontal;||-webkit-box-direction: normal;||-ms-flex-direction: row;||flex-direction: row;||-ms-flex-wrap: wrap;||flex-wrap: wrap;&#8221;][et_pb_column type=&#8221;2_3&#8243; _builder_version=&#8221;3.0.47&#8243;][et_pb_text _builder_version=&#8221;3.0.106&#8243; header_2_text_color=&#8221;#ffffff&#8221; header_2_font_size=&#8221;30px&#8221; header_2_line_height=&#8221;30px&#8221; module_alignment=&#8221;left&#8221; custom_margin=&#8221;|||100px&#8221; custom_css_before=&#8221;content:url(%22https:\/\/ns381463.ip-94-23-248.eu\/GroupeOne2016\/wordpress\/wp-content\/uploads\/2017\/12\/ARROW-TOP-INFOLETTRE-CADRE.png%22);||position:absolute;||bottom:95%;||left:3%;&#8221; locked=&#8221;off&#8221;]<\/p>\n<h2>Abonnez-vous \u00e0<br \/>la newsletter de l&#8217;entrepreneuriat durable<\/h2>\n<p>[\/et_pb_text][\/et_pb_column][et_pb_column type=&#8221;1_3&#8243; _builder_version=&#8221;3.0.47&#8243;][et_pb_code module_id=&#8221;dc_optin&#8221; custom_margin=&#8221;-50px|200px||&#8221; locked=&#8221;off&#8221;]<div class=\"et_bloom_inline_form et_bloom_optin et_bloom_make_form_visible et_bloom_optin_1\" style=\"display: none;\">\n\t\t\t\t<style type=\"text\/css\">.et_bloom .et_bloom_optin_1 .et_bloom_form_content { background-color: #ededed !important; } .et_bloom .et_bloom_optin_1 .et_bloom_form_container .et_bloom_form_header { background-color: #ffffff !important; } .et_bloom .et_bloom_optin_1 .et_bloom_form_content button { background-color: #a153e0 !important; } .et_bloom .et_bloom_optin_1 .et_bloom_form_content .et_bloom_fields i { color: #a153e0 !important; } .et_bloom .et_bloom_optin_1 .et_bloom_form_content .et_bloom_custom_field_radio i:before { background: #a153e0 !important; } .et_bloom .et_bloom_optin_1 .et_bloom_form_content button { background-color: #a153e0 !important; } .et_bloom .et_bloom_optin_1 .et_bloom_form_container h2, .et_bloom .et_bloom_optin_1 .et_bloom_form_container h2 span, .et_bloom .et_bloom_optin_1 .et_bloom_form_container h2 strong { font-family: \"Open Sans\", Helvetica, Arial, Lucida, sans-serif; }.et_bloom .et_bloom_optin_1 .et_bloom_form_container p, .et_bloom .et_bloom_optin_1 .et_bloom_form_container p span, .et_bloom .et_bloom_optin_1 .et_bloom_form_container p strong, .et_bloom .et_bloom_optin_1 .et_bloom_form_container form input, .et_bloom .et_bloom_optin_1 .et_bloom_form_container form button span { font-family: \"Open Sans\", Helvetica, Arial, Lucida, sans-serif; } \/* === Transparent Bloom Optin by Divi Cake === *\/ #dc_optin .et_bloom_form_container { background: none !important; } #dc_optin .et_bloom_form_header { background: none!important; } #dc_optin .et_bloom_bottom_inline { background: none !important; }<\/style>\n\t\t\t\t<div class=\"et_bloom_form_container  et_bloom_rounded_corners et_bloom_rounded et_bloom_form_text_dark et_bloom_form_bottom et_bloom_inline_1_field\">\n\t\t\t\t\t\n\t\t\t<div class=\"et_bloom_form_container_wrapper clearfix\">\n\t\t\t\t<div class=\"et_bloom_header_outer\">\n\t\t\t\t\t<div class=\"et_bloom_form_header et_bloom_header_text_dark\">\n\t\t\t\t\t\t\n\t\t\t\t\t\t\n\t\t\t\t\t\t\n\t\t\t\t\t<\/div>\n\t\t\t\t<\/div>\n\t\t\t\t<div class=\"et_bloom_form_content et_bloom_1_field et_bloom_bottom_inline et_bloom_custom_html_form\" data-optin_id=\"optin_1\" data-service=\"custom_form\" data-list_id=\"custom_form\" data-page_id=\"121292\" data-account=\"custom_form\">\n\t\t\t\t\t<!-- Begin MailChimp Signup Form -->\r\n<link href=\"\/\/cdn-images.mailchimp.com\/embedcode\/horizontal-slim-10_7.css\" rel=\"stylesheet\" type=\"text\/css\">\r\n<style type=\"text\/css\">\r\n\t#mc_embed_signup{background:#fff; clear:left; font:14px Helvetica,Arial,sans-serif; width:100%;}\r\n\t\/* Add your own MailChimp form style overrides in your site stylesheet or in this style block.\r\n\t   We recommend moving this block and the preceding CSS link to the HEAD of your HTML file. *\/\r\n<\/style>\r\n<div id=\"mc_embed_signup\">\r\n<form action=\"https:\/\/groupeone.us12.list-manage.com\/subscribe\/post?u=4b8cae888f20720725a172884&id=4ca247c289\" method=\"post\" id=\"mc-embedded-subscribe-form\" name=\"mc-embedded-subscribe-form\" class=\"validate\" target=\"_blank\" novalidate>\r\n    <div id=\"mc_embed_signup_scroll\">\r\n\t\r\n\t    <!-- real people should not fill this in and expect good things - do not remove this or risk form bot signups-->\r\n    <div style=\"position: absolute; left: -5000px;\" aria-hidden=\"true\"><input type=\"text\" name=\"b_4b8cae888f20720725a172884_4ca247c289\" tabindex=\"-1\" value=\"\"><\/div>\r\n    <div class=\"clear\"><input type=\"submit\" value=\"S'inscrire\" name=\"subscribe\" id=\"mc-embedded-subscribe\" class=\"button\"><\/div>\r\n    <\/div>\r\n<\/form>\r\n<\/div>\r\n\r\n<!--End mc_embed_signup-->\n\t\t\t\t\t<div class=\"et_bloom_success_container\">\n\t\t\t\t\t\t<span class=\"et_bloom_success_checkmark\"><\/span>\n\t\t\t\t\t<\/div>\n\t\t\t\t\t<h2 class=\"et_bloom_success_message\">You have Successfully Subscribed!<\/h2>\n\t\t\t\t\t\n\t\t\t\t<\/div>\n\t\t\t<\/div>\n\t\t\t<span class=\"et_bloom_close_button\"><\/span>\n\t\t\t\t<\/div>\n\t\t\t<\/div>[\/et_pb_code][\/et_pb_column][\/et_pb_row][\/et_pb_section]<\/p>\n","protected":false},"excerpt":{"rendered":"<p>\u00a0&nbsp; La formation EcoInnov est une formation de neuf jours \u00e0 l\u2019entrepreneuriat durable. Elle est bas\u00e9e sur une m\u00e9thodologie participative concr\u00e8te\u00a0et innovante. Elle vous offre une s\u00e9rie d\u2019outils de gestion [&hellip;]<\/p>\n","protected":false},"author":14,"featured_media":0,"parent":118835,"menu_order":0,"comment_status":"closed","ping_status":"closed","template":"","meta":{"_et_pb_use_builder":"on","_et_pb_old_content":"","_et_gb_content_width":""},"yoast_head":"<!-- This site is optimized with the Yoast SEO plugin v19.13 - https:\/\/yoast.com\/wordpress\/plugins\/seo\/ -->\n<title>Programme : EcoInnov - Groupe One<\/title>\n<meta name=\"robots\" content=\"index, follow, max-snippet:-1, max-image-preview:large, max-video-preview:-1\" \/>\n<link rel=\"canonical\" href=\"https:\/\/ns381463.ip-94-23-248.eu\/GroupeOne2016\/wordpress\/creer-son-entreprise\/ecoinnov\/\" \/>\n<meta property=\"og:locale\" content=\"fr_FR\" \/>\n<meta property=\"og:type\" content=\"article\" \/>\n<meta property=\"og:title\" content=\"Programme : EcoInnov - Groupe One\" \/>\n<meta property=\"og:description\" content=\"\u00a0&nbsp; La formation EcoInnov est une formation de neuf jours \u00e0 l\u2019entrepreneuriat durable. Elle est bas\u00e9e sur une m\u00e9thodologie participative concr\u00e8te\u00a0et innovante. Elle vous offre une s\u00e9rie d\u2019outils de gestion [&hellip;]\" \/>\n<meta property=\"og:url\" content=\"https:\/\/ns381463.ip-94-23-248.eu\/GroupeOne2016\/wordpress\/creer-son-entreprise\/ecoinnov\/\" \/>\n<meta property=\"og:site_name\" content=\"Groupe One\" \/>\n<meta property=\"article:modified_time\" content=\"2022-12-21T14:43:44+00:00\" \/>\n<meta name=\"twitter:card\" content=\"summary_large_image\" \/>\n<meta name=\"twitter:label1\" content=\"Dur\u00e9e de lecture estim\u00e9e\" \/>\n\t<meta name=\"twitter:data1\" content=\"7 minutes\" \/>\n<script type=\"application\/ld+json\" class=\"yoast-schema-graph\">{\"@context\":\"https:\/\/schema.org\",\"@graph\":[{\"@type\":\"WebPage\",\"@id\":\"https:\/\/ns381463.ip-94-23-248.eu\/GroupeOne2016\/wordpress\/creer-son-entreprise\/ecoinnov\/\",\"url\":\"https:\/\/ns381463.ip-94-23-248.eu\/GroupeOne2016\/wordpress\/creer-son-entreprise\/ecoinnov\/\",\"name\":\"Programme : EcoInnov - Groupe One\",\"isPartOf\":{\"@id\":\"https:\/\/ns381463.ip-94-23-248.eu\/GroupeOne2016\/wordpress\/#website\"},\"datePublished\":\"2017-11-30T13:45:15+00:00\",\"dateModified\":\"2022-12-21T14:43:44+00:00\",\"breadcrumb\":{\"@id\":\"https:\/\/ns381463.ip-94-23-248.eu\/GroupeOne2016\/wordpress\/creer-son-entreprise\/ecoinnov\/#breadcrumb\"},\"inLanguage\":\"fr-FR\",\"potentialAction\":[{\"@type\":\"ReadAction\",\"target\":[\"https:\/\/ns381463.ip-94-23-248.eu\/GroupeOne2016\/wordpress\/creer-son-entreprise\/ecoinnov\/\"]}]},{\"@type\":\"BreadcrumbList\",\"@id\":\"https:\/\/ns381463.ip-94-23-248.eu\/GroupeOne2016\/wordpress\/creer-son-entreprise\/ecoinnov\/#breadcrumb\",\"itemListElement\":[{\"@type\":\"ListItem\",\"position\":1,\"name\":\"Accueil\",\"item\":\"https:\/\/ns381463.ip-94-23-248.eu\/GroupeOne2016\/wordpress\/\"},{\"@type\":\"ListItem\",\"position\":2,\"name\":\"Cr\u00e9er son entreprise\",\"item\":\"https:\/\/ns381463.ip-94-23-248.eu\/GroupeOne2016\/wordpress\/creer-son-entreprise\/\"},{\"@type\":\"ListItem\",\"position\":3,\"name\":\"Programme : EcoInnov\"}]},{\"@type\":\"WebSite\",\"@id\":\"https:\/\/ns381463.ip-94-23-248.eu\/GroupeOne2016\/wordpress\/#website\",\"url\":\"https:\/\/ns381463.ip-94-23-248.eu\/GroupeOne2016\/wordpress\/\",\"name\":\"Groupe One\",\"description\":\"Groupe One est une organisation belge qui facilite la transition vers une \u00e9conomie durable. Elle est active \u00e0 Bruxelles et en Wallonie.\",\"potentialAction\":[{\"@type\":\"SearchAction\",\"target\":{\"@type\":\"EntryPoint\",\"urlTemplate\":\"https:\/\/ns381463.ip-94-23-248.eu\/GroupeOne2016\/wordpress\/?s={search_term_string}\"},\"query-input\":\"required name=search_term_string\"}],\"inLanguage\":\"fr-FR\"}]}<\/script>\n<!-- \/ Yoast SEO plugin. -->","yoast_head_json":{"title":"Programme : EcoInnov - Groupe One","robots":{"index":"index","follow":"follow","max-snippet":"max-snippet:-1","max-image-preview":"max-image-preview:large","max-video-preview":"max-video-preview:-1"},"canonical":"https:\/\/ns381463.ip-94-23-248.eu\/GroupeOne2016\/wordpress\/creer-son-entreprise\/ecoinnov\/","og_locale":"fr_FR","og_type":"article","og_title":"Programme : EcoInnov - Groupe One","og_description":"\u00a0&nbsp; La formation EcoInnov est une formation de neuf jours \u00e0 l\u2019entrepreneuriat durable. Elle est bas\u00e9e sur une m\u00e9thodologie participative concr\u00e8te\u00a0et innovante. Elle vous offre une s\u00e9rie d\u2019outils de gestion [&hellip;]","og_url":"https:\/\/ns381463.ip-94-23-248.eu\/GroupeOne2016\/wordpress\/creer-son-entreprise\/ecoinnov\/","og_site_name":"Groupe One","article_modified_time":"2022-12-21T14:43:44+00:00","twitter_card":"summary_large_image","twitter_misc":{"Dur\u00e9e de lecture estim\u00e9e":"7 minutes"},"schema":{"@context":"https:\/\/schema.org","@graph":[{"@type":"WebPage","@id":"https:\/\/ns381463.ip-94-23-248.eu\/GroupeOne2016\/wordpress\/creer-son-entreprise\/ecoinnov\/","url":"https:\/\/ns381463.ip-94-23-248.eu\/GroupeOne2016\/wordpress\/creer-son-entreprise\/ecoinnov\/","name":"Programme : EcoInnov - Groupe One","isPartOf":{"@id":"https:\/\/ns381463.ip-94-23-248.eu\/GroupeOne2016\/wordpress\/#website"},"datePublished":"2017-11-30T13:45:15+00:00","dateModified":"2022-12-21T14:43:44+00:00","breadcrumb":{"@id":"https:\/\/ns381463.ip-94-23-248.eu\/GroupeOne2016\/wordpress\/creer-son-entreprise\/ecoinnov\/#breadcrumb"},"inLanguage":"fr-FR","potentialAction":[{"@type":"ReadAction","target":["https:\/\/ns381463.ip-94-23-248.eu\/GroupeOne2016\/wordpress\/creer-son-entreprise\/ecoinnov\/"]}]},{"@type":"BreadcrumbList","@id":"https:\/\/ns381463.ip-94-23-248.eu\/GroupeOne2016\/wordpress\/creer-son-entreprise\/ecoinnov\/#breadcrumb","itemListElement":[{"@type":"ListItem","position":1,"name":"Accueil","item":"https:\/\/ns381463.ip-94-23-248.eu\/GroupeOne2016\/wordpress\/"},{"@type":"ListItem","position":2,"name":"Cr\u00e9er son entreprise","item":"https:\/\/ns381463.ip-94-23-248.eu\/GroupeOne2016\/wordpress\/creer-son-entreprise\/"},{"@type":"ListItem","position":3,"name":"Programme : EcoInnov"}]},{"@type":"WebSite","@id":"https:\/\/ns381463.ip-94-23-248.eu\/GroupeOne2016\/wordpress\/#website","url":"https:\/\/ns381463.ip-94-23-248.eu\/GroupeOne2016\/wordpress\/","name":"Groupe One","description":"Groupe One est une organisation belge qui facilite la transition vers une \u00e9conomie durable. Elle est active \u00e0 Bruxelles et en Wallonie.","potentialAction":[{"@type":"SearchAction","target":{"@type":"EntryPoint","urlTemplate":"https:\/\/ns381463.ip-94-23-248.eu\/GroupeOne2016\/wordpress\/?s={search_term_string}"},"query-input":"required name=search_term_string"}],"inLanguage":"fr-FR"}]}},"_links":{"self":[{"href":"https:\/\/ns381463.ip-94-23-248.eu\/GroupeOne2016\/wordpress\/wp-json\/wp\/v2\/pages\/121292"}],"collection":[{"href":"https:\/\/ns381463.ip-94-23-248.eu\/GroupeOne2016\/wordpress\/wp-json\/wp\/v2\/pages"}],"about":[{"href":"https:\/\/ns381463.ip-94-23-248.eu\/GroupeOne2016\/wordpress\/wp-json\/wp\/v2\/types\/page"}],"author":[{"embeddable":true,"href":"https:\/\/ns381463.ip-94-23-248.eu\/GroupeOne2016\/wordpress\/wp-json\/wp\/v2\/users\/14"}],"replies":[{"embeddable":true,"href":"https:\/\/ns381463.ip-94-23-248.eu\/GroupeOne2016\/wordpress\/wp-json\/wp\/v2\/comments?post=121292"}],"version-history":[{"count":22,"href":"https:\/\/ns381463.ip-94-23-248.eu\/GroupeOne2016\/wordpress\/wp-json\/wp\/v2\/pages\/121292\/revisions"}],"predecessor-version":[{"id":126029,"href":"https:\/\/ns381463.ip-94-23-248.eu\/GroupeOne2016\/wordpress\/wp-json\/wp\/v2\/pages\/121292\/revisions\/126029"}],"up":[{"embeddable":true,"href":"https:\/\/ns381463.ip-94-23-248.eu\/GroupeOne2016\/wordpress\/wp-json\/wp\/v2\/pages\/118835"}],"wp:attachment":[{"href":"https:\/\/ns381463.ip-94-23-248.eu\/GroupeOne2016\/wordpress\/wp-json\/wp\/v2\/media?parent=121292"}],"curies":[{"name":"wp","href":"https:\/\/api.w.org\/{rel}","templated":true}]}}