{"id":120946,"date":"2017-11-27T16:15:48","date_gmt":"2017-11-27T15:15:48","guid":{"rendered":"https:\/\/ns381463.ip-94-23-248.eu\/GroupeOne2016\/wordpress\/?page_id=120946"},"modified":"2022-12-21T15:51:43","modified_gmt":"2022-12-21T14:51:43","slug":"empreinte-bw","status":"publish","type":"page","link":"https:\/\/ns381463.ip-94-23-248.eu\/GroupeOne2016\/wordpress\/nos-projets\/empreinte-bw\/","title":{"rendered":"Empreinte BW"},"content":{"rendered":"<p>[et_pb_section fb_built=&#8221;1&#8243; fullwidth=&#8221;on&#8221; _builder_version=&#8221;3.0.89&#8243; global_module=&#8221;120274&#8243;][et_pb_fullwidth_menu menu_id=&#8221;2&#8243; submenu_direction=&#8221;downwards&#8221; fullwidth_menu=&#8221;on&#8221; active_link_color=&#8221;#adbb39&#8243; dropdown_menu_bg_color=&#8221;#ffffff&#8221; dropdown_menu_line_color=&#8221;#adbb39&#8243; dropdown_menu_text_color=&#8221;#003957&#8243; mobile_menu_bg_color=&#8221;#ffffff&#8221; mobile_menu_text_color=&#8221;#003957&#8243; module_id=&#8221;menu_full_custom&#8221; _builder_version=&#8221;3.0.95&#8243; menu_font=&#8221;|700|||||||&#8221; menu_font_size=&#8221;15px&#8221; menu_text_color=&#8221;#003957&#8243; background_size=&#8221;initial&#8221; background_position=&#8221;top_left&#8221; background_repeat=&#8221;repeat&#8221; text_orientation=&#8221;right&#8221; background_color=&#8221;#ffffff&#8221;]<\/p>\n<p>\u00a0<\/p>\n<p>[\/et_pb_fullwidth_menu][\/et_pb_section][et_pb_section fb_built=&#8221;1&#8243; fullwidth=&#8221;on&#8221; _builder_version=&#8221;3.0.95&#8243; background_image=&#8221;https:\/\/ns381463.ip-94-23-248.eu\/GroupeOne2016\/wordpress\/wp-content\/uploads\/2017\/12\/NOS-PROJETS-BANNER-TITRE-1920x400BANNER-TITRE-1920&#215;400.jpg&#8221; custom_padding=&#8221;50px||50px|&#8221;][et_pb_fullwidth_header title=&#8221;empreinte bw&#8221; text_orientation=&#8221;center&#8221; background_overlay_color=&#8221;rgba(0,57,87,0)&#8221; disabled_on=&#8221;off|off|off&#8221; _builder_version=&#8221;3.0.90&#8243; title_font=&#8221;Nunito|700||on|||||&#8221; title_text_align=&#8221;center&#8221; title_font_size=&#8221;36&#8243; title_text_color=&#8221;#ffffff&#8221; custom_margin=&#8221;|||&#8221; custom_padding=&#8221;|||&#8221;][\/et_pb_fullwidth_header][\/et_pb_section][et_pb_section fb_built=&#8221;1&#8243; _builder_version=&#8221;3.0.86&#8243; custom_padding=&#8221;74.5938px|0px|49px|0px&#8221;][et_pb_row _builder_version=&#8221;3.0.86&#8243;][et_pb_column type=&#8221;2_3&#8243; _builder_version=&#8221;3.0.47&#8243; parallax=&#8221;off&#8221; parallax_method=&#8221;on&#8221;][et_pb_text _builder_version=&#8221;3.0.92&#8243; text_font=&#8221;|300|||||||&#8221; header_font=&#8221;||||||||&#8221; header_2_font=&#8221;H3 Tisa OT Medium 24|500|||||||&#8221; header_2_font_size=&#8221;36px&#8221; custom_padding=&#8221;|||20px&#8221; custom_css_after=&#8221;content:url(%22https:\/\/ns381463.ip-94-23-248.eu\/GroupeOne2016\/wordpress\/wp-content\/uploads\/2017\/10\/TITLE-AFTER.png%22);||positiion:absolute;||margin-left:-40px;&#8221;]<\/p>\n<h2>Description du projet<\/h2>\n<p>[\/et_pb_text][\/et_pb_column][et_pb_column type=&#8221;1_3&#8243; _builder_version=&#8221;3.0.47&#8243; parallax=&#8221;off&#8221; parallax_method=&#8221;on&#8221;][\/et_pb_column][\/et_pb_row][et_pb_row custom_padding=&#8221;0px|0px|37.3px|0px&#8221; _builder_version=&#8221;3.0.86&#8243;][et_pb_column type=&#8221;2_3&#8243; _builder_version=&#8221;3.0.47&#8243; parallax=&#8221;off&#8221; parallax_method=&#8221;on&#8221;][et_pb_text _builder_version=&#8221;3.0.89&#8243; text_font=&#8221;Nunito||||||||&#8221; text_font_size=&#8221;18px&#8221; text_text_color=&#8221;#003957&#8243; text_line_height=&#8221;30px&#8221; header_font=&#8221;H3 Tisa OT Medium 24||||||||&#8221; header_text_align=&#8221;center&#8221; header_font_size=&#8221;20px&#8221; header_text_color=&#8221;#003957&#8243; module_alignment=&#8221;center&#8221; custom_margin=&#8221;|||30px&#8221; custom_padding=&#8221;10px|10px|10px|10px&#8221;]<\/p>\n<p>La vision port\u00e9e par les partenaires du projet Empreinte BW est fond\u00e9e sur la conviction que le fonctionnement actuel des syst\u00e8mes alimentaires (globalis\u00e9s, industriels, longs) n\u2019est pas durable aux niveaux social, \u00e9conomique et environnemental, et qu\u2019il est n\u00e9cessaire de produire des changements dans les fa\u00e7ons de faire.<\/p>\n<p>Dans le cadre de ce projet, cette vision se centre sur la valorisation et le d\u00e9veloppement des circuits courts alimentaires de proximit\u00e9 au sein du Brabant wallon.<\/p>\n<p>Empreinte BW a pour objectif de participer au d\u00e9veloppement d\u2019un syst\u00e8me alimentaire coh\u00e9rent au sein du territoire provincial ; le circuit court de proximit\u00e9 est la pierre angulaire de ce type de syst\u00e8mes alimentaires territorialis\u00e9s.<\/p>\n<p>Les partenaires du projet Empreinte BW se sont fix\u00e9s comme objectif de cr\u00e9er des structures favorisant l\u2019organisation et l\u2019efficacit\u00e9 des circuits courts alimentaires durables de proximit\u00e9.<\/p>\n<p>Cet objectif sera atteint par la r\u00e9alisation de plusieurs actions continues bas\u00e9es sur une meilleure rencontre entre les offres et les demandes, notamment :<\/p>\n<ul>\n<li>La cr\u00e9ation et l\u2019animation de la communaut\u00e9 Empreinte BW, rassemblant les diff\u00e9rents acteurs des fili\u00e8res alimentaires (producteurs, transformateurs, distributeurs-facilitateurs et consommateurs)\u00a0;<\/li>\n<li>Le renforcement et la structuration des collaborations concr\u00e8tes entre ces diff\u00e9rents acteurs, rassemblant \u00e0 la fois les partenaires financ\u00e9s du projet, ses parrains et accompagnateurs, mais aussi les destinataires de son action (producteurs, transformateurs, distributeurs-facilitateurs et consommateurs) ;<\/li>\n<li>L\u2019accompagnement \u00e0 la cr\u00e9ation d\u2019activit\u00e9s \u00e9conomiques n\u00e9cessaires dans le cadre de la structuration des fili\u00e8res \u00e9tudi\u00e9es et de structures adapt\u00e9es aux d\u00e9fis de la distribution en circuits courts.<\/li>\n<\/ul>\n<p>[\/et_pb_text][\/et_pb_column][et_pb_column type=&#8221;1_3&#8243; _builder_version=&#8221;3.0.47&#8243; parallax=&#8221;off&#8221; parallax_method=&#8221;on&#8221;][et_pb_image src=&#8221;https:\/\/ns381463.ip-94-23-248.eu\/GroupeOne2016\/wordpress\/wp-content\/uploads\/2017\/11\/2K2A4067-OPT.jpg&#8221; _builder_version=&#8221;3.0.89&#8243;][\/et_pb_image][\/et_pb_column][\/et_pb_row][et_pb_row _builder_version=&#8221;3.0.86&#8243;][et_pb_column type=&#8221;4_4&#8243; _builder_version=&#8221;3.0.47&#8243; parallax=&#8221;off&#8221; parallax_method=&#8221;on&#8221;][et_pb_text _builder_version=&#8221;3.0.83&#8243; text_font=&#8221;|300|||||||&#8221; header_font=&#8221;||||||||&#8221; header_2_font=&#8221;H3 Tisa OT Medium 24|500|||||||&#8221; header_2_font_size=&#8221;36px&#8221; custom_padding=&#8221;|||20px&#8221; custom_css_after=&#8221;content:url(%22https:\/\/ns381463.ip-94-23-248.eu\/GroupeOne2016\/wordpress\/wp-content\/uploads\/2017\/10\/TITLE-AFTER.png%22);||positiion:absolute;||margin-left:-40px;&#8221;]<\/p>\n<h2>Quelques chiffres<\/h2>\n<p>[\/et_pb_text][et_pb_text _builder_version=&#8221;3.0.89&#8243; text_font=&#8221;Nunito||||||||&#8221; text_font_size=&#8221;18px&#8221; text_text_color=&#8221;#003957&#8243; text_line_height=&#8221;30px&#8221; header_font=&#8221;H3 Tisa OT Medium 24||||||||&#8221; header_text_align=&#8221;center&#8221; header_font_size=&#8221;20px&#8221; header_text_color=&#8221;#003957&#8243; module_alignment=&#8221;center&#8221; custom_margin=&#8221;|||30px&#8221; custom_padding=&#8221;10px|10px|10px|10px&#8221;]<\/p>\n<p>D\u2019un point de vue global, les objectifs concrets suivants ont \u00e9t\u00e9 fix\u00e9s dans les termes de la demande de subsides :<\/p>\n<ul>\n<li><strong>8<\/strong> activit\u00e9s \u00e9conomiques cr\u00e9\u00e9es ;<\/li>\n<li><strong>12<\/strong> bourses de pr\u00e9-activit\u00e9s sollicit\u00e9es ;<\/li>\n<li><strong>3<\/strong> financements brasero ;<\/li>\n<li><strong>40<\/strong> organisations autour de la communaut\u00e9 Empreinte BW ;<\/li>\n<li><strong>1200<\/strong> citoyens engag\u00e9s ;<\/li>\n<\/ul>\n<p>et des \u00e9v\u00e9nements de mise en lien :<\/p>\n<ul>\n<li><strong>2<\/strong> rassemblements de la communaut\u00e9<\/li>\n<li><strong>5<\/strong> ateliers \u00ab fili\u00e8res \u00bb<\/li>\n<li><strong>5<\/strong> ateliers \u00ab distribution B2B \u00bb<\/li>\n<li><strong>4<\/strong> ateliers territoriaux citoyens<\/li>\n<li><strong>20<\/strong> sessions d\u2019accompagnement\/sui\/\u00e9change<\/li>\n<li><strong>1<\/strong> salon B2B<\/li>\n<\/ul>\n<p>[\/et_pb_text][\/et_pb_column][\/et_pb_row][et_pb_row custom_padding=&#8221;38.0938px|20px|38.0938px|20px&#8221; background_color=&#8221;#f9f9f9&#8243; _builder_version=&#8221;3.0.89&#8243;][et_pb_column type=&#8221;1_2&#8243; _builder_version=&#8221;3.0.47&#8243; parallax=&#8221;off&#8221; parallax_method=&#8221;on&#8221;][et_pb_blurb title=&#8221;Charg\u00e9(e)(s) de projet :&#8221; _builder_version=&#8221;3.0.90&#8243; header_font=&#8221;Nunito|700|||||||&#8221;]J\u00e9r\u00f4me Veriter<br \/>\n[\/et_pb_blurb][\/et_pb_column][et_pb_column type=&#8221;1_2&#8243; _builder_version=&#8221;3.0.47&#8243; parallax=&#8221;off&#8221; parallax_method=&#8221;on&#8221;][et_pb_blurb title=&#8221;Public(s)-cible(s) :&#8221; _builder_version=&#8221;3.0.90&#8243; header_font=&#8221;Nunito|700|||||||&#8221; locked=&#8221;off&#8221;]Acteurs de l&#8217;alimentation durable (producteurs, transformateurs, distributeurs) du Brabant wallon, porteurs de projet et citoyens<br \/>\n[\/et_pb_blurb][\/et_pb_column][\/et_pb_row][et_pb_row custom_padding=&#8221;38.0938px|20px|38.0938px|20px&#8221; _builder_version=&#8221;3.0.89&#8243;][et_pb_column type=&#8221;1_2&#8243; _builder_version=&#8221;3.0.47&#8243; parallax=&#8221;off&#8221; parallax_method=&#8221;on&#8221;][et_pb_blurb title=&#8221;Territoire(s) :&#8221; _builder_version=&#8221;3.0.90&#8243; header_font=&#8221;Nunito|700|||||||&#8221;]Wallonie<br \/>\n[\/et_pb_blurb][\/et_pb_column][et_pb_column type=&#8221;1_2&#8243; _builder_version=&#8221;3.0.47&#8243; parallax=&#8221;off&#8221; parallax_method=&#8221;on&#8221;][et_pb_blurb title=&#8221;Th\u00e9matique(s) :&#8221; _builder_version=&#8221;3.0.90&#8243; header_font=&#8221;Nunito|700|||||||&#8221; locked=&#8221;off&#8221;]Agriculture et alimentation durable, Economie locale<br \/>\n[\/et_pb_blurb][\/et_pb_column][\/et_pb_row][et_pb_row custom_padding=&#8221;38.0938px|20px|38.0938px|20px&#8221; background_color=&#8221;#f9f9f9&#8243; _builder_version=&#8221;3.0.89&#8243;][et_pb_column type=&#8221;1_2&#8243; _builder_version=&#8221;3.0.47&#8243; parallax=&#8221;off&#8221; parallax_method=&#8221;on&#8221;][et_pb_blurb title=&#8221;Partenaire(s) :&#8221; _builder_version=&#8221;3.0.90&#8243; header_font=&#8221;Nunito|700|||||||&#8221;]Cr\u00e9dal, Made In BW, GAL Culturalit\u00e9, Cr\u00e9ajob, Province du Brabant-wallon<br \/>\n[\/et_pb_blurb][\/et_pb_column][et_pb_column type=&#8221;1_2&#8243; _builder_version=&#8221;3.0.47&#8243; parallax=&#8221;off&#8221; parallax_method=&#8221;on&#8221;][et_pb_blurb title=&#8221;Financement(s) :&#8221; _builder_version=&#8221;3.0.90&#8243; header_font=&#8221;Nunito|700|||||||&#8221; locked=&#8221;off&#8221;]Agence pour l\u2019Entreprise &#038; l\u2019Innovation (AEI)<br \/>\n[\/et_pb_blurb][\/et_pb_column][\/et_pb_row][\/et_pb_section][et_pb_section fb_built=&#8221;1&#8243; disabled_on=&#8221;on|on|off&#8221; custom_padding_last_edited=&#8221;on|phone&#8221; _builder_version=&#8221;3.0.95&#8243; background_image=&#8221;https:\/\/ns381463.ip-94-23-248.eu\/GroupeOne2016\/wordpress\/wp-content\/uploads\/2017\/10\/BG-NEWSLETTERS-2.png&#8221; custom_padding=&#8221;0px|0px|0px|0px&#8221; custom_padding_tablet=&#8221;|||0px&#8221; disabled=&#8221;on&#8221; global_module=&#8221;119058&#8243; saved_tabs=&#8221;all&#8221;][et_pb_row _builder_version=&#8221;3.0.92&#8243; custom_css_main_element=&#8221;display: -webkit-box;||display: -ms-flexbox;||display: flex;||-webkit-box-align: center;||-ms-flex-align: center;||align-items: center;||-webkit-box-orient: horizontal;||-webkit-box-direction: normal;||-ms-flex-direction: row;||flex-direction: row;||-ms-flex-wrap: wrap;||flex-wrap: wrap;&#8221;][et_pb_column type=&#8221;2_3&#8243; _builder_version=&#8221;3.0.47&#8243; parallax=&#8221;off&#8221; parallax_method=&#8221;on&#8221;][et_pb_text _builder_version=&#8221;3.0.92&#8243; text_font=&#8221;||||||||&#8221; header_font=&#8221;||||||||&#8221; header_2_font=&#8221;||||||||&#8221; header_2_font_size=&#8221;30px&#8221; header_2_text_color=&#8221;#ffffff&#8221; header_2_line_height=&#8221;30px&#8221; module_alignment=&#8221;left&#8221; custom_margin=&#8221;|||100px&#8221; custom_css_before=&#8221;content:url(%22https:\/\/ns381463.ip-94-23-248.eu\/GroupeOne2016\/wordpress\/wp-content\/uploads\/2017\/12\/ARROW-TOP-INFOLETTRE-CADRE.png%22);||position:absolute;||bottom:95%;||left:3%;&#8221; locked=&#8221;off&#8221;]<\/p>\n<h2>Abonnez-vous \u00e0<br \/> la newsletter de l&#8217;entrepreneuriat durable<\/h2>\n<p>[\/et_pb_text][\/et_pb_column][et_pb_column type=&#8221;1_3&#8243; _builder_version=&#8221;3.0.47&#8243; parallax=&#8221;off&#8221; parallax_method=&#8221;on&#8221;][et_pb_code module_id=&#8221;dc_optin&#8221; _builder_version=&#8221;3.0.92&#8243; custom_margin=&#8221;-50px|200px||&#8221; locked=&#8221;off&#8221;][\/et_pb_code][\/et_pb_column][\/et_pb_row][\/et_pb_section]<\/p>\n","protected":false},"excerpt":{"rendered":"<p>\u00a0Description du projetLa vision port\u00e9e par les partenaires du projet Empreinte BW est fond\u00e9e sur la conviction que le fonctionnement actuel des syst\u00e8mes alimentaires (globalis\u00e9s, industriels, longs) n\u2019est pas durable [&hellip;]<\/p>\n","protected":false},"author":14,"featured_media":0,"parent":119228,"menu_order":0,"comment_status":"closed","ping_status":"closed","template":"","meta":{"_et_pb_use_builder":"on","_et_pb_old_content":"","_et_gb_content_width":""},"yoast_head":"<!-- This site is optimized with the Yoast SEO plugin v19.13 - https:\/\/yoast.com\/wordpress\/plugins\/seo\/ -->\n<title>Empreinte BW - Groupe One<\/title>\n<meta name=\"robots\" content=\"index, follow, max-snippet:-1, max-image-preview:large, max-video-preview:-1\" \/>\n<link rel=\"canonical\" href=\"https:\/\/ns381463.ip-94-23-248.eu\/GroupeOne2016\/wordpress\/nos-projets\/empreinte-bw\/\" \/>\n<meta property=\"og:locale\" content=\"fr_FR\" \/>\n<meta property=\"og:type\" content=\"article\" \/>\n<meta property=\"og:title\" content=\"Empreinte BW - Groupe One\" \/>\n<meta property=\"og:description\" content=\"\u00a0Description du projetLa vision port\u00e9e par les partenaires du projet Empreinte BW est fond\u00e9e sur la conviction que le fonctionnement actuel des syst\u00e8mes alimentaires (globalis\u00e9s, industriels, longs) n\u2019est pas durable [&hellip;]\" \/>\n<meta property=\"og:url\" content=\"https:\/\/ns381463.ip-94-23-248.eu\/GroupeOne2016\/wordpress\/nos-projets\/empreinte-bw\/\" \/>\n<meta property=\"og:site_name\" content=\"Groupe One\" \/>\n<meta property=\"article:modified_time\" content=\"2022-12-21T14:51:43+00:00\" \/>\n<meta name=\"twitter:card\" content=\"summary_large_image\" \/>\n<meta name=\"twitter:label1\" content=\"Dur\u00e9e de lecture estim\u00e9e\" \/>\n\t<meta name=\"twitter:data1\" content=\"7 minutes\" \/>\n<script type=\"application\/ld+json\" class=\"yoast-schema-graph\">{\"@context\":\"https:\/\/schema.org\",\"@graph\":[{\"@type\":\"WebPage\",\"@id\":\"https:\/\/ns381463.ip-94-23-248.eu\/GroupeOne2016\/wordpress\/nos-projets\/empreinte-bw\/\",\"url\":\"https:\/\/ns381463.ip-94-23-248.eu\/GroupeOne2016\/wordpress\/nos-projets\/empreinte-bw\/\",\"name\":\"Empreinte BW - Groupe One\",\"isPartOf\":{\"@id\":\"https:\/\/ns381463.ip-94-23-248.eu\/GroupeOne2016\/wordpress\/#website\"},\"datePublished\":\"2017-11-27T15:15:48+00:00\",\"dateModified\":\"2022-12-21T14:51:43+00:00\",\"breadcrumb\":{\"@id\":\"https:\/\/ns381463.ip-94-23-248.eu\/GroupeOne2016\/wordpress\/nos-projets\/empreinte-bw\/#breadcrumb\"},\"inLanguage\":\"fr-FR\",\"potentialAction\":[{\"@type\":\"ReadAction\",\"target\":[\"https:\/\/ns381463.ip-94-23-248.eu\/GroupeOne2016\/wordpress\/nos-projets\/empreinte-bw\/\"]}]},{\"@type\":\"BreadcrumbList\",\"@id\":\"https:\/\/ns381463.ip-94-23-248.eu\/GroupeOne2016\/wordpress\/nos-projets\/empreinte-bw\/#breadcrumb\",\"itemListElement\":[{\"@type\":\"ListItem\",\"position\":1,\"name\":\"Accueil\",\"item\":\"https:\/\/ns381463.ip-94-23-248.eu\/GroupeOne2016\/wordpress\/\"},{\"@type\":\"ListItem\",\"position\":2,\"name\":\"Nos projets\",\"item\":\"https:\/\/ns381463.ip-94-23-248.eu\/GroupeOne2016\/wordpress\/nos-projets\/\"},{\"@type\":\"ListItem\",\"position\":3,\"name\":\"Empreinte BW\"}]},{\"@type\":\"WebSite\",\"@id\":\"https:\/\/ns381463.ip-94-23-248.eu\/GroupeOne2016\/wordpress\/#website\",\"url\":\"https:\/\/ns381463.ip-94-23-248.eu\/GroupeOne2016\/wordpress\/\",\"name\":\"Groupe One\",\"description\":\"Groupe One est une organisation belge qui facilite la transition vers une \u00e9conomie durable. Elle est active \u00e0 Bruxelles et en Wallonie.\",\"potentialAction\":[{\"@type\":\"SearchAction\",\"target\":{\"@type\":\"EntryPoint\",\"urlTemplate\":\"https:\/\/ns381463.ip-94-23-248.eu\/GroupeOne2016\/wordpress\/?s={search_term_string}\"},\"query-input\":\"required name=search_term_string\"}],\"inLanguage\":\"fr-FR\"}]}<\/script>\n<!-- \/ Yoast SEO plugin. -->","yoast_head_json":{"title":"Empreinte BW - Groupe One","robots":{"index":"index","follow":"follow","max-snippet":"max-snippet:-1","max-image-preview":"max-image-preview:large","max-video-preview":"max-video-preview:-1"},"canonical":"https:\/\/ns381463.ip-94-23-248.eu\/GroupeOne2016\/wordpress\/nos-projets\/empreinte-bw\/","og_locale":"fr_FR","og_type":"article","og_title":"Empreinte BW - Groupe One","og_description":"\u00a0Description du projetLa vision port\u00e9e par les partenaires du projet Empreinte BW est fond\u00e9e sur la conviction que le fonctionnement actuel des syst\u00e8mes alimentaires (globalis\u00e9s, industriels, longs) n\u2019est pas durable [&hellip;]","og_url":"https:\/\/ns381463.ip-94-23-248.eu\/GroupeOne2016\/wordpress\/nos-projets\/empreinte-bw\/","og_site_name":"Groupe One","article_modified_time":"2022-12-21T14:51:43+00:00","twitter_card":"summary_large_image","twitter_misc":{"Dur\u00e9e de lecture estim\u00e9e":"7 minutes"},"schema":{"@context":"https:\/\/schema.org","@graph":[{"@type":"WebPage","@id":"https:\/\/ns381463.ip-94-23-248.eu\/GroupeOne2016\/wordpress\/nos-projets\/empreinte-bw\/","url":"https:\/\/ns381463.ip-94-23-248.eu\/GroupeOne2016\/wordpress\/nos-projets\/empreinte-bw\/","name":"Empreinte BW - Groupe One","isPartOf":{"@id":"https:\/\/ns381463.ip-94-23-248.eu\/GroupeOne2016\/wordpress\/#website"},"datePublished":"2017-11-27T15:15:48+00:00","dateModified":"2022-12-21T14:51:43+00:00","breadcrumb":{"@id":"https:\/\/ns381463.ip-94-23-248.eu\/GroupeOne2016\/wordpress\/nos-projets\/empreinte-bw\/#breadcrumb"},"inLanguage":"fr-FR","potentialAction":[{"@type":"ReadAction","target":["https:\/\/ns381463.ip-94-23-248.eu\/GroupeOne2016\/wordpress\/nos-projets\/empreinte-bw\/"]}]},{"@type":"BreadcrumbList","@id":"https:\/\/ns381463.ip-94-23-248.eu\/GroupeOne2016\/wordpress\/nos-projets\/empreinte-bw\/#breadcrumb","itemListElement":[{"@type":"ListItem","position":1,"name":"Accueil","item":"https:\/\/ns381463.ip-94-23-248.eu\/GroupeOne2016\/wordpress\/"},{"@type":"ListItem","position":2,"name":"Nos projets","item":"https:\/\/ns381463.ip-94-23-248.eu\/GroupeOne2016\/wordpress\/nos-projets\/"},{"@type":"ListItem","position":3,"name":"Empreinte BW"}]},{"@type":"WebSite","@id":"https:\/\/ns381463.ip-94-23-248.eu\/GroupeOne2016\/wordpress\/#website","url":"https:\/\/ns381463.ip-94-23-248.eu\/GroupeOne2016\/wordpress\/","name":"Groupe One","description":"Groupe One est une organisation belge qui facilite la transition vers une \u00e9conomie durable. Elle est active \u00e0 Bruxelles et en Wallonie.","potentialAction":[{"@type":"SearchAction","target":{"@type":"EntryPoint","urlTemplate":"https:\/\/ns381463.ip-94-23-248.eu\/GroupeOne2016\/wordpress\/?s={search_term_string}"},"query-input":"required name=search_term_string"}],"inLanguage":"fr-FR"}]}},"_links":{"self":[{"href":"https:\/\/ns381463.ip-94-23-248.eu\/GroupeOne2016\/wordpress\/wp-json\/wp\/v2\/pages\/120946"}],"collection":[{"href":"https:\/\/ns381463.ip-94-23-248.eu\/GroupeOne2016\/wordpress\/wp-json\/wp\/v2\/pages"}],"about":[{"href":"https:\/\/ns381463.ip-94-23-248.eu\/GroupeOne2016\/wordpress\/wp-json\/wp\/v2\/types\/page"}],"author":[{"embeddable":true,"href":"https:\/\/ns381463.ip-94-23-248.eu\/GroupeOne2016\/wordpress\/wp-json\/wp\/v2\/users\/14"}],"replies":[{"embeddable":true,"href":"https:\/\/ns381463.ip-94-23-248.eu\/GroupeOne2016\/wordpress\/wp-json\/wp\/v2\/comments?post=120946"}],"version-history":[{"count":14,"href":"https:\/\/ns381463.ip-94-23-248.eu\/GroupeOne2016\/wordpress\/wp-json\/wp\/v2\/pages\/120946\/revisions"}],"predecessor-version":[{"id":124086,"href":"https:\/\/ns381463.ip-94-23-248.eu\/GroupeOne2016\/wordpress\/wp-json\/wp\/v2\/pages\/120946\/revisions\/124086"}],"up":[{"embeddable":true,"href":"https:\/\/ns381463.ip-94-23-248.eu\/GroupeOne2016\/wordpress\/wp-json\/wp\/v2\/pages\/119228"}],"wp:attachment":[{"href":"https:\/\/ns381463.ip-94-23-248.eu\/GroupeOne2016\/wordpress\/wp-json\/wp\/v2\/media?parent=120946"}],"curies":[{"name":"wp","href":"https:\/\/api.w.org\/{rel}","templated":true}]}}