{"id":118842,"date":"2017-10-25T17:26:40","date_gmt":"2017-10-25T15:26:40","guid":{"rendered":"https:\/\/ns381463.ip-94-23-248.eu\/GroupeOne2016\/wordpress\/?page_id=118842"},"modified":"2022-12-22T10:45:24","modified_gmt":"2022-12-22T09:45:24","slug":"equipe","status":"publish","type":"page","link":"https:\/\/ns381463.ip-94-23-248.eu\/GroupeOne2016\/wordpress\/equipe\/","title":{"rendered":"Equipe"},"content":{"rendered":"<p>[et_pb_section fb_built=&#8221;1&#8243; fullwidth=&#8221;on&#8221; disabled_on=&#8221;on|on|on&#8221; admin_label=&#8221;menu&#8221; module_id=&#8221;sectionFixedTop&#8221; _builder_version=&#8221;4.17.4&#8243; custom_margin=&#8221;||||false|false&#8221; custom_css_main_element=&#8221;position: fixed;||right: 0;||left: 0;||padding-bottom: 15px;||z-index: 99;&#8221; disabled=&#8221;on&#8221; global_module=&#8221;120274&#8243; locked=&#8221;off&#8221; global_colors_info=&#8221;{}&#8221;][et_pb_fullwidth_menu fullwidth_menu=&#8221;on&#8221; active_link_color=&#8221;#adbb39&#8243; dropdown_menu_bg_color=&#8221;#ffffff&#8221; dropdown_menu_line_color=&#8221;#adbb39&#8243; dropdown_menu_text_color=&#8221;#003957&#8243; mobile_menu_bg_color=&#8221;#ffffff&#8221; mobile_menu_text_color=&#8221;#003957&#8243; admin_label=&#8221;Menu plein \u00e9cran&#8221; module_id=&#8221;menu_full_custom&#8221; _builder_version=&#8221;4.16&#8243; _module_preset=&#8221;default&#8221; menu_font=&#8221;|700|||||||&#8221; menu_text_color=&#8221;#003957&#8243; menu_font_size=&#8221;15px&#8221; text_orientation=&#8221;right&#8221; global_colors_info=&#8221;{}&#8221;][\/et_pb_fullwidth_menu][\/et_pb_section][et_pb_section fb_built=&#8221;1&#8243; _builder_version=&#8221;4.18.0&#8243; _module_preset=&#8221;default&#8221; background_image=&#8221;https:\/\/ns381463.ip-94-23-248.eu\/GroupeOne2016\/wordpress\/wp-content\/uploads\/2022\/08\/equipe-groupe-one-scaled.jpg&#8221; global_colors_info=&#8221;{}&#8221;][et_pb_row _builder_version=&#8221;4.18.0&#8243; _module_preset=&#8221;default&#8221; global_colors_info=&#8221;{}&#8221;][et_pb_column type=&#8221;4_4&#8243; _builder_version=&#8221;4.18.0&#8243; _module_preset=&#8221;default&#8221; global_colors_info=&#8221;{}&#8221;][et_pb_text _builder_version=&#8221;4.19.2&#8243; _module_preset=&#8221;default&#8221; header_font=&#8221;Nunito|700||on|||||&#8221; header_text_align=&#8221;center&#8221; header_text_color=&#8221;#F9F9F9&#8243; header_font_size=&#8221;40px&#8221; background_color=&#8221;rgba(73,129,188,0.5)&#8221; max_width=&#8221;30%&#8221; module_alignment=&#8221;center&#8221; custom_margin=&#8221;100px||100px||false|false&#8221; hover_enabled=&#8221;0&#8243; global_colors_info=&#8221;{}&#8221; custom_padding=&#8221;15px||5px||false|false&#8221; sticky_enabled=&#8221;0&#8243;]<\/p>\n<h1>Notre \u00e9quipe<\/h1>\n<p>[\/et_pb_text][\/et_pb_column][\/et_pb_row][\/et_pb_section][et_pb_section fb_built=&#8221;1&#8243; fullwidth=&#8221;on&#8221; _builder_version=&#8221;4.18.0&#8243; _module_preset=&#8221;default&#8221; global_colors_info=&#8221;{}&#8221;][\/et_pb_section][et_pb_section fb_built=&#8221;1&#8243; _builder_version=&#8221;4.16&#8243; custom_padding=&#8221;35.6px|0px|0px|0px||&#8221; global_colors_info=&#8221;{}&#8221;][et_pb_row _builder_version=&#8221;4.16&#8243; custom_padding=&#8221;37.25px|0px|0px|0px&#8221; global_colors_info=&#8221;{}&#8221;][et_pb_column type=&#8221;4_4&#8243; _builder_version=&#8221;4.16&#8243; custom_padding=&#8221;|||&#8221; global_colors_info=&#8221;{}&#8221; custom_padding__hover=&#8221;|||&#8221;][et_pb_text admin_label=&#8221;Texte&#8221; _builder_version=&#8221;4.16&#8243; text_font=&#8221;||||||||&#8221; header_font=&#8221;||||||||&#8221; header_2_font=&#8221;H3 Tisa OT Medium 24||||||||&#8221; header_2_text_align=&#8221;center&#8221; header_2_font_size=&#8221;36px&#8221; header_2_line_height=&#8221;44px&#8221; custom_css_before=&#8221;content:url(https:\/\/ns381463.ip-94-23-248.eu\/GroupeOne2016\/wordpress\/wp-content\/uploads\/2017\/10\/IMG-ENTREPRENEURS-TITLE.png);||position: absolute;||left: 42%;||margin-left:-25px;||margin-top:-25px;&#8221; custom_css_main_element=&#8221;position:relative;&#8221; global_colors_info=&#8221;{}&#8221;]<\/p>\n<h2>Notre \u00e9quipe<\/h2>\n<p>[\/et_pb_text][et_pb_text _builder_version=&#8221;4.16&#8243; text_font=&#8221;Nunito||||||||&#8221; text_text_color=&#8221;#003957&#8243; text_font_size=&#8221;18px&#8221; global_colors_info=&#8221;{}&#8221;]<\/p>\n<p style=\"text-align: center;\">Nous sommes une \u00e9quipe multidisciplinaire et\u00a0motiv\u00e9e par le r\u00eave d\u2019une \u00e9conomie durable !<\/p>\n<p style=\"text-align: center;\">Nos coachs accompagnent les porteurs de projet :<br \/>&#8211; \u00e0 Bruxelles, au sein du <a href=\"http:\/\/www.villagepartenaire.com\/contact\/notre-equipe\/\">Village partenaire<\/a>, Guichet d\u2019\u00e9conomie locale de Saint-Gilles<br \/>&#8211; \u00e0 Braine-le-Comte, au sein de <a href=\"https:\/\/www.creo-asbl.be\/\">l\u2019asbl CREO<\/a>, Service d\u2019accompagnement \u00e0 la cr\u00e9ation d\u2019entreprise<\/p>\n<p style=\"text-align: center;\">[\/et_pb_text][\/et_pb_column][\/et_pb_row][\/et_pb_section][et_pb_section fb_built=&#8221;1&#8243; _builder_version=&#8221;4.16&#8243; custom_padding=&#8221;0px|0px|74.6px|0px&#8221; global_colors_info=&#8221;{}&#8221;][et_pb_row _builder_version=&#8221;4.16&#8243; custom_padding=&#8221;0px|0px|37.3px|0px&#8221; global_colors_info=&#8221;{}&#8221;][et_pb_column type=&#8221;4_4&#8243; _builder_version=&#8221;4.16&#8243; custom_padding=&#8221;|||&#8221; global_colors_info=&#8221;{}&#8221; custom_padding__hover=&#8221;|||&#8221;][et_pb_text _builder_version=&#8221;4.16&#8243; _module_preset=&#8221;default&#8221; global_colors_info=&#8221;{}&#8221;]<\/p>\n<p>[gsteam id=3]<\/p>\n<div id=\"gtx-trans\" style=\"position: absolute; left: 650px; top: 71px;\">\n<div class=\"gtx-trans-icon\"><\/div>\n<\/div>\n<p>[\/et_pb_text][\/et_pb_column][\/et_pb_row][et_pb_row _builder_version=&#8221;4.16&#8243; global_colors_info=&#8221;{}&#8221;][et_pb_column type=&#8221;4_4&#8243; _builder_version=&#8221;4.16&#8243; custom_padding=&#8221;|||&#8221; global_colors_info=&#8221;{}&#8221; custom_padding__hover=&#8221;|||&#8221;][et_pb_text _builder_version=&#8221;4.16&#8243; text_font=&#8221;|300|||||||&#8221; header_font=&#8221;||||||||&#8221; header_2_font=&#8221;H3 Tisa OT Medium 24|500|||||||&#8221; header_2_font_size=&#8221;36px&#8221; custom_padding=&#8221;|||20px&#8221; custom_css_after=&#8221;content:url(%22https:\/\/ns381463.ip-94-23-248.eu\/GroupeOne2016\/wordpress\/wp-content\/uploads\/2017\/10\/TITLE-AFTER.png%22);||positiion:absolute;||margin-left:-40px;&#8221; global_colors_info=&#8221;{}&#8221;]<\/p>\n<h2>Conseil d&#8217;Administration<\/h2>\n<p>[\/et_pb_text][et_pb_text _builder_version=&#8221;4.17.4&#8243; text_font=&#8221;||||||||&#8221; text_font_size=&#8221;18px&#8221; text_line_height=&#8221;30px&#8221; custom_margin=&#8221;|||30px&#8221; custom_padding=&#8221;||0px|||&#8221; global_colors_info=&#8221;{}&#8221;]<\/p>\n<p><span style=\"font-size: 18px;\">L\u2019ASBL Groupe One est administr\u00e9e par un Conseil d\u2019Administration compos\u00e9 de 4 membres :\u00a0<\/span><\/p>\n<p><span style=\"font-size: small;\">Pierre\u00a0 BUFFET (Pr\u00e9sident)<\/span><\/p>\n<p><span style=\"font-size: small;\">Christine\u00a0 JEAN<\/span><\/p>\n<p><span style=\"font-size: small;\">Julie\u00a0 DEGOSSELY<\/span><\/p>\n<p><span style=\"font-size: small;\">Xavier\u00a0 DEHAN<\/span><\/p>\n<p>[\/et_pb_text][et_pb_button _builder_version=&#8221;4.16&#8243; global_colors_info=&#8221;{}&#8221; button_text_size__hover_enabled=&#8221;off&#8221; button_one_text_size__hover_enabled=&#8221;off&#8221; button_two_text_size__hover_enabled=&#8221;off&#8221; button_text_color__hover_enabled=&#8221;off&#8221; button_one_text_color__hover_enabled=&#8221;off&#8221; button_two_text_color__hover_enabled=&#8221;off&#8221; button_border_width__hover_enabled=&#8221;off&#8221; button_one_border_width__hover_enabled=&#8221;off&#8221; button_two_border_width__hover_enabled=&#8221;off&#8221; button_border_color__hover_enabled=&#8221;off&#8221; button_one_border_color__hover_enabled=&#8221;off&#8221; button_two_border_color__hover_enabled=&#8221;off&#8221; button_border_radius__hover_enabled=&#8221;off&#8221; button_one_border_radius__hover_enabled=&#8221;off&#8221; button_two_border_radius__hover_enabled=&#8221;off&#8221; button_letter_spacing__hover_enabled=&#8221;off&#8221; button_one_letter_spacing__hover_enabled=&#8221;off&#8221; button_two_letter_spacing__hover_enabled=&#8221;off&#8221; button_bg_color__hover_enabled=&#8221;off&#8221; button_one_bg_color__hover_enabled=&#8221;off&#8221; button_two_bg_color__hover_enabled=&#8221;off&#8221;][\/et_pb_button][\/et_pb_column][\/et_pb_row][\/et_pb_section][et_pb_section fb_built=&#8221;1&#8243; custom_padding_last_edited=&#8221;on|phone&#8221; disabled_on=&#8221;on|on|off&#8221; admin_label=&#8221;newsletter&#8221; _builder_version=&#8221;4.10.8&#8243; background_image=&#8221;https:\/\/ns381463.ip-94-23-248.eu\/GroupeOne2016\/wordpress\/wp-content\/uploads\/2017\/10\/BG-INFOLETTRE-ALL-ELEMENTS.png&#8221; custom_padding=&#8221;0px|0px|0px|0px&#8221; custom_padding_tablet=&#8221;|||0px&#8221; custom_padding_phone=&#8221;&#8221; global_module=&#8221;119058&#8243; saved_tabs=&#8221;all&#8221; locked=&#8221;off&#8221; global_colors_info=&#8221;{}&#8221;][et_pb_row _builder_version=&#8221;4.16&#8243; custom_css_main_element=&#8221;display: -webkit-box;||display: -ms-flexbox;||display: flex;||-webkit-box-align: center;||-ms-flex-align: center;||align-items: center;||-webkit-box-orient: horizontal;||-webkit-box-direction: normal;||-ms-flex-direction: row;||flex-direction: row;||-ms-flex-wrap: wrap;||flex-wrap: wrap;&#8221; global_colors_info=&#8221;{}&#8221;][et_pb_column type=&#8221;4_4&#8243; _builder_version=&#8221;4.16&#8243; custom_padding=&#8221;|||&#8221; global_colors_info=&#8221;{}&#8221; custom_padding__hover=&#8221;|||&#8221;][et_pb_cta title=&#8221;Abonnez-vous \u00e0 la newsletter de l&#8217;entrepreneuriat durable&#8221; button_url=&#8221;http:\/\/eepurl.com\/deLILL&#8221; url_new_window=&#8221;on&#8221; button_text=&#8221;S&#8217;inscrire&#8221; _builder_version=&#8221;4.16&#8243; use_background_color=&#8221;off&#8221; custom_button=&#8221;on&#8221; button_text_size=&#8221;18px&#8221; button_bg_color=&#8221;#adbb39&#8243; button_border_width=&#8221;0px&#8221; button_border_radius=&#8221;100px&#8221; button_font=&#8221;Nunito|300|||||||&#8221; button_use_icon=&#8221;off&#8221; button_alignment=&#8221;center&#8221; custom_padding=&#8221;|||&#8221; custom_css_promo_button=&#8221;padding:10px !important;||width:200px;&#8221; button_border_radius_hover=&#8221;100px&#8221; global_colors_info=&#8221;{}&#8221; button_text_size__hover_enabled=&#8221;off&#8221; button_one_text_size__hover_enabled=&#8221;off&#8221; button_two_text_size__hover_enabled=&#8221;off&#8221; button_text_color__hover_enabled=&#8221;off&#8221; button_one_text_color__hover_enabled=&#8221;off&#8221; button_two_text_color__hover_enabled=&#8221;off&#8221; button_border_width__hover_enabled=&#8221;off&#8221; button_one_border_width__hover_enabled=&#8221;off&#8221; button_two_border_width__hover_enabled=&#8221;off&#8221; button_border_color__hover_enabled=&#8221;off&#8221; button_one_border_color__hover_enabled=&#8221;off&#8221; button_two_border_color__hover_enabled=&#8221;off&#8221; button_border_radius__hover_enabled=&#8221;on&#8221; button_border_radius__hover=&#8221;100px&#8221; button_one_border_radius__hover_enabled=&#8221;off&#8221; button_two_border_radius__hover_enabled=&#8221;off&#8221; button_letter_spacing__hover_enabled=&#8221;off&#8221; button_one_letter_spacing__hover_enabled=&#8221;off&#8221; button_two_letter_spacing__hover_enabled=&#8221;off&#8221; button_bg_color__hover_enabled=&#8221;off&#8221; button_one_bg_color__hover_enabled=&#8221;off&#8221; button_two_bg_color__hover_enabled=&#8221;off&#8221;][\/et_pb_cta][\/et_pb_column][\/et_pb_row][\/et_pb_section][et_pb_section fb_built=&#8221;1&#8243; disabled_on=&#8221;on|on|on&#8221; admin_label=&#8221;footer&#8221; _builder_version=&#8221;4.4.2&#8243; custom_padding=&#8221;76.1875px|0px|0px|0px&#8221; disabled=&#8221;on&#8221; global_module=&#8221;121660&#8243; saved_tabs=&#8221;all&#8221; locked=&#8221;off&#8221; global_colors_info=&#8221;{}&#8221;][et_pb_row column_structure=&#8221;1_4,1_4,1_4,1_4&#8243; _builder_version=&#8221;4.16&#8243; custom_padding=&#8221;38.0938px|0px|0px|0px&#8221; global_colors_info=&#8221;{}&#8221;][et_pb_column type=&#8221;1_4&#8243; _builder_version=&#8221;4.16&#8243; custom_padding=&#8221;|||&#8221; global_colors_info=&#8221;{}&#8221; custom_padding__hover=&#8221;|||&#8221;][et_pb_blurb title=&#8221;Nous suivre&#8221; _builder_version=&#8221;4.16&#8243; header_font=&#8221;|600||on|||||&#8221; header_font_size=&#8221;14px&#8221; body_font=&#8221;||||||||&#8221; body_font_size=&#8221;13px&#8221; global_colors_info=&#8221;{}&#8221;]<\/p>\n<div class=\"textwidget custom-html-widget\">\n<p>Groupe One est la premi\u00e8re organisation d\u00e9di\u00e9e \u00e0 l&#8217;entrepreneuriat durable en Belgique francophone.<\/p>\n<\/div>\n<p>[\/et_pb_blurb][et_pb_image src=&#8221;https:\/\/ns381463.ip-94-23-248.eu\/GroupeOne2016\/wordpress\/wp-content\/uploads\/2017\/12\/facebook.png&#8221; url=&#8221;https:\/\/www.facebook.com\/GroupeOneBelgium\/&#8221; url_new_window=&#8221;on&#8221; align_tablet=&#8221;center&#8221; align_phone=&#8221;&#8221; align_last_edited=&#8221;on|desktop&#8221; module_class=&#8221;facebook-menu&#8221; _builder_version=&#8221;4.16&#8243; global_colors_info=&#8221;{}&#8221;][\/et_pb_image][\/et_pb_column][et_pb_column type=&#8221;1_4&#8243; _builder_version=&#8221;4.16&#8243; custom_padding=&#8221;|||&#8221; global_colors_info=&#8221;{}&#8221; custom_padding__hover=&#8221;|||&#8221;][et_pb_blurb title=&#8221;Services&#8221; admin_label=&#8221;R\u00e9sum\u00e9&#8221; module_class=&#8221;blurb-footer&#8221; _builder_version=&#8221;4.16&#8243; header_font=&#8221;|600||on|||||&#8221; header_font_size=&#8221;14px&#8221; body_font=&#8221;||||||||&#8221; body_text_color=&#8221;#003957&#8243; body_font_size=&#8221;13px&#8221; locked=&#8221;off&#8221; global_colors_info=&#8221;{}&#8221;]<\/p>\n<p><a href=\"https:\/\/ns381463.ip-94-23-248.eu\/GroupeOne2016\/wordpress\/index.php\/creation\/\">Cr\u00e9er son entreprise<\/a><br \/><a href=\"https:\/\/ns381463.ip-94-23-248.eu\/GroupeOne2016\/wordpress\/index.php\/post-creation\/\">G\u00e9rer durablement<\/a><br \/><a href=\"https:\/\/ns381463.ip-94-23-248.eu\/GroupeOne2016\/wordpress\/index.php\/jeunes\/\">Jeunes<\/a><br \/><a href=\"https:\/\/ns381463.ip-94-23-248.eu\/GroupeOne2016\/wordpress\/index.php\/structure-daccompagnement\/\">Structures d&#8217;accompagnement<\/a><br \/><a href=\"https:\/\/ns381463.ip-94-23-248.eu\/GroupeOne2016\/wordpress\/index.php\/territoires\/\">Territoires<\/a><\/p>\n<p>[\/et_pb_blurb][\/et_pb_column][et_pb_column type=&#8221;1_4&#8243; _builder_version=&#8221;4.16&#8243; custom_padding=&#8221;|||&#8221; global_colors_info=&#8221;{}&#8221; custom_padding__hover=&#8221;|||&#8221;][et_pb_blurb title=&#8221;\u00c0 propos&#8221; module_class=&#8221;blurb-footer&#8221; _builder_version=&#8221;4.16&#8243; header_font=&#8221;|600||on|||||&#8221; header_font_size=&#8221;14px&#8221; body_font=&#8221;||||||||&#8221; body_text_color=&#8221;#003957&#8243; body_font_size=&#8221;13px&#8221; locked=&#8221;off&#8221; global_colors_info=&#8221;{}&#8221;]<\/p>\n<p><a href=\"https:\/\/ns381463.ip-94-23-248.eu\/GroupeOne2016\/wordpress\/index.php\/qui-sommes-nous\/\">Qui sommes-nous ?<\/a><br \/><a href=\"https:\/\/ns381463.ip-94-23-248.eu\/GroupeOne2016\/wordpress\/index.php\/entrepreneuriat-durable\/\">Entrepreneuriat durable<\/a><br \/><a href=\"https:\/\/ns381463.ip-94-23-248.eu\/GroupeOne2016\/wordpress\/index.php\/nos-projets\/\">Nos projets<br \/><\/a><a href=\"https:\/\/ns381463.ip-94-23-248.eu\/GroupeOne2016\/wordpress\/index.php\/equipe\/\">L&#8217;\u00e9quipe<\/a><br \/><a href=\"https:\/\/ns381463.ip-94-23-248.eu\/GroupeOne2016\/wordpress\/index.php\/nos-rapports-dactivites\/\">Nos rapports d&#8217;activit\u00e9<\/a><br \/><a href=\"https:\/\/ns381463.ip-94-23-248.eu\/GroupeOne2016\/wordpress\/index.php\/jobs\/\">Nous rejoindre<\/a><\/p>\n<p>[\/et_pb_blurb][\/et_pb_column][et_pb_column type=&#8221;1_4&#8243; _builder_version=&#8221;4.16&#8243; custom_padding=&#8221;|||&#8221; global_colors_info=&#8221;{}&#8221; custom_padding__hover=&#8221;|||&#8221;][et_pb_image src=&#8221;https:\/\/ns381463.ip-94-23-248.eu\/GroupeOne2016\/wordpress\/wp-content\/uploads\/2019\/05\/G1-1.jpg&#8221; align_tablet=&#8221;center&#8221; align_phone=&#8221;&#8221; align_last_edited=&#8221;on|desktop&#8221; _builder_version=&#8221;4.16&#8243; max_width=&#8221;70%&#8221; global_colors_info=&#8221;{}&#8221;][\/et_pb_image][\/et_pb_column][\/et_pb_row][et_pb_row _builder_version=&#8221;4.16&#8243; max_width=&#8221;80%&#8221; custom_margin=&#8221;0px||0px|50px&#8221; custom_padding=&#8221;0px|0px|0px|0px&#8221; use_custom_width=&#8221;on&#8221; width_unit=&#8221;off&#8221; global_colors_info=&#8221;{}&#8221;][et_pb_column type=&#8221;4_4&#8243; _builder_version=&#8221;4.16&#8243; custom_padding=&#8221;|||&#8221; global_colors_info=&#8221;{}&#8221; custom_padding__hover=&#8221;|||&#8221;][et_pb_text _builder_version=&#8221;4.16&#8243; module_alignment=&#8221;left&#8221; custom_margin=&#8221;0px||0px|0px&#8221; custom_padding=&#8221;0px||0px|0px&#8221; global_colors_info=&#8221;{}&#8221;]<\/p>\n<div id=\"page-container\" class=\"et-animated-content\">\n<div id=\"et-main-area\">\n<footer id=\"main-footer\">\n<div id=\"footer-bottom\">\n<div class=\"container clearfix\">\n<div id=\"footer-info\">\u00a9 GROUPE ONE 2017 &#8211; All Rights Reserved. Developped by <a title=\"Site Sense Brussels\" href=\"https:\/\/www.sense-agency.eu\" target=\"_blank\" rel=\"noopener noreferrer\">Sense Brussels SCRL<\/a>\u00a0&amp; Design by\u00a0<a href=\"https:\/\/www.kern-it.be\/\">KERN-IT<\/a>\u00a0|\u00a0<a title=\"Mentions l\u00e9gales\" href=\"https:\/\/ns381463.ip-94-23-248.eu\/GroupeOne2016\/wordpress\/index.php\/mentions-legales\/\" target=\"_blank\" rel=\"noopener noreferrer\">Mentions l\u00e9gales<\/a>\u00a0|\u00a0<a href=\"https:\/\/ns381463.ip-94-23-248.eu\/GroupeOne2016\/wordpress\/index.php\/contact\/\">Contact<\/a>\u00a0|<\/div>\n<\/div>\n<\/div>\n<\/footer>\n<\/div>\n<\/div>\n<div id=\"wpadminbar\">\u00a0<\/div>\n<p>[\/et_pb_text][\/et_pb_column][\/et_pb_row][\/et_pb_section]<\/p>\n","protected":false},"excerpt":{"rendered":"<p>Notre \u00e9quipeNotre \u00e9quipe Nous sommes une \u00e9quipe multidisciplinaire et\u00a0motiv\u00e9e par le r\u00eave d\u2019une \u00e9conomie durable ! Nos coachs accompagnent les porteurs de projet :- \u00e0 Bruxelles, au sein du Village [&hellip;]<\/p>\n","protected":false},"author":14,"featured_media":0,"parent":0,"menu_order":0,"comment_status":"closed","ping_status":"closed","template":"","meta":{"_et_pb_use_builder":"on","_et_pb_old_content":"","_et_gb_content_width":""},"yoast_head":"<!-- This site is optimized with the Yoast SEO plugin v19.13 - https:\/\/yoast.com\/wordpress\/plugins\/seo\/ -->\n<title>Equipe - Groupe One<\/title>\n<meta name=\"robots\" content=\"index, follow, max-snippet:-1, max-image-preview:large, max-video-preview:-1\" \/>\n<link rel=\"canonical\" href=\"https:\/\/ns381463.ip-94-23-248.eu\/GroupeOne2016\/wordpress\/equipe\/\" \/>\n<meta property=\"og:locale\" content=\"fr_FR\" \/>\n<meta property=\"og:type\" content=\"article\" \/>\n<meta property=\"og:title\" content=\"Equipe - Groupe One\" \/>\n<meta property=\"og:description\" content=\"Notre \u00e9quipeNotre \u00e9quipe Nous sommes une \u00e9quipe multidisciplinaire et\u00a0motiv\u00e9e par le r\u00eave d\u2019une \u00e9conomie durable ! Nos coachs accompagnent les porteurs de projet :- \u00e0 Bruxelles, au sein du Village [&hellip;]\" \/>\n<meta property=\"og:url\" content=\"https:\/\/ns381463.ip-94-23-248.eu\/GroupeOne2016\/wordpress\/equipe\/\" \/>\n<meta property=\"og:site_name\" content=\"Groupe One\" \/>\n<meta property=\"article:modified_time\" content=\"2022-12-22T09:45:24+00:00\" \/>\n<meta name=\"twitter:card\" content=\"summary_large_image\" \/>\n<meta name=\"twitter:label1\" content=\"Dur\u00e9e de lecture estim\u00e9e\" \/>\n\t<meta name=\"twitter:data1\" content=\"3 minutes\" \/>\n<script type=\"application\/ld+json\" class=\"yoast-schema-graph\">{\"@context\":\"https:\/\/schema.org\",\"@graph\":[{\"@type\":\"WebPage\",\"@id\":\"https:\/\/ns381463.ip-94-23-248.eu\/GroupeOne2016\/wordpress\/equipe\/\",\"url\":\"https:\/\/ns381463.ip-94-23-248.eu\/GroupeOne2016\/wordpress\/equipe\/\",\"name\":\"Equipe - Groupe One\",\"isPartOf\":{\"@id\":\"https:\/\/ns381463.ip-94-23-248.eu\/GroupeOne2016\/wordpress\/#website\"},\"datePublished\":\"2017-10-25T15:26:40+00:00\",\"dateModified\":\"2022-12-22T09:45:24+00:00\",\"breadcrumb\":{\"@id\":\"https:\/\/ns381463.ip-94-23-248.eu\/GroupeOne2016\/wordpress\/equipe\/#breadcrumb\"},\"inLanguage\":\"fr-FR\",\"potentialAction\":[{\"@type\":\"ReadAction\",\"target\":[\"https:\/\/ns381463.ip-94-23-248.eu\/GroupeOne2016\/wordpress\/equipe\/\"]}]},{\"@type\":\"BreadcrumbList\",\"@id\":\"https:\/\/ns381463.ip-94-23-248.eu\/GroupeOne2016\/wordpress\/equipe\/#breadcrumb\",\"itemListElement\":[{\"@type\":\"ListItem\",\"position\":1,\"name\":\"Accueil\",\"item\":\"https:\/\/ns381463.ip-94-23-248.eu\/GroupeOne2016\/wordpress\/\"},{\"@type\":\"ListItem\",\"position\":2,\"name\":\"Equipe\"}]},{\"@type\":\"WebSite\",\"@id\":\"https:\/\/ns381463.ip-94-23-248.eu\/GroupeOne2016\/wordpress\/#website\",\"url\":\"https:\/\/ns381463.ip-94-23-248.eu\/GroupeOne2016\/wordpress\/\",\"name\":\"Groupe One\",\"description\":\"Groupe One est une organisation belge qui facilite la transition vers une \u00e9conomie durable. Elle est active \u00e0 Bruxelles et en Wallonie.\",\"potentialAction\":[{\"@type\":\"SearchAction\",\"target\":{\"@type\":\"EntryPoint\",\"urlTemplate\":\"https:\/\/ns381463.ip-94-23-248.eu\/GroupeOne2016\/wordpress\/?s={search_term_string}\"},\"query-input\":\"required name=search_term_string\"}],\"inLanguage\":\"fr-FR\"}]}<\/script>\n<!-- \/ Yoast SEO plugin. -->","yoast_head_json":{"title":"Equipe - Groupe One","robots":{"index":"index","follow":"follow","max-snippet":"max-snippet:-1","max-image-preview":"max-image-preview:large","max-video-preview":"max-video-preview:-1"},"canonical":"https:\/\/ns381463.ip-94-23-248.eu\/GroupeOne2016\/wordpress\/equipe\/","og_locale":"fr_FR","og_type":"article","og_title":"Equipe - Groupe One","og_description":"Notre \u00e9quipeNotre \u00e9quipe Nous sommes une \u00e9quipe multidisciplinaire et\u00a0motiv\u00e9e par le r\u00eave d\u2019une \u00e9conomie durable ! Nos coachs accompagnent les porteurs de projet :- \u00e0 Bruxelles, au sein du Village [&hellip;]","og_url":"https:\/\/ns381463.ip-94-23-248.eu\/GroupeOne2016\/wordpress\/equipe\/","og_site_name":"Groupe One","article_modified_time":"2022-12-22T09:45:24+00:00","twitter_card":"summary_large_image","twitter_misc":{"Dur\u00e9e de lecture estim\u00e9e":"3 minutes"},"schema":{"@context":"https:\/\/schema.org","@graph":[{"@type":"WebPage","@id":"https:\/\/ns381463.ip-94-23-248.eu\/GroupeOne2016\/wordpress\/equipe\/","url":"https:\/\/ns381463.ip-94-23-248.eu\/GroupeOne2016\/wordpress\/equipe\/","name":"Equipe - Groupe One","isPartOf":{"@id":"https:\/\/ns381463.ip-94-23-248.eu\/GroupeOne2016\/wordpress\/#website"},"datePublished":"2017-10-25T15:26:40+00:00","dateModified":"2022-12-22T09:45:24+00:00","breadcrumb":{"@id":"https:\/\/ns381463.ip-94-23-248.eu\/GroupeOne2016\/wordpress\/equipe\/#breadcrumb"},"inLanguage":"fr-FR","potentialAction":[{"@type":"ReadAction","target":["https:\/\/ns381463.ip-94-23-248.eu\/GroupeOne2016\/wordpress\/equipe\/"]}]},{"@type":"BreadcrumbList","@id":"https:\/\/ns381463.ip-94-23-248.eu\/GroupeOne2016\/wordpress\/equipe\/#breadcrumb","itemListElement":[{"@type":"ListItem","position":1,"name":"Accueil","item":"https:\/\/ns381463.ip-94-23-248.eu\/GroupeOne2016\/wordpress\/"},{"@type":"ListItem","position":2,"name":"Equipe"}]},{"@type":"WebSite","@id":"https:\/\/ns381463.ip-94-23-248.eu\/GroupeOne2016\/wordpress\/#website","url":"https:\/\/ns381463.ip-94-23-248.eu\/GroupeOne2016\/wordpress\/","name":"Groupe One","description":"Groupe One est une organisation belge qui facilite la transition vers une \u00e9conomie durable. Elle est active \u00e0 Bruxelles et en Wallonie.","potentialAction":[{"@type":"SearchAction","target":{"@type":"EntryPoint","urlTemplate":"https:\/\/ns381463.ip-94-23-248.eu\/GroupeOne2016\/wordpress\/?s={search_term_string}"},"query-input":"required name=search_term_string"}],"inLanguage":"fr-FR"}]}},"_links":{"self":[{"href":"https:\/\/ns381463.ip-94-23-248.eu\/GroupeOne2016\/wordpress\/wp-json\/wp\/v2\/pages\/118842"}],"collection":[{"href":"https:\/\/ns381463.ip-94-23-248.eu\/GroupeOne2016\/wordpress\/wp-json\/wp\/v2\/pages"}],"about":[{"href":"https:\/\/ns381463.ip-94-23-248.eu\/GroupeOne2016\/wordpress\/wp-json\/wp\/v2\/types\/page"}],"author":[{"embeddable":true,"href":"https:\/\/ns381463.ip-94-23-248.eu\/GroupeOne2016\/wordpress\/wp-json\/wp\/v2\/users\/14"}],"replies":[{"embeddable":true,"href":"https:\/\/ns381463.ip-94-23-248.eu\/GroupeOne2016\/wordpress\/wp-json\/wp\/v2\/comments?post=118842"}],"version-history":[{"count":68,"href":"https:\/\/ns381463.ip-94-23-248.eu\/GroupeOne2016\/wordpress\/wp-json\/wp\/v2\/pages\/118842\/revisions"}],"predecessor-version":[{"id":131934,"href":"https:\/\/ns381463.ip-94-23-248.eu\/GroupeOne2016\/wordpress\/wp-json\/wp\/v2\/pages\/118842\/revisions\/131934"}],"wp:attachment":[{"href":"https:\/\/ns381463.ip-94-23-248.eu\/GroupeOne2016\/wordpress\/wp-json\/wp\/v2\/media?parent=118842"}],"curies":[{"name":"wp","href":"https:\/\/api.w.org\/{rel}","templated":true}]}}